{"id":28789,"date":"2021-02-21T15:59:42","date_gmt":"2021-02-21T15:59:42","guid":{"rendered":"https:\/\/www.autonvaraosahaku.fi\/?product=febi-bilstein-01939-jaahdytysnesteen-lampotila-anturi"},"modified":"2021-02-21T15:59:44","modified_gmt":"2021-02-21T15:59:44","slug":"febi-bilstein-01939-jaahdytysnesteen-lampotila-anturi","status":"publish","type":"product","link":"https:\/\/www.autonvaraosahaku.fi\/?product=febi-bilstein-01939-jaahdytysnesteen-lampotila-anturi","title":{"rendered":"FEBI BILSTEIN 01939 J\u00e4\u00e4hdytysnesteen l\u00e4mp\u00f6tila anturi"},"content":{"rendered":"<p>L\u00e4mp\u00f6alue alkaen [\u00b0C]: 0; L\u00e4mp\u00f6tila-alue korkeintaan [\u00b0C]: 125; Pituus (mm): 25,25; Ulkokierre [mm]: M10 x 1; Kierteen pituus (mm): 10,9; Avainv\u00e4li: 14; Liittimi\u00e4: 1; V\u00e4rimerkint\u00e4: Musta, Musta; Paino [kg]: 0,012, 0,012; Valmistusvuosi alkaen: 01\/1988; VW: GOLF III 1H1,GOLF II 19E, 1G1,PASSAT Variant 3A5, 35I,GOLF I Cabriolet 155,GOLF III Cabriolet 1E7,GOLF Mk III Cabriolet 1E7,GOLF III Variant 1H5,POLO 86C, 80,PASSAT 3A2, 35I,CORRADO 53I,SCIROCCO 53B,VENTO 1H2,LT 28-35 I Kasten 281-363,GOLF I 17,LT 28-35 I Bus 281-363,CADDY I 14,JETTA II 19E, 1G2, 165,PASSAT Variant 32B,LT 28-35 I Pritsche\/Fahrgestell 281-363,PASSAT 32B,LT 40-55 I Pritsche\/Fahrgestell 293-909,POLO 86,JETTA I 16,DERBY 86C, 80,POLO Kasten 86CF,PASSAT 32,LT 40-55 I Kasten 291-512,DERBY 86,PASSAT Stufenheck 32B,SANTANA 32B,GOLF II Van 19E, 1G1,GOLF III Van 1H1; AUDI: 80 89, 89Q, 8A, B3,100 4A, C4,100 44, 44Q, C3,80 81, 85, B2,100 Avant 4A, C4,90 89, 89Q, 8A, B3,100 Avant 44, 44Q, C3,COUPE 81, 85,200 44, 44Q,80 80, 82, B1,90 81, 85, B2,200 Avant 44, 44Q; SEAT: ALHAMBRA 7V8, 7V9,TOLEDO I 1L; 027919501, 049919501, 049919501A, 175919501, 27919501, 49919501, 49919501A, 027919501, 049919501, 175919501, 27919501, 49919501, 027919501, 049919501, 049919501A, 175919501, 27919501, 49919501, 49919501A; J\u00e4\u00e4hdytysnestel\u00e4mp\u00f6tilan Sensori<\/p>\n","protected":false},"excerpt":{"rendered":"<p>FEBI BILSTEIN J\u00e4\u00e4hdytysnesteen L\u00e4mp\u00f6tila Anturi 01939 J\u00e4\u00e4hdytysnestel\u00e4mp\u00f6tilan Sensori VW,AUDI,SEAT,GOLF III 1H1,GOLF II 19E, 1G1<\/p>\n","protected":false},"featured_media":0,"template":"","meta":{"site-sidebar-layout":"default","site-content-layout":"default","ast-global-header-display":"","ast-main-header-display":"","ast-hfb-above-header-display":"","ast-hfb-below-header-display":"","ast-hfb-mobile-header-display":"","site-post-title":"","ast-breadcrumbs-content":"","ast-featured-img":"","footer-sml-layout":"","theme-transparent-header-meta":"","adv-header-id-meta":"","stick-header-meta":"","header-above-stick-meta":"","header-main-stick-meta":"","header-below-stick-meta":""},"pwb-brand":[50],"product_cat":[200],"product_tag":[],"class_list":{"0":"post-28789","1":"product","2":"type-product","3":"status-publish","5":"pwb-brand-febi-bilstein","6":"product_cat-jaahdytysnesteen-lampotila-anturi","7":"desktop-align-left","8":"tablet-align-left","9":"mobile-align-left","11":"first","12":"instock","13":"product-type-external"},"brands":[{"id":50,"name":"FEBI BILSTEIN","slug":"febi-bilstein"}],"_links":{"self":[{"href":"https:\/\/www.autonvaraosahaku.fi\/index.php?rest_route=\/wp\/v2\/product\/28789","targetHints":{"allow":["GET"]}}],"collection":[{"href":"https:\/\/www.autonvaraosahaku.fi\/index.php?rest_route=\/wp\/v2\/product"}],"about":[{"href":"https:\/\/www.autonvaraosahaku.fi\/index.php?rest_route=\/wp\/v2\/types\/product"}],"wp:attachment":[{"href":"https:\/\/www.autonvaraosahaku.fi\/index.php?rest_route=%2Fwp%2Fv2%2Fmedia&parent=28789"}],"wp:term":[{"taxonomy":"pwb-brand","embeddable":true,"href":"https:\/\/www.autonvaraosahaku.fi\/index.php?rest_route=%2Fwp%2Fv2%2Fpwb-brand&post=28789"},{"taxonomy":"product_cat","embeddable":true,"href":"https:\/\/www.autonvaraosahaku.fi\/index.php?rest_route=%2Fwp%2Fv2%2Fproduct_cat&post=28789"},{"taxonomy":"product_tag","embeddable":true,"href":"https:\/\/www.autonvaraosahaku.fi\/index.php?rest_route=%2Fwp%2Fv2%2Fproduct_tag&post=28789"}],"curies":[{"name":"wp","href":"https:\/\/api.w.org\/{rel}","templated":true}]}}