{"id":28885,"date":"2021-02-21T16:00:06","date_gmt":"2021-02-21T16:00:06","guid":{"rendered":"https:\/\/www.autonvaraosahaku.fi\/?product=brembo-s-23-530-jarrukengat"},"modified":"2021-02-21T16:00:07","modified_gmt":"2021-02-21T16:00:07","slug":"brembo-s-23-530-jarrukengat","status":"publish","type":"product","link":"https:\/\/www.autonvaraosahaku.fi\/?product=brembo-s-23-530-jarrukengat","title":{"rendered":"BREMBO S 23 530 Jarrukeng\u00e4t"},"content":{"rendered":"<p>L\u00e4pimitta [mm]: 203,2; Leveys (mm): 38; Jarruj\u00e4rjestelm\u00e4: AP Lockheed; Korvaava tuote\/korvaava tiedote 2: Seisontajarrukahvalla; Asennuspuoli: Hinterachse; OPEL: CORSA D,CORSA D Van; LANCIA: MUSA 350,YPSILON 312, 846; FIAT: GRANDE PUNTO 199,PUNTO 188,PANDA 169,PUNTO EVO 199,IDEA,PANDA 312,QUBO 225,FIORINO Kasten\/Kombi 225,PANDA VAN 312; CITRO\u00cbN: NEMO Kasten AA_,NEMO Kombi; PEUGEOT: BIPPER AA_,BIPPER Tepee; VAUXHALL: CORSA Mk III D L_8; 4141P3, 4241N7, 4241P3, 4251P3, 59116729, 7087520, 7364744, 77363855, 77364744, 77364817, 77366054, 77366796, 77366797, 77367394, 77367395, 93168956, 1605107, 1605289, 1605458, 93189993, 95517922, 91065300; Jarrukenk\u00e4sarja<\/p>\n","protected":false},"excerpt":{"rendered":"<p>BREMBO Jarrukeng\u00e4t S 23 530 Jarrukenk\u00e4sarja OPEL,LANCIA,FIAT,CORSA D,CORSA D Van,MUSA 350,YPSILON 312, 846,GRANDE PUNTO 199,PUNTO 188,PANDA 169<\/p>\n","protected":false},"featured_media":0,"template":"","meta":{"site-sidebar-layout":"default","site-content-layout":"default","ast-global-header-display":"","ast-main-header-display":"","ast-hfb-above-header-display":"","ast-hfb-below-header-display":"","ast-hfb-mobile-header-display":"","site-post-title":"","ast-breadcrumbs-content":"","ast-featured-img":"","footer-sml-layout":"","theme-transparent-header-meta":"","adv-header-id-meta":"","stick-header-meta":"","header-above-stick-meta":"","header-main-stick-meta":"","header-below-stick-meta":""},"pwb-brand":[146],"product_cat":[176],"product_tag":[],"class_list":{"0":"post-28885","1":"product","2":"type-product","3":"status-publish","5":"pwb-brand-brembo","6":"product_cat-jarrukengat","7":"desktop-align-left","8":"tablet-align-left","9":"mobile-align-left","11":"first","12":"instock","13":"product-type-external"},"brands":[{"id":146,"name":"BREMBO","slug":"brembo"}],"_links":{"self":[{"href":"https:\/\/www.autonvaraosahaku.fi\/index.php?rest_route=\/wp\/v2\/product\/28885","targetHints":{"allow":["GET"]}}],"collection":[{"href":"https:\/\/www.autonvaraosahaku.fi\/index.php?rest_route=\/wp\/v2\/product"}],"about":[{"href":"https:\/\/www.autonvaraosahaku.fi\/index.php?rest_route=\/wp\/v2\/types\/product"}],"wp:attachment":[{"href":"https:\/\/www.autonvaraosahaku.fi\/index.php?rest_route=%2Fwp%2Fv2%2Fmedia&parent=28885"}],"wp:term":[{"taxonomy":"pwb-brand","embeddable":true,"href":"https:\/\/www.autonvaraosahaku.fi\/index.php?rest_route=%2Fwp%2Fv2%2Fpwb-brand&post=28885"},{"taxonomy":"product_cat","embeddable":true,"href":"https:\/\/www.autonvaraosahaku.fi\/index.php?rest_route=%2Fwp%2Fv2%2Fproduct_cat&post=28885"},{"taxonomy":"product_tag","embeddable":true,"href":"https:\/\/www.autonvaraosahaku.fi\/index.php?rest_route=%2Fwp%2Fv2%2Fproduct_tag&post=28885"}],"curies":[{"name":"wp","href":"https:\/\/api.w.org\/{rel}","templated":true}]}}