{"id":28896,"date":"2021-02-21T16:00:06","date_gmt":"2021-02-21T16:00:06","guid":{"rendered":"https:\/\/www.autonvaraosahaku.fi\/?product=ernst-493949-pakoputken-asennussarja"},"modified":"2021-02-21T16:00:08","modified_gmt":"2021-02-21T16:00:08","slug":"ernst-493949-pakoputken-asennussarja","status":"publish","type":"product","link":"https:\/\/www.autonvaraosahaku.fi\/?product=ernst-493949-pakoputken-asennussarja","title":{"rendered":"ERNST 493949 Pakoputken asennussarja"},"content":{"rendered":"<p>Reikien m\u00e4\u00e4r\u00e4: 2; Pakoputkisto: f\u00fcr Abgasrohr; LANCIA: YPSILON 843,Y 840A,MUSA 350; FORD: KA RU8; FIAT: PUNTO 188,PANDA 169,500 312,STILO 192,SEICENTO 187,DUCATO Kasten 244,BARCHETTA 183,500 C 312,PUNTO 176,STILO Multi Wagon 192,DUCATO Pritsche\/Fahrgestell 244,DUCATO Bus 244, Z_,IDEA,PANDA 312,BRAVO I 182,BRAVA 182,PUNTO Cabriolet 176C; CITRO\u00cbN: JUMPER Kasten 244,JUMPER Bus 244, Z_,JUMPER Pritsche\/Fahrgestell 244; PEUGEOT: BOXER Kasten 244,BOXER Bus 244, Z_,BOXER Pritsche\/Fahrgestell 244; 46421002, 46529211, 46546376, 51714498, 7718577, 7740653, 7798284, 1557731, 1558875, 1755E9<\/p>\n","protected":false},"excerpt":{"rendered":"<p>ERNST Pidike, Pakoputkisto 493949  LANCIA,FORD,FIAT,YPSILON 843,Y 840A,MUSA 350,KA RU8,PUNTO 188,PANDA 169,500 312,STILO 192,SEICENTO 187<\/p>\n","protected":false},"featured_media":0,"template":"","meta":{"site-sidebar-layout":"default","site-content-layout":"default","ast-global-header-display":"","ast-main-header-display":"","ast-hfb-above-header-display":"","ast-hfb-below-header-display":"","ast-hfb-mobile-header-display":"","site-post-title":"","ast-breadcrumbs-content":"","ast-featured-img":"","footer-sml-layout":"","theme-transparent-header-meta":"","adv-header-id-meta":"","stick-header-meta":"","header-above-stick-meta":"","header-main-stick-meta":"","header-below-stick-meta":""},"pwb-brand":[63],"product_cat":[101],"product_tag":[],"class_list":{"0":"post-28896","1":"product","2":"type-product","3":"status-publish","5":"pwb-brand-ernst","6":"product_cat-pakoputken-asennussarja","7":"desktop-align-left","8":"tablet-align-left","9":"mobile-align-left","11":"first","12":"instock","13":"product-type-external"},"brands":[{"id":63,"name":"ERNST","slug":"ernst"}],"_links":{"self":[{"href":"https:\/\/www.autonvaraosahaku.fi\/index.php?rest_route=\/wp\/v2\/product\/28896","targetHints":{"allow":["GET"]}}],"collection":[{"href":"https:\/\/www.autonvaraosahaku.fi\/index.php?rest_route=\/wp\/v2\/product"}],"about":[{"href":"https:\/\/www.autonvaraosahaku.fi\/index.php?rest_route=\/wp\/v2\/types\/product"}],"wp:attachment":[{"href":"https:\/\/www.autonvaraosahaku.fi\/index.php?rest_route=%2Fwp%2Fv2%2Fmedia&parent=28896"}],"wp:term":[{"taxonomy":"pwb-brand","embeddable":true,"href":"https:\/\/www.autonvaraosahaku.fi\/index.php?rest_route=%2Fwp%2Fv2%2Fpwb-brand&post=28896"},{"taxonomy":"product_cat","embeddable":true,"href":"https:\/\/www.autonvaraosahaku.fi\/index.php?rest_route=%2Fwp%2Fv2%2Fproduct_cat&post=28896"},{"taxonomy":"product_tag","embeddable":true,"href":"https:\/\/www.autonvaraosahaku.fi\/index.php?rest_route=%2Fwp%2Fv2%2Fproduct_tag&post=28896"}],"curies":[{"name":"wp","href":"https:\/\/api.w.org\/{rel}","templated":true}]}}