{"id":28897,"date":"2021-02-21T16:00:06","date_gmt":"2021-02-21T16:00:06","guid":{"rendered":"https:\/\/www.autonvaraosahaku.fi\/?product=topran-108-660-kytkin-ohjausakseli"},"modified":"2021-02-21T16:00:09","modified_gmt":"2021-02-21T16:00:09","slug":"topran-108-660-kytkin-ohjausakseli","status":"publish","type":"product","link":"https:\/\/www.autonvaraosahaku.fi\/?product=topran-108-660-kytkin-ohjausakseli","title":{"rendered":"TOPRAN 108 660 Kytkin ohjausakseli"},"content":{"rendered":"<p>Yhdistelm\u00e4kytkintoiminto: Vilkkutoiminta, Valomerkinantolaitteella, Kaukovalotoiminnolla, Seisontavalo-toiminnolla; V\u00e4ri: Musta; V\u00e4rikoodi: 01C; Moottorinumero: ANU; VW: GOLF IV 1J1,PASSAT Variant 3B6,GOLF IV Variant 1J5,SHARAN 7M8, 7M9, 7M6,PASSAT Variant 3B5,BORA 1J2,PASSAT 3B2,NEW BEETLE 9C1, 1C1,PASSAT 3B3,BORA Kombi 1J6,NEW BEETLE Cabriolet 1Y7; AUDI: A3 8L1,A6 Avant 4B5, C5,A2 8Z0,A6 4B2, C5,TT 8N3,TT Roadster 8N9; SKODA: FABIA Combi 6Y5,FABIA 6Y2,OCTAVIA Combi 1U5,OCTAVIA 1U2,SUPERB 3U4,FABIA Stufenheck 6Y3,FABIA Praktik; SEAT: LEON 1M1,ALHAMBRA 7V8, 7V9,TOLEDO II 1M2; 8L0953513, 8L095351301C, 8L0953513G, 8L0953513G01C, 8L0953513, 8L095351301C, 8L0953513G, 8L0953513G01C, 8L0953513, 8L095351301C, 8L0953513G, 8L0953513G01C, 8L0953513, 8L095351301C, 8L0953513G, 8L0953513G01C<\/p>\n","protected":false},"excerpt":{"rendered":"<p>TOPRAN Vilkkukatkaisija 108 660  VW,AUDI,SKODA,GOLF IV 1J1,PASSAT Variant 3B6,GOLF IV Variant 1J5,SHARAN 7M8, 7M9, 7M6,PASSAT Variant 3B5,BORA 1J2<\/p>\n","protected":false},"featured_media":0,"template":"","meta":{"site-sidebar-layout":"default","site-content-layout":"default","ast-global-header-display":"","ast-main-header-display":"","ast-hfb-above-header-display":"","ast-hfb-below-header-display":"","ast-hfb-mobile-header-display":"","site-post-title":"","ast-breadcrumbs-content":"","ast-featured-img":"","footer-sml-layout":"","theme-transparent-header-meta":"","adv-header-id-meta":"","stick-header-meta":"","header-above-stick-meta":"","header-main-stick-meta":"","header-below-stick-meta":""},"pwb-brand":[18],"product_cat":[65],"product_tag":[],"class_list":{"0":"post-28897","1":"product","2":"type-product","3":"status-publish","5":"pwb-brand-topran","6":"product_cat-kytkin-ohjausakseli","7":"desktop-align-left","8":"tablet-align-left","9":"mobile-align-left","11":"first","12":"instock","13":"product-type-external"},"brands":[{"id":18,"name":"TOPRAN","slug":"topran"}],"_links":{"self":[{"href":"https:\/\/www.autonvaraosahaku.fi\/index.php?rest_route=\/wp\/v2\/product\/28897","targetHints":{"allow":["GET"]}}],"collection":[{"href":"https:\/\/www.autonvaraosahaku.fi\/index.php?rest_route=\/wp\/v2\/product"}],"about":[{"href":"https:\/\/www.autonvaraosahaku.fi\/index.php?rest_route=\/wp\/v2\/types\/product"}],"wp:attachment":[{"href":"https:\/\/www.autonvaraosahaku.fi\/index.php?rest_route=%2Fwp%2Fv2%2Fmedia&parent=28897"}],"wp:term":[{"taxonomy":"pwb-brand","embeddable":true,"href":"https:\/\/www.autonvaraosahaku.fi\/index.php?rest_route=%2Fwp%2Fv2%2Fpwb-brand&post=28897"},{"taxonomy":"product_cat","embeddable":true,"href":"https:\/\/www.autonvaraosahaku.fi\/index.php?rest_route=%2Fwp%2Fv2%2Fproduct_cat&post=28897"},{"taxonomy":"product_tag","embeddable":true,"href":"https:\/\/www.autonvaraosahaku.fi\/index.php?rest_route=%2Fwp%2Fv2%2Fproduct_tag&post=28897"}],"curies":[{"name":"wp","href":"https:\/\/api.w.org\/{rel}","templated":true}]}}