{"id":28940,"date":"2021-02-21T16:00:20","date_gmt":"2021-02-21T16:00:20","guid":{"rendered":"https:\/\/www.autonvaraosahaku.fi\/?product=mahle-original-kl-21-polttoainesuodatin"},"modified":"2021-02-21T16:00:21","modified_gmt":"2021-02-21T16:00:21","slug":"mahle-original-kl-21-polttoainesuodatin","status":"publish","type":"product","link":"https:\/\/www.autonvaraosahaku.fi\/?product=mahle-original-kl-21-polttoainesuodatin","title":{"rendered":"MAHLE ORIGINAL KL 21 Polttoainesuodatin"},"content":{"rendered":"<p>Suodatintyyppi: Letkusuodatin; L\u00e4pimitta [mm]: 74,5; Korkeus 1 (mm): 125,0; Korkeus (mm): 164,0; Kierre sis\u00e4\u00e4ntulo: M16x1,5; Kierre ulostulo: M16x1,5; Paino [g]: 0,64; Korkeus (tuumaa): 6,54; Leveys (tuumaa): 2,95; Pituus (tuumaa): 2,95; PORSCHE: 944,924,911,928,911 964,911 993,911 Cabriolet,911 Cabriolet 964,911 Cabriolet 993,944 Cabriolet,911 Targa 993,911 Targa 964,911 Speedster 964; 92811025300, 92811025304, 92811025306<\/p>\n","protected":false},"excerpt":{"rendered":"<p>MAHLE ORIGINAL Polttoainesuodatin KL 21  PORSCHE,944,924,911,928,911 964,911 993,911 Cabriolet,911 Cabriolet 964,911 Cabriolet 993,944 Cabriolet<\/p>\n","protected":false},"featured_media":0,"template":"","meta":{"site-sidebar-layout":"default","site-content-layout":"default","ast-global-header-display":"","ast-main-header-display":"","ast-hfb-above-header-display":"","ast-hfb-below-header-display":"","ast-hfb-mobile-header-display":"","site-post-title":"","ast-breadcrumbs-content":"","ast-featured-img":"","footer-sml-layout":"","theme-transparent-header-meta":"","adv-header-id-meta":"","stick-header-meta":"","header-above-stick-meta":"","header-main-stick-meta":"","header-below-stick-meta":""},"pwb-brand":[153],"product_cat":[29],"product_tag":[],"class_list":{"0":"post-28940","1":"product","2":"type-product","3":"status-publish","5":"pwb-brand-mahle-original","6":"product_cat-polttoainesuodatin","7":"desktop-align-left","8":"tablet-align-left","9":"mobile-align-left","11":"first","12":"instock","13":"product-type-external"},"brands":[{"id":153,"name":"MAHLE ORIGINAL","slug":"mahle-original"}],"_links":{"self":[{"href":"https:\/\/www.autonvaraosahaku.fi\/index.php?rest_route=\/wp\/v2\/product\/28940","targetHints":{"allow":["GET"]}}],"collection":[{"href":"https:\/\/www.autonvaraosahaku.fi\/index.php?rest_route=\/wp\/v2\/product"}],"about":[{"href":"https:\/\/www.autonvaraosahaku.fi\/index.php?rest_route=\/wp\/v2\/types\/product"}],"wp:attachment":[{"href":"https:\/\/www.autonvaraosahaku.fi\/index.php?rest_route=%2Fwp%2Fv2%2Fmedia&parent=28940"}],"wp:term":[{"taxonomy":"pwb-brand","embeddable":true,"href":"https:\/\/www.autonvaraosahaku.fi\/index.php?rest_route=%2Fwp%2Fv2%2Fpwb-brand&post=28940"},{"taxonomy":"product_cat","embeddable":true,"href":"https:\/\/www.autonvaraosahaku.fi\/index.php?rest_route=%2Fwp%2Fv2%2Fproduct_cat&post=28940"},{"taxonomy":"product_tag","embeddable":true,"href":"https:\/\/www.autonvaraosahaku.fi\/index.php?rest_route=%2Fwp%2Fv2%2Fproduct_tag&post=28940"}],"curies":[{"name":"wp","href":"https:\/\/api.w.org\/{rel}","templated":true}]}}