{"id":28943,"date":"2021-02-21T16:00:20","date_gmt":"2021-02-21T16:00:20","guid":{"rendered":"https:\/\/www.autonvaraosahaku.fi\/?product=swag-50-92-4359-kierretulppa"},"modified":"2021-02-21T16:00:21","modified_gmt":"2021-02-21T16:00:21","slug":"swag-50-92-4359-kierretulppa","status":"publish","type":"product","link":"https:\/\/www.autonvaraosahaku.fi\/?product=swag-50-92-4359-kierretulppa","title":{"rendered":"SWAG 50 92 4359 Kierretulppa"},"content":{"rendered":"<p>Paksuus [mm]: 1,5; Ulkol\u00e4pimitta [mm]: 24,0; Materiaali: Kumi-metalli, Kumi-metalli; Paino [kg]: 0,001, 0,001; Huomioi tekniset tiedot: ; FORD: FIESTA IV JA_, JB_,MONDEO II Kombi BNP,FIESTA III GFJ,MONDEO II BAP,ESCORT VII GAL, AAL, ABL,MONDEO II Stufenheck BFP,MONDEO I Kombi BNP,SIERRA GBG, GB4,MONDEO I GBP,ESCORT VII Kombi GAL, ANL,TRANSIT  MK-5 Bus E_ _,ESCORT VII Cabriolet ALL,ESCORT VI GAL,SIERRA Schr\u00e4gheck GBC, GBG,TRANSIT Kasten T_ _,TRANSIT MK-5 Pritsche\/Fahrgestell E_ _,ESCORT IV GAF, AWF, ABFT,FIESTA II FBD,TRANSIT Bus T_ _,MONDEO I Stufenheck GBP,TRANSIT Bus MK-4 E_ _,TRANSIT MK-5 Kasten E_ _,ESCORT &#8217;95 Express AVL,TRANSIT MK-4 Pritsche\/Fahrgestell E_ _,ESCORT III GAA,FIESTA Kasten J5_, J3_,ESCORT V GAL,ESCORT VII Stufenheck GAL, AFL,FIESTA Kasten JV_,TRANSIT MK-4 Kasten E_ _,SIERRA Kombi BNG,TRANSIT Pritsche\/Fahrgestell T_ _,ESCORT VI Kombi GAL,ESCORT VI Stufenheck GAL,FIESTA Kasten F3L, F5L,TRANSIT TOURNEO E_,FIESTA Kasten FVD,ORION II AFF,ESCORT IV Kombi AWF, AVF,ESCORT &#8217;86 Express AVF,ESCORT V Kombi GAL, AVL,ESCORT &#8217;91 Express AVL,ORION III GAL,ESCORT III Kombi AWA,ORION I AFD,ESCORT &#8217;8; CITRO\u00cbN: BERLINGO MF,XSARA PICASSO N68,C2 JM_,C3 I FC_,BERLINGO B9,C5 III Break TD_,C8 EA_, EB_,C4 I LC_,SAXO S0, S1,BERLINGO Kasten M_,C5 II Break RE_,C5 I DC_,C5 I Break DE_,C5 III RD_,C3 II,XSARA N1,C4 Coupe LA_,C3 Pluriel HB_,C4 II B7,C5 II RC_,XSARA Break N2,BERLINGO Kasten B9,C6 TD_,XM Y4,XANTIA X2,XSARA Coupe N0,XANTIA X1,AX ZA-_,NEMO Kasten AA_,C4 Stufenheck L,XANTIA Break X2,ZX N2,BX XB-_,NEMO Kombi,JUMPER Kasten 230L,JUMPER Bus 230P,ZX Break N2,C2 ENTERPRISE,XM Break Y4,JUMPER Pritsche\/Fahrgestell 230,BX Break XB-_,C15 VD-_,C-ELYSEE,C15 Kombi,XSARA Kasten,SAXO Hatchback van S3_,XSARA Kasten\/Schr\u00e4gheck; PEUGEOT: 206 Schr\u00e4gheck 2A\/C,207 WA_, WC_,307 SW 3H,307 CC 3B,407 SW 6E_,307 3A\/C,207 SW WK_,208,807 E,106 II 1,206+ T3E,307 Break 3E,306 Schr\u00e4gheck 7A, 7C, N3, N5,607 9D, 9U,407 6D_,406 Break 8E\/F,PARTNER Tepee,1007 KM_,PARTNER Combispace 5F,106 I 1A, 1C,205 II 20A\/C,PARTNER Kasten 5,406 Coupe 8C,406 8B,407 Coupe 6C_,BOXER Kasten 230L,306 7B, N3, N5,207 Stufenheck,206 Stufenheck,309 II 3C, 3A,BIPPER Tepee,BOXER Bus 230P,BOXER Pritsche\/Fahrgestell ZCT_,206 Van,405 II 4B,106 Van 1_,405 II Break 4E,301,205 Kasten,207 Van,306 Kasten\/Schr\u00e4gheck; 016454, 016458, 016465, 016488, 16454, 16458, 16465, 16488, 016454, 016458, 016465, 016488, 1005578, 1451991, 6157668, 6201681, 6835866, 92FF6734AA, W700080S300, W704052S309, 016454, 016458, 016465, 016488, 16454, 16458, 16465, 16488; Tiiviste, \u00d6ljynlaskutulppa<\/p>\n","protected":false},"excerpt":{"rendered":"<p>SWAG \u00d6ljytulpan Tiiviste 50 92 4359 Tiiviste, \u00d6ljynlaskutulppa FORD,CITRO\u00cbN,PEUGEOT,FIESTA IV JA_, JB_,MONDEO II Kombi BNP,FIESTA III GFJ<\/p>\n","protected":false},"featured_media":0,"template":"","meta":{"site-sidebar-layout":"default","site-content-layout":"default","ast-global-header-display":"","ast-main-header-display":"","ast-hfb-above-header-display":"","ast-hfb-below-header-display":"","ast-hfb-mobile-header-display":"","site-post-title":"","ast-breadcrumbs-content":"","ast-featured-img":"","footer-sml-layout":"","theme-transparent-header-meta":"","adv-header-id-meta":"","stick-header-meta":"","header-above-stick-meta":"","header-main-stick-meta":"","header-below-stick-meta":""},"pwb-brand":[103],"product_cat":[40],"product_tag":[],"class_list":{"0":"post-28943","1":"product","2":"type-product","3":"status-publish","5":"pwb-brand-swag","6":"product_cat-kierretulppa","7":"desktop-align-left","8":"tablet-align-left","9":"mobile-align-left","11":"first","12":"instock","13":"product-type-external"},"brands":[{"id":103,"name":"SWAG","slug":"swag"}],"_links":{"self":[{"href":"https:\/\/www.autonvaraosahaku.fi\/index.php?rest_route=\/wp\/v2\/product\/28943","targetHints":{"allow":["GET"]}}],"collection":[{"href":"https:\/\/www.autonvaraosahaku.fi\/index.php?rest_route=\/wp\/v2\/product"}],"about":[{"href":"https:\/\/www.autonvaraosahaku.fi\/index.php?rest_route=\/wp\/v2\/types\/product"}],"wp:attachment":[{"href":"https:\/\/www.autonvaraosahaku.fi\/index.php?rest_route=%2Fwp%2Fv2%2Fmedia&parent=28943"}],"wp:term":[{"taxonomy":"pwb-brand","embeddable":true,"href":"https:\/\/www.autonvaraosahaku.fi\/index.php?rest_route=%2Fwp%2Fv2%2Fpwb-brand&post=28943"},{"taxonomy":"product_cat","embeddable":true,"href":"https:\/\/www.autonvaraosahaku.fi\/index.php?rest_route=%2Fwp%2Fv2%2Fproduct_cat&post=28943"},{"taxonomy":"product_tag","embeddable":true,"href":"https:\/\/www.autonvaraosahaku.fi\/index.php?rest_route=%2Fwp%2Fv2%2Fproduct_tag&post=28943"}],"curies":[{"name":"wp","href":"https:\/\/api.w.org\/{rel}","templated":true}]}}