{"id":28958,"date":"2021-02-21T16:00:20","date_gmt":"2021-02-21T16:00:20","guid":{"rendered":"https:\/\/www.autonvaraosahaku.fi\/?product=febi-bilstein-31534-kampiakselin-tiiviste"},"modified":"2021-02-21T16:00:23","modified_gmt":"2021-02-21T16:00:23","slug":"febi-bilstein-31534-kampiakselin-tiiviste","status":"publish","type":"product","link":"https:\/\/www.autonvaraosahaku.fi\/?product=febi-bilstein-31534-kampiakselin-tiiviste","title":{"rendered":"FEBI BILSTEIN 31534 Kampiakselin tiiviste"},"content":{"rendered":"<p>Paksuus [mm]: 8,0; Sis\u00e4l\u00e4pimitta [mm]: 45,0; Ulkol\u00e4pimitta [mm]: 67,0; Asennuspuoli: Etup\u00e4\u00e4; Paino [kg]: 0,024, 0,024; Moottorinumerosta: 099814; MERCEDES-BENZ: C-CLASS W203,E-CLASS W211,C-CLASS W204,C-CLASS T-Model S204,C-CLASS T-Model S203,C-CLASS W202,E-CLASS T-Model S211,190 W201,SLK R170,E-CLASS W210,E-CLASS W212,VIANO W639,M-CLASS W164,C-CLASS Coupe CL203,M-CLASS W163,Stufenheck W124,E-CLASS T-Model S212,GLK-CLASS X204,E-CLASS Kombi S210,VITO Bus W639,SLK R171,CLK C208,SL R129,CLK C209,SL R107,C-CLASS Kombi S202,S-CLASS W220,VITO \/ MIXTO Kasten W639,SPRINTER 3,5-t Kasten 906,S-CLASS W126,S-CLASS W221,CLS C219,SL R230,KOMBI Kombi S124,E-CLASS W124,R-CLASS W251, V251,G-CLASS W463,VITO Bus 638,E-CLASS Coupe C207,CLK Cabriolet A208,COUPE C124,CLK Cabriolet A209,G-CLASS W460,S-CLASS W140,E-CLASS Kombi S124,S-CLASS W108, W109,SPRINTER 3-t Kasten 903,SPRINTER 3,5-t Bus 906,SPRINTER 2-t Bus 901, 902,SPRINTER 3-t Kasten 906,S-CLASS W116,COUPE W111,V-CLASS 638\/2,E-CLASS Cabriolet A207,S-CLASS Coupe C126,CLC-CLASS CL203,GL-CLASS X164,G-CLASS W461,SPRINTER 2-t Kasten 901, 902,SPRINTER 3-t Bus 903,SPRINTER 3,5-t Pr; 0099978947, 0109970947, 0109973347, 0189975247, 1209970346, A0099978947, A0109970947, A0109973347, A0189975247, A1209970346; Akselitiiviste, Kampiakseli<\/p>\n","protected":false},"excerpt":{"rendered":"<p>FEBI BILSTEIN Kampiakselin Tiiviste 31534 Akselitiiviste, Kampiakseli MERCEDES-BENZ,C-CLASS W203,E-CLASS W211,C-CLASS W204,C-CLASS T-Model S204<\/p>\n","protected":false},"featured_media":0,"template":"","meta":{"site-sidebar-layout":"default","site-content-layout":"default","ast-global-header-display":"","ast-main-header-display":"","ast-hfb-above-header-display":"","ast-hfb-below-header-display":"","ast-hfb-mobile-header-display":"","site-post-title":"","ast-breadcrumbs-content":"","ast-featured-img":"","footer-sml-layout":"","theme-transparent-header-meta":"","adv-header-id-meta":"","stick-header-meta":"","header-above-stick-meta":"","header-main-stick-meta":"","header-below-stick-meta":""},"pwb-brand":[50],"product_cat":[88],"product_tag":[],"class_list":{"0":"post-28958","1":"product","2":"type-product","3":"status-publish","5":"pwb-brand-febi-bilstein","6":"product_cat-kampiakselin-tiiviste","7":"desktop-align-left","8":"tablet-align-left","9":"mobile-align-left","11":"first","12":"instock","13":"product-type-external"},"brands":[{"id":50,"name":"FEBI BILSTEIN","slug":"febi-bilstein"}],"_links":{"self":[{"href":"https:\/\/www.autonvaraosahaku.fi\/index.php?rest_route=\/wp\/v2\/product\/28958","targetHints":{"allow":["GET"]}}],"collection":[{"href":"https:\/\/www.autonvaraosahaku.fi\/index.php?rest_route=\/wp\/v2\/product"}],"about":[{"href":"https:\/\/www.autonvaraosahaku.fi\/index.php?rest_route=\/wp\/v2\/types\/product"}],"wp:attachment":[{"href":"https:\/\/www.autonvaraosahaku.fi\/index.php?rest_route=%2Fwp%2Fv2%2Fmedia&parent=28958"}],"wp:term":[{"taxonomy":"pwb-brand","embeddable":true,"href":"https:\/\/www.autonvaraosahaku.fi\/index.php?rest_route=%2Fwp%2Fv2%2Fpwb-brand&post=28958"},{"taxonomy":"product_cat","embeddable":true,"href":"https:\/\/www.autonvaraosahaku.fi\/index.php?rest_route=%2Fwp%2Fv2%2Fproduct_cat&post=28958"},{"taxonomy":"product_tag","embeddable":true,"href":"https:\/\/www.autonvaraosahaku.fi\/index.php?rest_route=%2Fwp%2Fv2%2Fproduct_tag&post=28958"}],"curies":[{"name":"wp","href":"https:\/\/api.w.org\/{rel}","templated":true}]}}