{"id":29029,"date":"2021-02-21T16:00:39","date_gmt":"2021-02-21T16:00:39","guid":{"rendered":"https:\/\/www.autonvaraosahaku.fi\/?product=ridex-161b0023-ahtopaine-anturi"},"modified":"2021-02-21T16:00:41","modified_gmt":"2021-02-21T16:00:41","slug":"ridex-161b0023-ahtopaine-anturi","status":"publish","type":"product","link":"https:\/\/www.autonvaraosahaku.fi\/?product=ridex-161b0023-ahtopaine-anturi","title":{"rendered":"RIDEX 161B0023 Ahtopaine anturi"},"content":{"rendered":"<p>Napojen m\u00e4\u00e4r\u00e4: 3; Pistokkeen kotelon muoto: Soikea; Kiinnitysreikien lukum\u00e4\u00e4r\u00e4: 1; Paine alkaen [kPA]: 11; Paine korkeintaan [kPa]: 306; Valmistusvuoteen: 03\/2011; OPEL: VIVARO Kasten F7,VIVARO Combi J7,MOVANO Kasten F9,MOVANO Combi J9,VIVARO Pritsche\/Fahrgestell E7,MOVANO Pritsche\/Fahrgestell U9, E9,MOVANO Kipper H9; RENAULT: CLIO III BR0\/1, CR0\/1,SC\u00c9NIC II JM0\/1_,TWINGO II CN0_,MEGANE III Grandtour KZ0\/1,ESPACE IV JK0\/1_,MODUS \/ GRAND MODUS F\/JP0_,LAGUNA II Grandtour KG0\/1_,MEGANE II Kombi KM0\/1_,MEGANE II Coup\u00e9-Cabriolet EM0\/1_,SC\u00c9NIC III JZ0\/1_,LAGUNA III Grandtour KT0\/1,CLIO IV,MEGANE III Schr\u00e4gheck BZ0_,LAGUNA II BG0\/1_,MEGANE II BM0\/1_, CM0\/1_,TRAFIC II Bus JL,GRAND SC\u00c9NIC III JZ0\/1_,MASTER II Kasten FD,TRAFIC II Kasten FL,MEGANE III Coupe DZ0\/1_,KANGOO \/ GRAND KANGOO KW0\/1_,CLIO Grandtour KR0\/1_,GRAND SC\u00c9NIC II JM0\/1_,CAPTUR,LAGUNA III BT0\/1,KANGOO Express FW0\/1_,MEGANE II Stufenheck LM0\/1_,CLIO Grandtour IV,MASTER II Pritsche\/Fahrgestell ED\/HD\/UD,KANGOO BE BOP KW0\/1_,MEGANE CC EZ0\/1_,VEL SATIS BJ0_,MASTER II Bus JD,LAGUNA Coupe DT0\/1,FLUENCE L30_,LATITUDE L70_,CLIO III Kasten SB_, SR_,TRAFIC II Pritsche\/Fahrgestell EL,TWINGO III,KADJAR; FIAT: 500 312,PUNTO EVO 199,500 C 312,DOBLO Kasten\/Kombi 263,PUNTO 199,PANDA 312,500L,DOBLO Gro\u00dfraumlimousine 152, 263,PANDA VAN 312; NISSAN: QASHQAI \/ QASHQAI +2 J10, JJ10,MICRA III K12,NOTE E11,JUKE F15,PRIMERA Kombi WP12,PRIMERA P12,NV200 EVALIA,NOTE E12,PRIMERA Hatchback P12,TIIDA Schr\u00e4gheck,NV200 Kasten,PRIMASTAR Bus X83,PRIMASTAR Kasten X83,CUBE Z12,INTERSTAR Kasten X70,TIIDA Stufenheck SC11X,INTERSTAR Bus X70,PULSAR Schr\u00e4gheck C13,INTERSTAR Pritsche\/Fahrgestell; DACIA: DUSTER,SANDERO,LOGAN MCV KS_,SANDERO II,LODGY,LOGAN MCV II,DOKKER,LOGAN LS_,DOKKER Express,LOGAN EXPRESS FS_,LOGAN Pick-up US_,LOGAN II,DUSTER Kasten; SUZUKI: JIMNY FJ; CHEVROLET: EPICA KL1_,REZZO,HHR; ALFA ROMEO: 159 Sportwagon 939,GIULIETTA 940,MITO 955,159 939,4C 960,4C SPIDER 960; LANCIA: DELTA III 844,YPSILON 312, 846; ABARTH: 500 \/ 595 312_,500C \/ 595C 312_,PUNTO 199_; 55209194, 55219295, S8100181, S8100182, 68137978AA, K68137978AA, 223650001R, 8200168253, 8200843680, 55209194, 55219295, S8100181, S8100182, 55209194, 55219295, S8100181, S8100182, 22365BC400, 2508500Q0A, 2508500Q0C, 25085AW300, 04417030, 093857938, 4417030, 93857938, 223650001R, 8200168253, 8200843680, 223650001R, 8200168253, 8200843680, 93857938, 1859084A50, 1859084A50000; Imusarjan Painetunnistin,Imusarjan Paineanturi,Tunnistin, Ahtopaine<\/p>\n","protected":false},"excerpt":{"rendered":"<p>RIDEX MAP Sensor 161B0023 Imusarjan Painetunnistin,Imusarjan Paineanturi OPEL,RENAULT,FIAT,VIVARO Kasten F7,VIVARO Combi J7,MOVANO Kasten F9<\/p>\n","protected":false},"featured_media":0,"template":"","meta":{"site-sidebar-layout":"default","site-content-layout":"default","ast-global-header-display":"","ast-main-header-display":"","ast-hfb-above-header-display":"","ast-hfb-below-header-display":"","ast-hfb-mobile-header-display":"","site-post-title":"","ast-breadcrumbs-content":"","ast-featured-img":"","footer-sml-layout":"","theme-transparent-header-meta":"","adv-header-id-meta":"","stick-header-meta":"","header-above-stick-meta":"","header-main-stick-meta":"","header-below-stick-meta":""},"pwb-brand":[157],"product_cat":[197],"product_tag":[],"class_list":{"0":"post-29029","1":"product","2":"type-product","3":"status-publish","5":"pwb-brand-ridex","6":"product_cat-ahtopaine-anturi","7":"desktop-align-left","8":"tablet-align-left","9":"mobile-align-left","11":"first","12":"instock","13":"product-type-external"},"brands":[{"id":157,"name":"RIDEX","slug":"ridex"}],"_links":{"self":[{"href":"https:\/\/www.autonvaraosahaku.fi\/index.php?rest_route=\/wp\/v2\/product\/29029","targetHints":{"allow":["GET"]}}],"collection":[{"href":"https:\/\/www.autonvaraosahaku.fi\/index.php?rest_route=\/wp\/v2\/product"}],"about":[{"href":"https:\/\/www.autonvaraosahaku.fi\/index.php?rest_route=\/wp\/v2\/types\/product"}],"wp:attachment":[{"href":"https:\/\/www.autonvaraosahaku.fi\/index.php?rest_route=%2Fwp%2Fv2%2Fmedia&parent=29029"}],"wp:term":[{"taxonomy":"pwb-brand","embeddable":true,"href":"https:\/\/www.autonvaraosahaku.fi\/index.php?rest_route=%2Fwp%2Fv2%2Fpwb-brand&post=29029"},{"taxonomy":"product_cat","embeddable":true,"href":"https:\/\/www.autonvaraosahaku.fi\/index.php?rest_route=%2Fwp%2Fv2%2Fproduct_cat&post=29029"},{"taxonomy":"product_tag","embeddable":true,"href":"https:\/\/www.autonvaraosahaku.fi\/index.php?rest_route=%2Fwp%2Fv2%2Fproduct_tag&post=29029"}],"curies":[{"name":"wp","href":"https:\/\/api.w.org\/{rel}","templated":true}]}}