{"id":29048,"date":"2021-02-21T16:00:43","date_gmt":"2021-02-21T16:00:43","guid":{"rendered":"https:\/\/www.autonvaraosahaku.fi\/?product=corteco-005501h-kierretulppa"},"modified":"2021-02-21T16:00:45","modified_gmt":"2021-02-21T16:00:45","slug":"corteco-005501h-kierretulppa","status":"publish","type":"product","link":"https:\/\/www.autonvaraosahaku.fi\/?product=corteco-005501h-kierretulppa","title":{"rendered":"CORTECO 005501H Kierretulppa"},"content":{"rendered":"<p>Sis\u00e4l\u00e4pimitta [mm]: 22,2; Ulkol\u00e4pimitta [mm]: 27; Materiaali: Alumiini; Muoto: Py\u00f6re\u00e4; Paksuus [mm]: 1,5; BMW: 02 E10,6 E24,3 E21,7 E23,5 E12; FIAT: DUCATO Kasten 250,DUCATO Pritsche\/Fahrgestell 250,DUCATO Pritsche\/Fahrgestell 230,DUCATO Bus 250,DUCATO Bus 230,DUCATO Kasten 244,DUCATO Pritsche\/Fahrgestell 244,DUCATO Kasten 230L,DUCATO Bus 244, Z_; SKODA: 105,120 742,105,120 744,RAPID 120G, 130G, 135G; PEUGEOT: BOXER Kasten,BOXER Kasten 230L,BOXER Kasten 244,BOXER Bus,BOXER Pritsche\/Fahrgestell,BOXER Bus 230P,BOXER Bus 244, Z_,BOXER Pritsche\/Fahrgestell ZCT_,BOXER Pritsche\/Fahrgestell 244; CITRO\u00cbN: JUMPER Kasten,JUMPER Kasten 244,JUMPER Bus,JUMPER Pritsche\/Fahrgestell,JUMPER Kasten 230L,JUMPER Bus 244, Z_,JUMPER Bus 230P,JUMPER Pritsche\/Fahrgestell 244,JUMPER Pritsche\/Fahrgestell 230; PORSCHE: 944,911 996,924,911,911 Cabriolet 996,928,911 964,911 993,911 Targa,911 Cabriolet 964,911 Cabriolet 993,944 Cabriolet,911 Targa 993; MASERATI: 4200 GT SPYDER Cabriolet,4200 GT Coupe; FERRARI: 360 F131,F430,360 Spider F131,F430 Spider,MONDIAL,512 TR,512 M; N0138272, 07119963355, 11317507432, 11317534251, 11317631972, 06561900818, 007603022100, 11022579, 90012301130, 90012311830, N0138272, 0003008013, 0024151139, N0138272, N0138272, 2414787, 9571852, N0138272, VWN0138272; Tiiviste, \u00d6ljynlaskutulppa<\/p>\n","protected":false},"excerpt":{"rendered":"<p>CORTECO \u00d6ljytulpan Tiiviste 005501H Tiiviste, \u00d6ljynlaskutulppa BMW,FIAT,SKODA,02 E10,6 E24,3 E21,7 E23,5 E12,DUCATO Kasten 250<\/p>\n","protected":false},"featured_media":0,"template":"","meta":{"site-sidebar-layout":"default","site-content-layout":"default","ast-global-header-display":"","ast-main-header-display":"","ast-hfb-above-header-display":"","ast-hfb-below-header-display":"","ast-hfb-mobile-header-display":"","site-post-title":"","ast-breadcrumbs-content":"","ast-featured-img":"","footer-sml-layout":"","theme-transparent-header-meta":"","adv-header-id-meta":"","stick-header-meta":"","header-above-stick-meta":"","header-main-stick-meta":"","header-below-stick-meta":""},"pwb-brand":[53],"product_cat":[40],"product_tag":[],"class_list":{"0":"post-29048","1":"product","2":"type-product","3":"status-publish","5":"pwb-brand-corteco","6":"product_cat-kierretulppa","7":"desktop-align-left","8":"tablet-align-left","9":"mobile-align-left","11":"first","12":"instock","13":"product-type-external"},"brands":[{"id":53,"name":"CORTECO","slug":"corteco"}],"_links":{"self":[{"href":"https:\/\/www.autonvaraosahaku.fi\/index.php?rest_route=\/wp\/v2\/product\/29048","targetHints":{"allow":["GET"]}}],"collection":[{"href":"https:\/\/www.autonvaraosahaku.fi\/index.php?rest_route=\/wp\/v2\/product"}],"about":[{"href":"https:\/\/www.autonvaraosahaku.fi\/index.php?rest_route=\/wp\/v2\/types\/product"}],"wp:attachment":[{"href":"https:\/\/www.autonvaraosahaku.fi\/index.php?rest_route=%2Fwp%2Fv2%2Fmedia&parent=29048"}],"wp:term":[{"taxonomy":"pwb-brand","embeddable":true,"href":"https:\/\/www.autonvaraosahaku.fi\/index.php?rest_route=%2Fwp%2Fv2%2Fpwb-brand&post=29048"},{"taxonomy":"product_cat","embeddable":true,"href":"https:\/\/www.autonvaraosahaku.fi\/index.php?rest_route=%2Fwp%2Fv2%2Fproduct_cat&post=29048"},{"taxonomy":"product_tag","embeddable":true,"href":"https:\/\/www.autonvaraosahaku.fi\/index.php?rest_route=%2Fwp%2Fv2%2Fproduct_tag&post=29048"}],"curies":[{"name":"wp","href":"https:\/\/api.w.org\/{rel}","templated":true}]}}