{"id":29066,"date":"2021-02-21T16:00:48","date_gmt":"2021-02-21T16:00:48","guid":{"rendered":"https:\/\/www.autonvaraosahaku.fi\/?product=beru-ge124-hehkutulppa"},"modified":"2021-02-21T16:00:49","modified_gmt":"2021-02-21T16:00:49","slug":"beru-ge124-hehkutulppa","status":"publish","type":"product","link":"https:\/\/www.autonvaraosahaku.fi\/?product=beru-ge124-hehkutulppa","title":{"rendered":"BERU GE124 Hehkutulppa"},"content":{"rendered":"<p>Hehkutulppatyyppi: j\u00e4lkihehkutuksenkest\u00e4v\u00e4, Hehkutulppa, puikko; J\u00e4nnite (V): 5; Liittimet: 4 mm PIN; Kokonaispituus (mm): 163; Asennussyvyys (mm): 26; Kierremitta: M10x1,0; Avainv\u00e4li: 10 mm; Virta (A): 10; Kartionousu: 93; Kiristysmomentti > [Nm]: 15; Kiristysmomentti enint\u00e4\u00e4n [Nm]: 20; Katkeamismomentti [Nm]: 35; lis\u00e4tieto: ISS; Valmistusvuosi alkaen: 11\/2011; MERCEDES-BENZ: C-CLASS T-Model S205,C-CLASS W205,VITO Tourer W447,VITO Kasten W447,VITO Mixto W447; OPEL: VIVARO Kasten F7,VIVARO Pritsche\/Fahrgestell E7; RENAULT: MEGANE III Grandtour KZ0\/1,ESPACE IV JK0\/1_,SC\u00c9NIC III JZ0\/1_,LAGUNA III Grandtour KT0\/1,MEGANE III Schr\u00e4gheck BZ0_,TRAFIC II Bus JL,GRAND SC\u00c9NIC III JZ0\/1_,TRAFIC II Kasten FL,MEGANE III Coupe DZ0\/1_,LAGUNA III BT0\/1,MASTER III Kasten FV,MEGANE CC EZ0\/1_,LAGUNA Coupe DT0\/1,MASTER III Bus JV,MASTER III Pritsche\/Fahrgestell EV, HV, UV,FLUENCE L30_,LATITUDE L70_,TRAFIC II Pritsche\/Fahrgestell EL,TRAFIC III Kasten,TRAFIC III Bus,KADJAR,MEGANE IV B9A\/M_,MEGANE IV Grandtour K9A\/M_,ESPACE V,TALISMAN Grandtour KP_,TALISMAN,GRAND SC\u00c9NIC IV R9_,SC\u00c9NIC IV J9_,KOLEOS II,MEGANE IV Stufenheck,TRAFIC III Pritsche\/Fahrgestell EG_; NISSAN: QASHQAI \/ QASHQAI +2 J10, JJ10,NAVARA D40,PATHFINDER R51,NAVARA Pritsche\/Fahrgestell D40,QASHQAI J11, J11_,X-TRAIL T32,NV300 Kasten X82,NT400 CABSTAR F24F,NV300 Kombi X82; VAUXHALL: VIVARO Kasten F7,VIVARO Combi J7,VIVARO Pritsche\/Fahrgestell E7; A6221590001, 1106500Q0H, 1106500Q0L, 4406338, 4423206, 110650819R, 110651492R, 110651749R<\/p>\n","protected":false},"excerpt":{"rendered":"<p>BERU Hehkutulppa GE124  MERCEDES-BENZ,OPEL,RENAULT,C-CLASS T-Model S205,C-CLASS W205,VITO Tourer W447,VITO Kasten W447,VITO Mixto W447<\/p>\n","protected":false},"featured_media":0,"template":"","meta":{"site-sidebar-layout":"default","site-content-layout":"default","ast-global-header-display":"","ast-main-header-display":"","ast-hfb-above-header-display":"","ast-hfb-below-header-display":"","ast-hfb-mobile-header-display":"","site-post-title":"","ast-breadcrumbs-content":"","ast-featured-img":"","footer-sml-layout":"","theme-transparent-header-meta":"","adv-header-id-meta":"","stick-header-meta":"","header-above-stick-meta":"","header-main-stick-meta":"","header-below-stick-meta":""},"pwb-brand":[327],"product_cat":[52],"product_tag":[],"class_list":{"0":"post-29066","1":"product","2":"type-product","3":"status-publish","5":"pwb-brand-beru","6":"product_cat-hehkutulppa","7":"desktop-align-left","8":"tablet-align-left","9":"mobile-align-left","11":"first","12":"instock","13":"product-type-external"},"brands":[{"id":327,"name":"BERU","slug":"beru"}],"_links":{"self":[{"href":"https:\/\/www.autonvaraosahaku.fi\/index.php?rest_route=\/wp\/v2\/product\/29066","targetHints":{"allow":["GET"]}}],"collection":[{"href":"https:\/\/www.autonvaraosahaku.fi\/index.php?rest_route=\/wp\/v2\/product"}],"about":[{"href":"https:\/\/www.autonvaraosahaku.fi\/index.php?rest_route=\/wp\/v2\/types\/product"}],"wp:attachment":[{"href":"https:\/\/www.autonvaraosahaku.fi\/index.php?rest_route=%2Fwp%2Fv2%2Fmedia&parent=29066"}],"wp:term":[{"taxonomy":"pwb-brand","embeddable":true,"href":"https:\/\/www.autonvaraosahaku.fi\/index.php?rest_route=%2Fwp%2Fv2%2Fpwb-brand&post=29066"},{"taxonomy":"product_cat","embeddable":true,"href":"https:\/\/www.autonvaraosahaku.fi\/index.php?rest_route=%2Fwp%2Fv2%2Fproduct_cat&post=29066"},{"taxonomy":"product_tag","embeddable":true,"href":"https:\/\/www.autonvaraosahaku.fi\/index.php?rest_route=%2Fwp%2Fv2%2Fproduct_tag&post=29066"}],"curies":[{"name":"wp","href":"https:\/\/api.w.org\/{rel}","templated":true}]}}