{"id":29077,"date":"2021-02-21T16:00:48","date_gmt":"2021-02-21T16:00:48","guid":{"rendered":"https:\/\/www.autonvaraosahaku.fi\/?product=eibach-s4-7-14-50-35-19-pyoranpultit"},"modified":"2021-02-21T16:00:51","modified_gmt":"2021-02-21T16:00:51","slug":"eibach-s4-7-14-50-35-19-pyoranpultit","status":"publish","type":"product","link":"https:\/\/www.autonvaraosahaku.fi\/?product=eibach-s4-7-14-50-35-19-pyoranpultit","title":{"rendered":"EIBACH S4-7-14-50-35-19 Py\u00f6r\u00e4npultit"},"content":{"rendered":"<p>Kierremitta: M14x1,5; Avainv\u00e4li: 19; Py\u00f6r\u00e4n kiinnitys: Kuula istukka A\/G; S\u00e4de (mm): 14; Runkopituus [mm]: 35, 35; Huomioi huolto-ohjeet: ; Tuotelinja: Pro-Spacer; Tuning: 1; VW: TRANSPORTER IV Bus 70XB, 70XC, 7DB, 7DW,TRANSPORTER V Bus 7HB, 7HJ, 7EB, 7EJ, 7EF,TOUAREG 7LA, 7L6, 7L7,MULTIVAN V 7HM, 7HN, 7HF, 7EF, 7EM, 7EN,TRANSPORTER IV Kasten 70XA,TRANSPORTER V Kasten 7HA, 7HH, 7EA, 7EH,TRANSPORTER IV Pritsche\/Fahrgestell 70XD,AMAROK 2H_, S1B,TRANSPORTER V Pritsche\/Fahrgestell 7JD, 7JE, 7JL, 7JY, 7JZ,,MULTIVAN VI SGF, SGM, SGN,TRANSPORTER VI Bus SGB, SGG, SGJ,TRANSPORTER VI Kasten SGA, SGH,AMAROK Pritsche\/Fahrgestell S1B,TRANSPORTER VI Pritsche\/Fahrgestell SFD, SFE, SFL, SFZ; Py\u00f6r\u00e4nruuvi<\/p>\n","protected":false},"excerpt":{"rendered":"<p>EIBACH Py\u00f6r\u00e4npultit S4-7-14-50-35-19 Py\u00f6r\u00e4nruuvi VW,TRANSPORTER IV Bus 70XB, 70XC, 7DB, 7DW,TRANSPORTER V Bus 7HB, 7HJ, 7EB, 7EJ, 7EF<\/p>\n","protected":false},"featured_media":0,"template":"","meta":{"site-sidebar-layout":"default","site-content-layout":"default","ast-global-header-display":"","ast-main-header-display":"","ast-hfb-above-header-display":"","ast-hfb-below-header-display":"","ast-hfb-mobile-header-display":"","site-post-title":"","ast-breadcrumbs-content":"","ast-featured-img":"","footer-sml-layout":"","theme-transparent-header-meta":"","adv-header-id-meta":"","stick-header-meta":"","header-above-stick-meta":"","header-main-stick-meta":"","header-below-stick-meta":""},"pwb-brand":[328],"product_cat":[51],"product_tag":[],"class_list":{"0":"post-29077","1":"product","2":"type-product","3":"status-publish","5":"pwb-brand-eibach","6":"product_cat-pyoranpultit","7":"desktop-align-left","8":"tablet-align-left","9":"mobile-align-left","11":"first","12":"instock","13":"product-type-external"},"brands":[{"id":328,"name":"EIBACH","slug":"eibach"}],"_links":{"self":[{"href":"https:\/\/www.autonvaraosahaku.fi\/index.php?rest_route=\/wp\/v2\/product\/29077","targetHints":{"allow":["GET"]}}],"collection":[{"href":"https:\/\/www.autonvaraosahaku.fi\/index.php?rest_route=\/wp\/v2\/product"}],"about":[{"href":"https:\/\/www.autonvaraosahaku.fi\/index.php?rest_route=\/wp\/v2\/types\/product"}],"wp:attachment":[{"href":"https:\/\/www.autonvaraosahaku.fi\/index.php?rest_route=%2Fwp%2Fv2%2Fmedia&parent=29077"}],"wp:term":[{"taxonomy":"pwb-brand","embeddable":true,"href":"https:\/\/www.autonvaraosahaku.fi\/index.php?rest_route=%2Fwp%2Fv2%2Fpwb-brand&post=29077"},{"taxonomy":"product_cat","embeddable":true,"href":"https:\/\/www.autonvaraosahaku.fi\/index.php?rest_route=%2Fwp%2Fv2%2Fproduct_cat&post=29077"},{"taxonomy":"product_tag","embeddable":true,"href":"https:\/\/www.autonvaraosahaku.fi\/index.php?rest_route=%2Fwp%2Fv2%2Fproduct_tag&post=29077"}],"curies":[{"name":"wp","href":"https:\/\/api.w.org\/{rel}","templated":true}]}}