{"id":29139,"date":"2021-02-21T16:01:06","date_gmt":"2021-02-21T16:01:06","guid":{"rendered":"https:\/\/www.autonvaraosahaku.fi\/?product=febi-bilstein-13503-sytytystulpat"},"modified":"2021-02-21T16:01:06","modified_gmt":"2021-02-21T16:01:06","slug":"febi-bilstein-13503-sytytystulpat","status":"publish","type":"product","link":"https:\/\/www.autonvaraosahaku.fi\/?product=febi-bilstein-13503-sytytystulpat","title":{"rendered":"FEBI BILSTEIN 13503 Sytytystulpat"},"content":{"rendered":"<p>Ulkokierre [mm]: M14 x 1,25; Kierteen pituus (mm): 19; Avainv\u00e4li: 16; K\u00e4rkiv\u00e4li (mm): 1; Sytytystulppa: suoralla istukalla, 3-maaelektroodia; Paino [kg]: 0,048, 0,048; Huomioi tekniset tiedot: ; VW: LUPO 6X1, 6E1,SHARAN 7M8, 7M9, 7M6,BORA; BMW: X3 E83; DAIHATSU: CUORE VII L251,CUORE VI L7_,MATERIA M4_,TERIOS J2_,SIRION M1,YRV M2,TERIOS J1,HIJET Kasten S85,FEROZA Soft Top F300,SPORTRAK F300,GRAN MOVE G3,CHARADE IV G200, G202,CHARADE III G100, G101, G102,APPLAUSE II A101,APPLAUSE I A101, A111,HIJET Bus S85,CHARADE IV Stufenheck G203,HIJET Pick-up,EXTOL Bus S22_, S23_,CHARADE III Stufenheck G102; TOYOTA: AVENSIS Kombi T25,AVENSIS T25_,AVENSIS Stufenheck T25,AVENSIS Station Wagon _T22_,RAV 4 I SXA1_,AVENSIS Liftback _T22_,PICNIC _XM10,AVENSIS VERSO _CLM2_, _ACM2_,CARINA E _T19_,CELICA ST20_, AT20_,CARINA E Stufenheck _T19_,CARINA E Sportswagon _T19_,RAV 4 \u00a0 SXA1_,CAMRY _CV2_, _XV2_,COROLLA Liftback _E9_,CARINA II _T17_,CARINA II Stufenheck _T17_,CAMRY Station Wagon _CV2_, _XV2_,COROLLA Coupe _E9_; 101000003AB, 101000004AB, 101000017AB, 101000033AA, 101000041AC, 101000049AD, 101000051AA, 101000051AC, 12121422087, 12121704399, 12121747061, 12121748002, 12124353679, 12129064619, 59622J, 59622K, 9004851137000, 9004851155000, 9004851160000, 9091901202000, 46472021, 5894588, 01214003, 1214003, 59622J, 59622K, 5962R3, 7700115827, 7700500168, 101000033AA, 101000041AC, 101000051AA, 101000051AC, 101000033AA, 101000041AC, 101000051AA, 101000051AC, 9091901198, 101000003AB, 101000004AB, 101000017AB, 101000033AA, 101000041AC, 101000049AD, 101000051AA, 101000051AC; Tulpat,Sytytystulppa<\/p>\n","protected":false},"excerpt":{"rendered":"<p>FEBI BILSTEIN Sytytystulpat 13503 Tulpat,Sytytystulppa VW,BMW,DAIHATSU,LUPO 6X1, 6E1,SHARAN 7M8, 7M9, 7M6,BORA,X3 E83,CUORE VII L251,CUORE VI L7_<\/p>\n","protected":false},"featured_media":0,"template":"","meta":{"site-sidebar-layout":"default","site-content-layout":"default","ast-global-header-display":"","ast-main-header-display":"","ast-hfb-above-header-display":"","ast-hfb-below-header-display":"","ast-hfb-mobile-header-display":"","site-post-title":"","ast-breadcrumbs-content":"","ast-featured-img":"","footer-sml-layout":"","theme-transparent-header-meta":"","adv-header-id-meta":"","stick-header-meta":"","header-above-stick-meta":"","header-main-stick-meta":"","header-below-stick-meta":""},"pwb-brand":[50],"product_cat":[165],"product_tag":[],"class_list":{"0":"post-29139","1":"product","2":"type-product","3":"status-publish","5":"pwb-brand-febi-bilstein","6":"product_cat-sytytystulpat","7":"desktop-align-left","8":"tablet-align-left","9":"mobile-align-left","11":"first","12":"instock","13":"product-type-external"},"brands":[{"id":50,"name":"FEBI BILSTEIN","slug":"febi-bilstein"}],"_links":{"self":[{"href":"https:\/\/www.autonvaraosahaku.fi\/index.php?rest_route=\/wp\/v2\/product\/29139","targetHints":{"allow":["GET"]}}],"collection":[{"href":"https:\/\/www.autonvaraosahaku.fi\/index.php?rest_route=\/wp\/v2\/product"}],"about":[{"href":"https:\/\/www.autonvaraosahaku.fi\/index.php?rest_route=\/wp\/v2\/types\/product"}],"wp:attachment":[{"href":"https:\/\/www.autonvaraosahaku.fi\/index.php?rest_route=%2Fwp%2Fv2%2Fmedia&parent=29139"}],"wp:term":[{"taxonomy":"pwb-brand","embeddable":true,"href":"https:\/\/www.autonvaraosahaku.fi\/index.php?rest_route=%2Fwp%2Fv2%2Fpwb-brand&post=29139"},{"taxonomy":"product_cat","embeddable":true,"href":"https:\/\/www.autonvaraosahaku.fi\/index.php?rest_route=%2Fwp%2Fv2%2Fproduct_cat&post=29139"},{"taxonomy":"product_tag","embeddable":true,"href":"https:\/\/www.autonvaraosahaku.fi\/index.php?rest_route=%2Fwp%2Fv2%2Fproduct_tag&post=29139"}],"curies":[{"name":"wp","href":"https:\/\/api.w.org\/{rel}","templated":true}]}}