{"id":29158,"date":"2021-02-21T16:01:06","date_gmt":"2021-02-21T16:01:06","guid":{"rendered":"https:\/\/www.autonvaraosahaku.fi\/?product=elring-394-090-tiivisteet"},"modified":"2021-02-21T16:01:09","modified_gmt":"2021-02-21T16:01:09","slug":"elring-394-090-tiivisteet","status":"publish","type":"product","link":"https:\/\/www.autonvaraosahaku.fi\/?product=elring-394-090-tiivisteet","title":{"rendered":"ELRING 394.090 Tiivisteet"},"content":{"rendered":"<p>Sis\u00e4l\u00e4pimitta [mm]: 46,5; Ulkol\u00e4pimitta [mm]: 55,3; Paksuus [mm]: 4,5; Materiaali: NBR (nitriili-butadi-kumi); TECDOC-moottorinumero: 3518; VW: BORA 1J2; NISSAN: PRIMERA Kombi WP12,PRIMERA P12,PRIMERA Hatchback P12,PRIMASTAR Bus X83,PRIMASTAR Kasten X83,INTERSTAR Kasten X70,INTERSTAR Bus X70; OPEL: VIVARO Kasten F7,VIVARO Combi J7,MOVANO Kasten F9,MOVANO Combi J9,VIVARO Pritsche\/Fahrgestell E7; DACIA: SOLENZA,PICK UP; VOLVO: V40 Kombi VW,V70 II SW,V70 I LV,S60 I,850 Kombi LW,S80 I TS, XY,S40 II MS,XC70 CROSS COUNTRY,S40 I VS,V40 Schr\u00e4gheck,940 II Kombi 945,940 Kombi 945,240 Kombi P245,740 Kombi 745,C70 I Cabriolet,C70 I Coupe,850 LS,960 II Kombi 965,740 744,240 P242, P244,480 E,440 K 445,S70 LS,960 II 964,460 L 464,940 944,P 544,V90 Kombi,P 1800,760 704, 764,P 121,340-360 343, 345,960 Kombi 965,140 142, 144,760 Kombi 704, 765,940 II 944,960 964,P 122 S AMAZON,140 Kombi 145,S90,P 122 S AMAZON Kombi,DUETT,340-360 Stufenheck 344,780,P 2200 Kombi,7700,B10,F10,F12,F6,F7,F80,FL10,FM7,N10,N12,NL,OLYMPIAN; SAAB: 9-5 Kombi YS3E,9-3 YS3D,9-5 YS3E,9-3 Cabriolet YS3D,9000 Schr\u00e4gheck,900 I Cabriolet,900 I Combi Coupe,900 II Cabriolet,900 II,900 I AC4, AM4,9000,99,900 II Coupe,90,99 Combi Coupe; FORD: MONDEO III Kombi BWY,MONDEO III B5Y; RENAULT: CLIO II BB0\/1\/2_, CB0\/1\/2_,KANGOO KC0\/1_,ESPACE IV JK0\/1_,LAGUNA II Grandtour KG0\/1_,MEGANE II Kombi KM0\/1_,SC\u00c9NIC I JA0\/1_,MEGANE II Coup\u00e9-Cabriolet EM0\/1_,ESPACE III JE0_,MEGANE Scenic JA0\/1_,LAGUNA II BG0\/1_,MEGANE II BM0\/1_, CM0\/1_,TRAFIC II Bus JL,MEGANE I BA0\/1_,MASTER II Kasten FD,TRAFIC II Kasten FL,KANGOO Express FC0\/1_,MEGANE I Grandtour KA0\/1_,MEGANE I Cabriolet EA0\/1_,LAGUNA I B56_, 556_,CLIO I B\/C57_, 5\/357_,LAGUNA I Grandtour K56_,MEGANE II Stufenheck LM0\/1_,MEGANE I Classic LA0\/1_,MEGANE I Coach DA0\/1_,MASTER II Bus JD,CLIO II Kasten SB0\/1\/2_,19 II B\/C53_,19 II Cabriolet D53_, 853_,SUPER 5 B\/C40_,RAPID Kasten F40_, G40_,19 I B\/C53_,9 L42_,19 II Chamade L53_,11 B\/C37_,21 Stufenheck L48_,19 I Chamade L53_,THALIA I LB0\/1\/2_,CLIO I Kasten S57_,TRAFIC II Pritsche\/Fahrgestell EL,11 Kasten S37_,SPORT SPIDER EF0_,21 Kombi K48_,21 B48_,19 II Kasten S53_,19 I Kasten S53_,21 Kasten S48_,EXPRESS Pick-up,SUPER 5 Kasten S40_,RAPID; FIAT: DUCATO Panorama 280; MITSUBISHI: SPACE STAR DG_A,CARISMA DA_,CARISMA Stufenheck DA_; 240953, 5949822, 7700718380, 8352692, 9176165, 13174669, 1397911, 3287755, 3344615, 6842214; Tiiviste, Termostaatti<\/p>\n","protected":false},"excerpt":{"rendered":"<p>ELRING Termostaatin Tiiviste 394.090 Tiiviste, Termostaatti VW,NISSAN,OPEL,BORA 1J2,PRIMERA Kombi WP12,PRIMERA P12,PRIMERA Hatchback P12<\/p>\n","protected":false},"featured_media":0,"template":"","meta":{"site-sidebar-layout":"default","site-content-layout":"default","ast-global-header-display":"","ast-main-header-display":"","ast-hfb-above-header-display":"","ast-hfb-below-header-display":"","ast-hfb-mobile-header-display":"","site-post-title":"","ast-breadcrumbs-content":"","ast-featured-img":"","footer-sml-layout":"","theme-transparent-header-meta":"","adv-header-id-meta":"","stick-header-meta":"","header-above-stick-meta":"","header-main-stick-meta":"","header-below-stick-meta":""},"pwb-brand":[26],"product_cat":[27],"product_tag":[],"class_list":{"0":"post-29158","1":"product","2":"type-product","3":"status-publish","5":"pwb-brand-elring","6":"product_cat-tiivisteet","7":"desktop-align-left","8":"tablet-align-left","9":"mobile-align-left","11":"first","12":"instock","13":"product-type-external"},"brands":[{"id":26,"name":"ELRING","slug":"elring"}],"_links":{"self":[{"href":"https:\/\/www.autonvaraosahaku.fi\/index.php?rest_route=\/wp\/v2\/product\/29158","targetHints":{"allow":["GET"]}}],"collection":[{"href":"https:\/\/www.autonvaraosahaku.fi\/index.php?rest_route=\/wp\/v2\/product"}],"about":[{"href":"https:\/\/www.autonvaraosahaku.fi\/index.php?rest_route=\/wp\/v2\/types\/product"}],"wp:attachment":[{"href":"https:\/\/www.autonvaraosahaku.fi\/index.php?rest_route=%2Fwp%2Fv2%2Fmedia&parent=29158"}],"wp:term":[{"taxonomy":"pwb-brand","embeddable":true,"href":"https:\/\/www.autonvaraosahaku.fi\/index.php?rest_route=%2Fwp%2Fv2%2Fpwb-brand&post=29158"},{"taxonomy":"product_cat","embeddable":true,"href":"https:\/\/www.autonvaraosahaku.fi\/index.php?rest_route=%2Fwp%2Fv2%2Fproduct_cat&post=29158"},{"taxonomy":"product_tag","embeddable":true,"href":"https:\/\/www.autonvaraosahaku.fi\/index.php?rest_route=%2Fwp%2Fv2%2Fproduct_tag&post=29158"}],"curies":[{"name":"wp","href":"https:\/\/api.w.org\/{rel}","templated":true}]}}