{"id":29163,"date":"2021-02-21T16:01:11","date_gmt":"2021-02-21T16:01:11","guid":{"rendered":"https:\/\/www.autonvaraosahaku.fi\/?product=luk-600-0136-00-kytkinpaketti"},"modified":"2021-02-21T16:01:12","modified_gmt":"2021-02-21T16:01:12","slug":"luk-600-0136-00-kytkinpaketti","status":"publish","type":"product","link":"https:\/\/www.autonvaraosahaku.fi\/?product=luk-600-0136-00-kytkinpaketti","title":{"rendered":"LuK 600 0136 00 Kytkinpaketti"},"content":{"rendered":"<p>Korvaava tuote\/korvaava tiedote 2: irroitinlaakerilla, Vauhtipy\u00f6r\u00e4ll\u00e4, Ruuvisarjalla, Ruuvisarjalla, Erikoisty\u00f6kalu tarpeen asennuksessa, Kaksoismassavauhtipy\u00f6r\u00e4 kitka-ohjauslevyll\u00e4; J\u00e4lkis\u00e4\u00e4t\u00f6: Automaattisella s\u00e4\u00e4d\u00f6ll\u00e4, Automaattisella s\u00e4\u00e4d\u00f6ll\u00e4; Kiinnitysreikien lukum\u00e4\u00e4r\u00e4: 8, 8; suurin p\u00e4\u00e4st\u00f6kulma [Grad]: 20; Hammaslukum\u00e4\u00e4r\u00e4 (suurimman p\u00e4\u00e4st\u00f6kulman ilmoitus): 7; suurin heitto [mm]: 2,9; Lis\u00e4tarvike\/lis\u00e4tieto: ilman ohjauslaakeria; Tuotelinja: BR 0241; Valmistusvuoteen: 10\/2011; LANCIA: PHEDRA 179; FIAT: SCUDO 270_,ULYSSE 179AX,SCUDO Kasten 270_,SCUDO Pritsche\/Fahrgestell 270_; CITRO\u00cbN: C5 III Break TD_,C4 Picasso I UD_,C4 Grand Picasso I UA_,C8 EA_, EB_,C4 I LC_,C5 II Break RE_,C5 III RD_,C4 Coupe LA_,C5 II RC_,JUMPY,JUMPY Kasten; PEUGEOT: 307 SW 3H,307 CC 3B,407 SW 6E_,307 3A\/C,308 SW,807 E,308 4A_, 4C_,307 Break 3E,508 SW,607 9D, 9U,407 6D_,308 CC,508,407 Coupe 6C_,EXPERT Tepee VF3V_,EXPERT Kasten VF3A_, VF3U_, VF3X_,EXPERT Pritsche\/Fahrgestell; 0532S7, 1611271480, 1611271780, 1613938680, 204172, 2041A9, 2051N9, 2052N0, 2052N4, 2052P3, 9663452980, 9664361680, 9676364880, 1611271480, 1611271780, 9467558580, 9467621580, 9647162280, 9660745680, 9664362080, 9675835180, 0532Q9, 0532S7, 0532X7, 1611271480, 1611271780, 1613938680, 204172, 2041A9, 2051N9, 2052H3, 2052H4, 2052L3, 2052N3, 2052N4, 2052P3, 9647162280, 9660745680, 9663452980, 9664361680, 9664362080, 9676364880; Kytkinsarja<\/p>\n","protected":false},"excerpt":{"rendered":"<p>LuK Kytkinpaketti 600 0136 00 Kytkinsarja LANCIA,FIAT,CITRO\u00cbN,PHEDRA 179,SCUDO 270_,ULYSSE 179AX,SCUDO Kasten 270_,SCUDO Pritsche\/Fahrgestell 270_<\/p>\n","protected":false},"featured_media":0,"template":"","meta":{"site-sidebar-layout":"default","site-content-layout":"default","ast-global-header-display":"","ast-main-header-display":"","ast-hfb-above-header-display":"","ast-hfb-below-header-display":"","ast-hfb-mobile-header-display":"","site-post-title":"","ast-breadcrumbs-content":"","ast-featured-img":"","footer-sml-layout":"","theme-transparent-header-meta":"","adv-header-id-meta":"","stick-header-meta":"","header-above-stick-meta":"","header-main-stick-meta":"","header-below-stick-meta":""},"pwb-brand":[20],"product_cat":[21],"product_tag":[],"class_list":{"0":"post-29163","1":"product","2":"type-product","3":"status-publish","5":"pwb-brand-luk","6":"product_cat-kytkinpaketti","7":"desktop-align-left","8":"tablet-align-left","9":"mobile-align-left","11":"first","12":"instock","13":"product-type-external"},"brands":[{"id":20,"name":"LuK","slug":"luk"}],"_links":{"self":[{"href":"https:\/\/www.autonvaraosahaku.fi\/index.php?rest_route=\/wp\/v2\/product\/29163","targetHints":{"allow":["GET"]}}],"collection":[{"href":"https:\/\/www.autonvaraosahaku.fi\/index.php?rest_route=\/wp\/v2\/product"}],"about":[{"href":"https:\/\/www.autonvaraosahaku.fi\/index.php?rest_route=\/wp\/v2\/types\/product"}],"wp:attachment":[{"href":"https:\/\/www.autonvaraosahaku.fi\/index.php?rest_route=%2Fwp%2Fv2%2Fmedia&parent=29163"}],"wp:term":[{"taxonomy":"pwb-brand","embeddable":true,"href":"https:\/\/www.autonvaraosahaku.fi\/index.php?rest_route=%2Fwp%2Fv2%2Fpwb-brand&post=29163"},{"taxonomy":"product_cat","embeddable":true,"href":"https:\/\/www.autonvaraosahaku.fi\/index.php?rest_route=%2Fwp%2Fv2%2Fproduct_cat&post=29163"},{"taxonomy":"product_tag","embeddable":true,"href":"https:\/\/www.autonvaraosahaku.fi\/index.php?rest_route=%2Fwp%2Fv2%2Fproduct_tag&post=29163"}],"curies":[{"name":"wp","href":"https:\/\/api.w.org\/{rel}","templated":true}]}}