{"id":29176,"date":"2021-02-21T16:01:11","date_gmt":"2021-02-21T16:01:11","guid":{"rendered":"https:\/\/www.autonvaraosahaku.fi\/?product=topran-112-409-anturit-sensorit"},"modified":"2021-02-21T16:01:14","modified_gmt":"2021-02-21T16:01:14","slug":"topran-112-409-anturit-sensorit","status":"publish","type":"product","link":"https:\/\/www.autonvaraosahaku.fi\/?product=topran-112-409-anturit-sensorit","title":{"rendered":"TOPRAN 112 409 Anturit (sensorit)"},"content":{"rendered":"<p>Napojen m\u00e4\u00e4r\u00e4: 5; Korvaava tuote\/korvaava tiedote 2: sulakkeella; Huomioi ajoneuvovalmistajan vaatimukset: ; Jarru-\/ajodynamiikka: f\u00fcr Fahrzeuge ohne ESP; VW: GOLF IV 1J1,PASSAT Variant 3B6,GOLF IV Variant 1J5,SHARAN 7M8, 7M9, 7M6,PASSAT Variant 3B5,FOX 5Z1, 5Z3,BORA 1J2,PASSAT 3B2,NEW BEETLE 9C1, 1C1,PASSAT 3B3,BORA Kombi 1J6,NEW BEETLE Cabriolet 1Y7; AUDI: A3 8L1,A4 8D2, B5,A6 Avant 4B5, C5,A4 Avant 8D5, B5,A6 4B2, C5,TT 8N3,TT Roadster 8N9; SKODA: FABIA Combi 6Y5,FABIA 6Y2,OCTAVIA Combi 1U5,OCTAVIA 1U2,SUPERB 3U4,FABIA Stufenheck 6Y3,FABIA Praktik; SEAT: LEON 1M1,ALHAMBRA 7V8, 7V9,TOLEDO II 1M2; 1J0959653, 1J0959653A, 1J0959653C, 1J0959653E, 1J0959653, 1J0959653A, 1J0959653C, 1J0959653E, 1J0959653, 1J0959653A, 1J0959653C, 1J0959653E, 1J0959653, 1J0959653A, 1J0959653C, 1J0959653E<\/p>\n","protected":false},"excerpt":{"rendered":"<p>TOPRAN Ohjauskulman Anturi 112 409  VW,AUDI,SKODA,GOLF IV 1J1,PASSAT Variant 3B6,GOLF IV Variant 1J5,SHARAN 7M8, 7M9, 7M6,PASSAT Variant 3B5<\/p>\n","protected":false},"featured_media":0,"template":"","meta":{"site-sidebar-layout":"default","site-content-layout":"default","ast-global-header-display":"","ast-main-header-display":"","ast-hfb-above-header-display":"","ast-hfb-below-header-display":"","ast-hfb-mobile-header-display":"","site-post-title":"","ast-breadcrumbs-content":"","ast-featured-img":"","footer-sml-layout":"","theme-transparent-header-meta":"","adv-header-id-meta":"","stick-header-meta":"","header-above-stick-meta":"","header-main-stick-meta":"","header-below-stick-meta":""},"pwb-brand":[18],"product_cat":[98],"product_tag":[],"class_list":{"0":"post-29176","1":"product","2":"type-product","3":"status-publish","5":"pwb-brand-topran","6":"product_cat-anturit-sensorit","7":"desktop-align-left","8":"tablet-align-left","9":"mobile-align-left","11":"first","12":"instock","13":"product-type-external"},"brands":[{"id":18,"name":"TOPRAN","slug":"topran"}],"_links":{"self":[{"href":"https:\/\/www.autonvaraosahaku.fi\/index.php?rest_route=\/wp\/v2\/product\/29176","targetHints":{"allow":["GET"]}}],"collection":[{"href":"https:\/\/www.autonvaraosahaku.fi\/index.php?rest_route=\/wp\/v2\/product"}],"about":[{"href":"https:\/\/www.autonvaraosahaku.fi\/index.php?rest_route=\/wp\/v2\/types\/product"}],"wp:attachment":[{"href":"https:\/\/www.autonvaraosahaku.fi\/index.php?rest_route=%2Fwp%2Fv2%2Fmedia&parent=29176"}],"wp:term":[{"taxonomy":"pwb-brand","embeddable":true,"href":"https:\/\/www.autonvaraosahaku.fi\/index.php?rest_route=%2Fwp%2Fv2%2Fpwb-brand&post=29176"},{"taxonomy":"product_cat","embeddable":true,"href":"https:\/\/www.autonvaraosahaku.fi\/index.php?rest_route=%2Fwp%2Fv2%2Fproduct_cat&post=29176"},{"taxonomy":"product_tag","embeddable":true,"href":"https:\/\/www.autonvaraosahaku.fi\/index.php?rest_route=%2Fwp%2Fv2%2Fproduct_tag&post=29176"}],"curies":[{"name":"wp","href":"https:\/\/api.w.org\/{rel}","templated":true}]}}