{"id":29178,"date":"2021-02-21T16:01:11","date_gmt":"2021-02-21T16:01:11","guid":{"rendered":"https:\/\/www.autonvaraosahaku.fi\/?product=trw-df6133s-jarrulevyt"},"modified":"2021-02-21T16:01:14","modified_gmt":"2021-02-21T16:01:14","slug":"trw-df6133s-jarrulevyt","status":"publish","type":"product","link":"https:\/\/www.autonvaraosahaku.fi\/?product=trw-df6133s-jarrulevyt","title":{"rendered":"TRW DF6133S Jarrulevyt"},"content":{"rendered":"<p>Jarrulevytyyppi: Tuuletettu; Ulkol\u00e4pimitta [mm]: 340; Jarrulevyn paksuus (mm): 30; V\u00e4himm\u00e4ispaksuus (mm): 27; Reikien m\u00e4\u00e4r\u00e4: 5; Korkeus (mm): 49,7; keskitt\u00e4misl\u00e4pimitta [mm]: 65; Reik\u00e4ympyr\u00e4-\u00d8 [mm]: 112; Kierremitta: 15,3; V\u00e4ri: Musta; Pinta: Lakattu; Tarkistuskilpi: E1 90R 02C0176\/0601; Asennuspuoli: Vorderachse; VW: PASSAT Variant 365,GOLF VII 5G1, BE1,GOLF VII Kombi BA5,PASSAT CC 357,PASSAT 362,CC 358,PASSAT ALLTRACK 365,PASSAT Variant 3G5,GOLF SPORTSVAN AM1,TIGUAN AD1,PASSAT A32,PASSAT 3G2,PASSAT ALLTRACK 3G5,ARTEON 3H7,TIGUAN ALLSPACE BW2; AUDI: A3 Sportback 8VA,A3 Limousine 8VS,A3 8V1,A3 Cabriolet 8V7,TT Roadster FV9; SKODA: OCTAVIA Combi 5E5,OCTAVIA 5E3,SUPERB Kombi 3V5,KODIAQ NS7,SUPERB 3V3; SEAT: LEON 5F1,LEON ST 5F8,LEON SC 5F5; 1K0615301AD, 5Q0615301G, 8S0615301, 5Q0615301G, 1K0615301AD, 5Q0615301G, 1K0615301AD, 5Q0615301G, 1K0615301AD, 5Q0615301G; Jarrulevy<\/p>\n","protected":false},"excerpt":{"rendered":"<p>TRW Jarrulevyt DF6133S Jarrulevy VW,AUDI,SKODA,PASSAT Variant 365,GOLF VII 5G1, BE1,GOLF VII Kombi BA5,PASSAT CC 357,PASSAT 362,CC 358<\/p>\n","protected":false},"featured_media":0,"template":"","meta":{"site-sidebar-layout":"default","site-content-layout":"default","ast-global-header-display":"","ast-main-header-display":"","ast-hfb-above-header-display":"","ast-hfb-below-header-display":"","ast-hfb-mobile-header-display":"","site-post-title":"","ast-breadcrumbs-content":"","ast-featured-img":"","footer-sml-layout":"","theme-transparent-header-meta":"","adv-header-id-meta":"","stick-header-meta":"","header-above-stick-meta":"","header-main-stick-meta":"","header-below-stick-meta":""},"pwb-brand":[332],"product_cat":[66],"product_tag":[],"class_list":{"0":"post-29178","1":"product","2":"type-product","3":"status-publish","5":"pwb-brand-trw","6":"product_cat-jarrulevyt","7":"desktop-align-left","8":"tablet-align-left","9":"mobile-align-left","11":"first","12":"instock","13":"product-type-external"},"brands":[{"id":332,"name":"TRW","slug":"trw"}],"_links":{"self":[{"href":"https:\/\/www.autonvaraosahaku.fi\/index.php?rest_route=\/wp\/v2\/product\/29178","targetHints":{"allow":["GET"]}}],"collection":[{"href":"https:\/\/www.autonvaraosahaku.fi\/index.php?rest_route=\/wp\/v2\/product"}],"about":[{"href":"https:\/\/www.autonvaraosahaku.fi\/index.php?rest_route=\/wp\/v2\/types\/product"}],"wp:attachment":[{"href":"https:\/\/www.autonvaraosahaku.fi\/index.php?rest_route=%2Fwp%2Fv2%2Fmedia&parent=29178"}],"wp:term":[{"taxonomy":"pwb-brand","embeddable":true,"href":"https:\/\/www.autonvaraosahaku.fi\/index.php?rest_route=%2Fwp%2Fv2%2Fpwb-brand&post=29178"},{"taxonomy":"product_cat","embeddable":true,"href":"https:\/\/www.autonvaraosahaku.fi\/index.php?rest_route=%2Fwp%2Fv2%2Fproduct_cat&post=29178"},{"taxonomy":"product_tag","embeddable":true,"href":"https:\/\/www.autonvaraosahaku.fi\/index.php?rest_route=%2Fwp%2Fv2%2Fproduct_tag&post=29178"}],"curies":[{"name":"wp","href":"https:\/\/api.w.org\/{rel}","templated":true}]}}