{"id":29223,"date":"2021-02-21T16:01:25","date_gmt":"2021-02-21T16:01:25","guid":{"rendered":"https:\/\/www.autonvaraosahaku.fi\/?product=hella-9xw-184-107-281-pyyhkijansulat"},"modified":"2021-02-21T16:01:26","modified_gmt":"2021-02-21T16:01:26","slug":"hella-9xw-184-107-281-pyyhkijansulat","status":"publish","type":"product","link":"https:\/\/www.autonvaraosahaku.fi\/?product=hella-9xw-184-107-281-pyyhkijansulat","title":{"rendered":"HELLA 9XW 184 107-281 Pyyhkij\u00e4nsulat"},"content":{"rendered":"<p>Asennuspuoli: Edess\u00e4, fahrerseitig; Pituus (mm): 700; Pituus (tuumaa): 28; Vasen \/ oikea liikenne: Ohjaus vasemmalla; M\u00e4\u00e4r\u00e4: 1; Tuotelinja: Truck; Pyyhkij\u00e4nsulkatyyppi: Tavallinen; AUDI: A2 8Z0; VOLVO: FL10,FL12,FL7; MERCEDES-BENZ: ACTROS,ACTROS MP2 \/ MP3,NG,O 302,O 303,O 305,O 307; CHRYSLER: VOYAGER IV RG, RS,VOYAGER III GS; FORD: TRANSIT MK-7 Kasten,TRANSIT MK-7 Bus,TRANSIT Kasten FA_ _,TRANSIT Bus FD_ _, FB_ _, FS_ _, FZ_ _, FC_ _,TRANSIT MK-7 Pritsche\/Fahrgestell,TRANSIT Pritsche\/Fahrgestell FM_ _, FN_ _,TRANSIT TOURNEO FB,TRANSIT Custom Pritsche\/Fahrgestell; TOYOTA: PREVIA MCR3_, ACR3_, CLR3_; RENAULT: MASTER I Kasten T__,MASTER I Bus T__,MASTER I Pritsche\/Fahrgestell P__; MITSUBISHI: GRANDIS NA_W; DODGE: CARAVAN RG_; VAN HOOL: T-Serie; 0018204845, A0018204845; Tuulilasinpyyhkimet,Pyyhkij\u00e4t,Pyyhkij\u00e4nsulka<\/p>\n","protected":false},"excerpt":{"rendered":"<p>HELLA Pyyhkij\u00e4nsulat 9XW 184 107-281 Tuulilasinpyyhkimet,Pyyhkij\u00e4t AUDI,VOLVO,MERCEDES-BENZ,A2 8Z0,FL10,FL12,FL7,ACTROS,ACTROS MP2 \/ MP3,NG,O 302<\/p>\n","protected":false},"featured_media":0,"template":"","meta":{"site-sidebar-layout":"default","site-content-layout":"default","ast-global-header-display":"","ast-main-header-display":"","ast-hfb-above-header-display":"","ast-hfb-below-header-display":"","ast-hfb-mobile-header-display":"","site-post-title":"","ast-breadcrumbs-content":"","ast-featured-img":"","footer-sml-layout":"","theme-transparent-header-meta":"","adv-header-id-meta":"","stick-header-meta":"","header-above-stick-meta":"","header-main-stick-meta":"","header-below-stick-meta":""},"pwb-brand":[24],"product_cat":[33],"product_tag":[],"class_list":{"0":"post-29223","1":"product","2":"type-product","3":"status-publish","5":"pwb-brand-hella","6":"product_cat-pyyhkijansulat","7":"desktop-align-left","8":"tablet-align-left","9":"mobile-align-left","11":"first","12":"instock","13":"product-type-external"},"brands":[{"id":24,"name":"HELLA","slug":"hella"}],"_links":{"self":[{"href":"https:\/\/www.autonvaraosahaku.fi\/index.php?rest_route=\/wp\/v2\/product\/29223","targetHints":{"allow":["GET"]}}],"collection":[{"href":"https:\/\/www.autonvaraosahaku.fi\/index.php?rest_route=\/wp\/v2\/product"}],"about":[{"href":"https:\/\/www.autonvaraosahaku.fi\/index.php?rest_route=\/wp\/v2\/types\/product"}],"wp:attachment":[{"href":"https:\/\/www.autonvaraosahaku.fi\/index.php?rest_route=%2Fwp%2Fv2%2Fmedia&parent=29223"}],"wp:term":[{"taxonomy":"pwb-brand","embeddable":true,"href":"https:\/\/www.autonvaraosahaku.fi\/index.php?rest_route=%2Fwp%2Fv2%2Fpwb-brand&post=29223"},{"taxonomy":"product_cat","embeddable":true,"href":"https:\/\/www.autonvaraosahaku.fi\/index.php?rest_route=%2Fwp%2Fv2%2Fproduct_cat&post=29223"},{"taxonomy":"product_tag","embeddable":true,"href":"https:\/\/www.autonvaraosahaku.fi\/index.php?rest_route=%2Fwp%2Fv2%2Fproduct_tag&post=29223"}],"curies":[{"name":"wp","href":"https:\/\/api.w.org\/{rel}","templated":true}]}}