{"id":29233,"date":"2021-02-21T16:01:25","date_gmt":"2021-02-21T16:01:25","guid":{"rendered":"https:\/\/www.autonvaraosahaku.fi\/?product=beru-z235-sytytystulpat"},"modified":"2021-02-21T16:01:27","modified_gmt":"2021-02-21T16:01:27","slug":"beru-z235-sytytystulpat","status":"publish","type":"product","link":"https:\/\/www.autonvaraosahaku.fi\/?product=beru-z235-sytytystulpat","title":{"rendered":"BERU Z235 Sytytystulpat"},"content":{"rendered":"<p>K\u00e4rkiv\u00e4li (mm): 1; Liittimet: SAE; Kierremitta: M14x1,25; Avainv\u00e4li: 16 mm; Sytytystulppa: 1-maaelektroodi, suoralla istukalla; Kierteen pituus (mm): 26,5; Teknisten tietojen numero: 14 FR-7 SPUX03; Itsepalvelupakattu, katso osaluettelo: ; Kiristysmomentti > [Nm]: 20; Kiristysmomentti enint\u00e4\u00e4n [Nm]: 30; Tuotelinja: ULTRA; Tarvittava kappalem\u00e4\u00e4r\u00e4: 6; BMW: 3 Touring E91,3 E90,5 E60,1 E87,5 Touring E61,X3 E83,5 F10, F18,X1 E84,1 E81,X5 E70,X3 F25,3 Coupe E92,Z4 E85,3 Cabriolet E93,7 E65, E66, E67,1 Cabriolet E88,7 F01, F02, F03, F04,1 Coupe E82,Z4 E89,6 E63,Z4 Coupe E86,6 Cabriolet E64; SAAB: 9-3 YS3F,9-3 Kombi YS3F,9-3 Cabriolet YS3F,9-5 YS3G; OPEL: INSIGNIA Caravan,VECTRA C Caravan,SIGNUM,VECTRA C,VECTRA C GTS,INSIGNIA,INSIGNIA Stufenheck; SMART: FORFOUR 454; MITSUBISHI: COLT VI Z3_A, Z2_A; WIESMANN: MF3 Roadster; VAUXHALL: INSIGNIA Mk I A,VECTRA Mk II C CC,INSIGNIA Mk I A Estate,VECTRA Mk II C Estate,INSIGNIA Mk I A Sedan; 12120032137, 12120032138, 12120035915, 12122158253, MA848593, MN128362, MN128363, 1214065, 1214527, 12788884, 1351500118, A1351500118, 9091901191; Tulpat,Sytytystulppa<\/p>\n","protected":false},"excerpt":{"rendered":"<p>BERU Sytytystulpat Z235 Tulpat,Sytytystulppa BMW,SAAB,OPEL,3 Touring E91,3 E90,5 E60,1 E87,5 Touring E61,X3 E83,5 F10, F18,X1 E84,1 E81,X5 E70,X3 F25<\/p>\n","protected":false},"featured_media":0,"template":"","meta":{"site-sidebar-layout":"default","site-content-layout":"default","ast-global-header-display":"","ast-main-header-display":"","ast-hfb-above-header-display":"","ast-hfb-below-header-display":"","ast-hfb-mobile-header-display":"","site-post-title":"","ast-breadcrumbs-content":"","ast-featured-img":"","footer-sml-layout":"","theme-transparent-header-meta":"","adv-header-id-meta":"","stick-header-meta":"","header-above-stick-meta":"","header-main-stick-meta":"","header-below-stick-meta":""},"pwb-brand":[327],"product_cat":[165],"product_tag":[],"class_list":{"0":"post-29233","1":"product","2":"type-product","3":"status-publish","5":"pwb-brand-beru","6":"product_cat-sytytystulpat","7":"desktop-align-left","8":"tablet-align-left","9":"mobile-align-left","11":"first","12":"instock","13":"product-type-external"},"brands":[{"id":327,"name":"BERU","slug":"beru"}],"_links":{"self":[{"href":"https:\/\/www.autonvaraosahaku.fi\/index.php?rest_route=\/wp\/v2\/product\/29233","targetHints":{"allow":["GET"]}}],"collection":[{"href":"https:\/\/www.autonvaraosahaku.fi\/index.php?rest_route=\/wp\/v2\/product"}],"about":[{"href":"https:\/\/www.autonvaraosahaku.fi\/index.php?rest_route=\/wp\/v2\/types\/product"}],"wp:attachment":[{"href":"https:\/\/www.autonvaraosahaku.fi\/index.php?rest_route=%2Fwp%2Fv2%2Fmedia&parent=29233"}],"wp:term":[{"taxonomy":"pwb-brand","embeddable":true,"href":"https:\/\/www.autonvaraosahaku.fi\/index.php?rest_route=%2Fwp%2Fv2%2Fpwb-brand&post=29233"},{"taxonomy":"product_cat","embeddable":true,"href":"https:\/\/www.autonvaraosahaku.fi\/index.php?rest_route=%2Fwp%2Fv2%2Fproduct_cat&post=29233"},{"taxonomy":"product_tag","embeddable":true,"href":"https:\/\/www.autonvaraosahaku.fi\/index.php?rest_route=%2Fwp%2Fv2%2Fproduct_tag&post=29233"}],"curies":[{"name":"wp","href":"https:\/\/api.w.org\/{rel}","templated":true}]}}