{"id":29243,"date":"2021-02-21T16:01:29","date_gmt":"2021-02-21T16:01:29","guid":{"rendered":"https:\/\/www.autonvaraosahaku.fi\/?product=japanparts-fo-eco076-oljynsuodatin"},"modified":"2021-02-21T16:01:30","modified_gmt":"2021-02-21T16:01:30","slug":"japanparts-fo-eco076-oljynsuodatin","status":"publish","type":"product","link":"https:\/\/www.autonvaraosahaku.fi\/?product=japanparts-fo-eco076-oljynsuodatin","title":{"rendered":"JAPANPARTS FO-ECO076 \u00d6ljynsuodatin"},"content":{"rendered":"<p>Suodatintyyppi: Suodatinpanos; Pituus (mm): 104; Ulkol\u00e4pimitta [mm]: 65; Sis\u00e4l\u00e4pimitta [mm]: 20; Valmistusvuosi alkaen: 04\/2008; KIA: SPORTAGE SL,CEE&#8217;D SW ED,CEE&#8217;D Schr\u00e4gheck ED,VENGA YN,RIO III UB,CEE&#8217;D JD,PRO CEE&#8217;D ED,CARENS IV,SOUL AM,PRO CEE\u00b4D JD,OPTIMA,SPORTAGE QL,SOUL II PS,OPTIMA Sportswagon,RIO IV YB,STONIC YB; HYUNDAI: ix35 LM, EL, ELH,i30 FD,i20 PB, PBT,i30 CW FD,i40 CW VF,i30 GD,ix20 JC,MATRIX FC,i30 CW GD,SONATA V NF,GENESIS Coupe,i40 VF,ACCENT III MC,ACCENT III Stufenheck MC,TUCSON,ELANTRA Stufenheck MD, UD,i20 GB,ACCENT IV Stufenheck RB,i30 PDE,i20 Coupe; 263102A500, 263102A501, 263102A510, 263102A520, 263102A610, 263202A500, 263202A501, 263203C300, 263203C30A, 263203C700, 263203F100, 263303C250, 263102A510, 263202A500, 263203C300, 263203C30A, 263203C700<\/p>\n","protected":false},"excerpt":{"rendered":"<p>JAPANPARTS \u00d6ljynsuodatin FO-ECO076  KIA,HYUNDAI,SPORTAGE SL,CEE&#8217;D SW ED,CEE&#8217;D Schr\u00e4gheck ED,VENGA YN,RIO III UB,CEE&#8217;D JD,PRO CEE&#8217;D ED,CARENS IV<\/p>\n","protected":false},"featured_media":0,"template":"","meta":{"site-sidebar-layout":"default","site-content-layout":"default","ast-global-header-display":"","ast-main-header-display":"","ast-hfb-above-header-display":"","ast-hfb-below-header-display":"","ast-hfb-mobile-header-display":"","site-post-title":"","ast-breadcrumbs-content":"","ast-featured-img":"","footer-sml-layout":"","theme-transparent-header-meta":"","adv-header-id-meta":"","stick-header-meta":"","header-above-stick-meta":"","header-main-stick-meta":"","header-below-stick-meta":""},"pwb-brand":[334],"product_cat":[30],"product_tag":[],"class_list":{"0":"post-29243","1":"product","2":"type-product","3":"status-publish","5":"pwb-brand-japanparts","6":"product_cat-oljynsuodatin","7":"desktop-align-left","8":"tablet-align-left","9":"mobile-align-left","11":"first","12":"instock","13":"product-type-external"},"brands":[{"id":334,"name":"JAPANPARTS","slug":"japanparts"}],"_links":{"self":[{"href":"https:\/\/www.autonvaraosahaku.fi\/index.php?rest_route=\/wp\/v2\/product\/29243","targetHints":{"allow":["GET"]}}],"collection":[{"href":"https:\/\/www.autonvaraosahaku.fi\/index.php?rest_route=\/wp\/v2\/product"}],"about":[{"href":"https:\/\/www.autonvaraosahaku.fi\/index.php?rest_route=\/wp\/v2\/types\/product"}],"wp:attachment":[{"href":"https:\/\/www.autonvaraosahaku.fi\/index.php?rest_route=%2Fwp%2Fv2%2Fmedia&parent=29243"}],"wp:term":[{"taxonomy":"pwb-brand","embeddable":true,"href":"https:\/\/www.autonvaraosahaku.fi\/index.php?rest_route=%2Fwp%2Fv2%2Fpwb-brand&post=29243"},{"taxonomy":"product_cat","embeddable":true,"href":"https:\/\/www.autonvaraosahaku.fi\/index.php?rest_route=%2Fwp%2Fv2%2Fproduct_cat&post=29243"},{"taxonomy":"product_tag","embeddable":true,"href":"https:\/\/www.autonvaraosahaku.fi\/index.php?rest_route=%2Fwp%2Fv2%2Fproduct_tag&post=29243"}],"curies":[{"name":"wp","href":"https:\/\/api.w.org\/{rel}","templated":true}]}}