{"id":29244,"date":"2021-02-21T16:01:29","date_gmt":"2021-02-21T16:01:29","guid":{"rendered":"https:\/\/www.autonvaraosahaku.fi\/?product=mapco-60603-ilmansuodatin"},"modified":"2021-02-21T16:01:30","modified_gmt":"2021-02-21T16:01:30","slug":"mapco-60603-ilmansuodatin","status":"publish","type":"product","link":"https:\/\/www.autonvaraosahaku.fi\/?product=mapco-60603-ilmansuodatin","title":{"rendered":"MAPCO 60603 Ilmansuodatin"},"content":{"rendered":"<p>Suodatintyyppi: Suodatinpanos; Muoto: Py\u00f6re\u00e4; Ulkol\u00e4pimitta [mm]: 142; Sis\u00e4l\u00e4pimitta [mm]: 121; Korkeus (mm): 380; Valmistaja rajaus: Motorcode M47N204D; Moottorinumero: M47N 204; BMW: 3 E46,3 Touring E91,3 E90,5 E39,5 E60,1 E87,5 Touring E61,3 Touring E46,X3 E83,5 Touring E39,3 Compact E46,3 Coupe E46,1 E81,3 Cabriolet E46; LAND ROVER: FREELANDER LN; ROVER: 75 RJ,75 Tourer RJ; MG: MG ZT- T,MG ZT; 13712246997, GFE2421, LR007478, PHE100500L, PHE100500, PHE100500L<\/p>\n","protected":false},"excerpt":{"rendered":"<p>MAPCO Ilmansuodatin 60603  BMW,LAND ROVER,ROVER,3 E46,3 Touring E91,3 E90,5 E39,5 E60,1 E87,5 Touring E61,3 Touring E46,X3 E83,5 Touring E39<\/p>\n","protected":false},"featured_media":0,"template":"","meta":{"site-sidebar-layout":"default","site-content-layout":"default","ast-global-header-display":"","ast-main-header-display":"","ast-hfb-above-header-display":"","ast-hfb-below-header-display":"","ast-hfb-mobile-header-display":"","site-post-title":"","ast-breadcrumbs-content":"","ast-featured-img":"","footer-sml-layout":"","theme-transparent-header-meta":"","adv-header-id-meta":"","stick-header-meta":"","header-above-stick-meta":"","header-main-stick-meta":"","header-below-stick-meta":""},"pwb-brand":[36],"product_cat":[31],"product_tag":[],"class_list":{"0":"post-29244","1":"product","2":"type-product","3":"status-publish","5":"pwb-brand-mapco","6":"product_cat-ilmansuodatin","7":"desktop-align-left","8":"tablet-align-left","9":"mobile-align-left","11":"first","12":"instock","13":"product-type-external"},"brands":[{"id":36,"name":"MAPCO","slug":"mapco"}],"_links":{"self":[{"href":"https:\/\/www.autonvaraosahaku.fi\/index.php?rest_route=\/wp\/v2\/product\/29244","targetHints":{"allow":["GET"]}}],"collection":[{"href":"https:\/\/www.autonvaraosahaku.fi\/index.php?rest_route=\/wp\/v2\/product"}],"about":[{"href":"https:\/\/www.autonvaraosahaku.fi\/index.php?rest_route=\/wp\/v2\/types\/product"}],"wp:attachment":[{"href":"https:\/\/www.autonvaraosahaku.fi\/index.php?rest_route=%2Fwp%2Fv2%2Fmedia&parent=29244"}],"wp:term":[{"taxonomy":"pwb-brand","embeddable":true,"href":"https:\/\/www.autonvaraosahaku.fi\/index.php?rest_route=%2Fwp%2Fv2%2Fpwb-brand&post=29244"},{"taxonomy":"product_cat","embeddable":true,"href":"https:\/\/www.autonvaraosahaku.fi\/index.php?rest_route=%2Fwp%2Fv2%2Fproduct_cat&post=29244"},{"taxonomy":"product_tag","embeddable":true,"href":"https:\/\/www.autonvaraosahaku.fi\/index.php?rest_route=%2Fwp%2Fv2%2Fproduct_tag&post=29244"}],"curies":[{"name":"wp","href":"https:\/\/api.w.org\/{rel}","templated":true}]}}