{"id":29264,"date":"2021-02-21T16:01:34","date_gmt":"2021-02-21T16:01:34","guid":{"rendered":"https:\/\/www.autonvaraosahaku.fi\/?product=mahle-original-kc-18-polttoainesuodatin"},"modified":"2021-02-21T16:01:35","modified_gmt":"2021-02-21T16:01:35","slug":"mahle-original-kc-18-polttoainesuodatin","status":"publish","type":"product","link":"https:\/\/www.autonvaraosahaku.fi\/?product=mahle-original-kc-18-polttoainesuodatin","title":{"rendered":"MAHLE ORIGINAL KC 18 Polttoainesuodatin"},"content":{"rendered":"<p>Suodatintyyppi: Ruuvattava suodatin; Korkeus (mm): 156,0; Kopan l\u00e4pimitta (mm): 81,0; Ulkol\u00e4pimitta 2 [mm]: 70,0; Sis\u00e4l\u00e4pimitta 2 [mm]: 61,5; Liitinkierre: M16x1,5; Kiristysmomentti: 20, 20, 20; Suositellun erikoisty\u00f6kalun tuotenumero: OCS1, OCS1, OCS1; Valmistusvuoteen: 12\/1992; VW: TRANSPORTER III Bus,LT 28-35 I Kasten 281-363,GOLF I 17,LT 28-35 I Bus 281-363,CADDY I 14,JETTA II 19E, 1G2, 165,PASSAT Variant 32B,TRANSPORTER III Kasten,LT 28-35 I Pritsche\/Fahrgestell 281-363,TRANSPORTER III Pritsche\/Fahrgestell,PASSAT 32B,LT 40-55 I Pritsche\/Fahrgestell 293-909,JETTA I 16,PASSAT 32,LT 40-55 I Kasten 291-512,PASSAT Stufenheck 32B,PASSAT Variant 33,SANTANA 32B; AUDI: 100 44, 44Q, C3,80 81, 85, B2,100 Avant 44, 44Q, C3,90 81, 85, B2,100 43, C2,100 Avant 43, C2; SEAT: IBIZA I 021A,MALAGA 023A,RONDA 022A,RITMO 138; LAND ROVER: DEFENDER Station Wagon LD,RANGE ROVER II LP,DEFENDER Cabrio LD,DISCOVERY I LJ, LG,RANGE ROVER I AE, AN, HAA, HAB, HAM, HBM, RE, RN; LANCIA: DELTA I 831AB0,KAPPA 838A,THEMA 834,DELTA II 836,KAPPA SW 838B,DEDRA 835,DEDRA SW 835,THEMA SW 834,PRISMA 831AB0; IVECO: DAILY II Kasten\/Kombi,EUROCARGO I-III,EUROFIRE,EUROTRAKKER; ROVER: 2000-3500 Hatchback SD1,800 XS,800 Hatchback XS,800 Coupe,MONTEGO Estate XE,MAESTRO,MONTEGO; VOLVO: 940 II Kombi 945,940 Kombi 945,240 Kombi P245,740 Kombi 745,740 744,240 P242, P244,940 944,760 704, 764,340-360 343, 345,960 Kombi 965,760 Kombi 704, 765,940 II 944,960 964,340-360 Stufenheck 344,780,FLC; DAIHATSU: HIJET Kasten S85; FORD: F-SERIES; 60507208, 71736119, 0004465121, 068127177, 068127177B, 068127401, 70993018, 72080, 190661, 190663, 1906C6, 0004465121, 068127177, 068127177B, 068127401, 4932900000, 0000001902138, 0000004440952, 0000005981936, 0000009950443, 0004465121, 0004764725, 0007734171, 0007788444, 0060507208, 006050720800, 106000603000, 116760469600, 116760469601, 116760469602, 1310071080, 1345983080, 1902138, 1909142, 1930010, 2133943, 4440952, 4465121, 46440397, 4753103, 4764725, 4795601, 4813127, 4814454, 5951661, 5962400, 5981936, 60507208, 71736113, 71736119, 74035556, 7633062, 7734171, 7788444, 79075882, 82406319, 9936891, 9936981, 99419058, 9946972, 9950443, 2DR1271774, 5008876, 5010462, 5012582, 5014054, A810X9150CA, A820X9150AA, A840X9150BA, A850X9150BA, B61T9W365AA, BF5T9W365BA, EFG48, F0NN9176BA, 93156288, 1930010, 46440397, 5951661, 71736113, 7734171, 7788444, 9946972, AEU2147, AEU2147L, 190660, 190687, 1906C6, 493290, 7701030195, 866092, ADU9779, GFE5297, 00012572012, 1257201, 12572012, 243464, 3&#8230;<\/p>\n","protected":false},"excerpt":{"rendered":"<p>MAHLE ORIGINAL Polttoainesuodatin KC 18  VW,AUDI,SEAT,TRANSPORTER III Bus,LT 28-35 I Kasten 281-363,GOLF I 17,LT 28-35 I Bus 281-363,CADDY I 14<\/p>\n","protected":false},"featured_media":0,"template":"","meta":{"site-sidebar-layout":"default","site-content-layout":"default","ast-global-header-display":"","ast-main-header-display":"","ast-hfb-above-header-display":"","ast-hfb-below-header-display":"","ast-hfb-mobile-header-display":"","site-post-title":"","ast-breadcrumbs-content":"","ast-featured-img":"","footer-sml-layout":"","theme-transparent-header-meta":"","adv-header-id-meta":"","stick-header-meta":"","header-above-stick-meta":"","header-main-stick-meta":"","header-below-stick-meta":""},"pwb-brand":[153],"product_cat":[29],"product_tag":[],"class_list":{"0":"post-29264","1":"product","2":"type-product","3":"status-publish","5":"pwb-brand-mahle-original","6":"product_cat-polttoainesuodatin","7":"desktop-align-left","8":"tablet-align-left","9":"mobile-align-left","11":"first","12":"instock","13":"product-type-external"},"brands":[{"id":153,"name":"MAHLE ORIGINAL","slug":"mahle-original"}],"_links":{"self":[{"href":"https:\/\/www.autonvaraosahaku.fi\/index.php?rest_route=\/wp\/v2\/product\/29264","targetHints":{"allow":["GET"]}}],"collection":[{"href":"https:\/\/www.autonvaraosahaku.fi\/index.php?rest_route=\/wp\/v2\/product"}],"about":[{"href":"https:\/\/www.autonvaraosahaku.fi\/index.php?rest_route=\/wp\/v2\/types\/product"}],"wp:attachment":[{"href":"https:\/\/www.autonvaraosahaku.fi\/index.php?rest_route=%2Fwp%2Fv2%2Fmedia&parent=29264"}],"wp:term":[{"taxonomy":"pwb-brand","embeddable":true,"href":"https:\/\/www.autonvaraosahaku.fi\/index.php?rest_route=%2Fwp%2Fv2%2Fpwb-brand&post=29264"},{"taxonomy":"product_cat","embeddable":true,"href":"https:\/\/www.autonvaraosahaku.fi\/index.php?rest_route=%2Fwp%2Fv2%2Fproduct_cat&post=29264"},{"taxonomy":"product_tag","embeddable":true,"href":"https:\/\/www.autonvaraosahaku.fi\/index.php?rest_route=%2Fwp%2Fv2%2Fproduct_tag&post=29264"}],"curies":[{"name":"wp","href":"https:\/\/api.w.org\/{rel}","templated":true}]}}