{"id":29300,"date":"2021-02-21T16:01:43","date_gmt":"2021-02-21T16:01:43","guid":{"rendered":"https:\/\/www.autonvaraosahaku.fi\/?product=ridex-161b0013-ahtopaine-anturi"},"modified":"2021-02-21T16:01:43","modified_gmt":"2021-02-21T16:01:43","slug":"ridex-161b0013-ahtopaine-anturi","status":"publish","type":"product","link":"https:\/\/www.autonvaraosahaku.fi\/?product=ridex-161b0013-ahtopaine-anturi","title":{"rendered":"RIDEX 161B0013 Ahtopaine anturi"},"content":{"rendered":"<p>Napojen m\u00e4\u00e4r\u00e4: 3; Pistokkeen kotelon muoto: Soikea; Paine alkaen [kPA]: 10; Paine korkeintaan [kPa]: 261; Kiinnitysreikien lukum\u00e4\u00e4r\u00e4: 2; MERCEDES-BENZ: C-CLASS W203,E-CLASS W211,C-CLASS W204,A-CLASS W168,C-CLASS T-Model S204,C-CLASS T-Model S203,C-CLASS W202,E-CLASS T-Model S211,SLK R170,E-CLASS W210,E-CLASS W212,VIANO W639,C-CLASS Coupe CL203,M-CLASS W163,E-CLASS Kombi S210,VITO Bus W639,SLK R171,CLK C208,CLK C209,C-CLASS Kombi S202,S-CLASS W220,VITO \/ MIXTO Kasten W639,SPRINTER 3,5-t Kasten 906,S-CLASS W221,CLS C219,VANEO 414,SL R230,G-CLASS W463,CLK Cabriolet A208,CLK Cabriolet A209,SPRINTER 3,5-t Bus 906,SPRINTER 3-t Kasten 906,CLC-CLASS CL203,G-CLASS W461,SPRINTER 3,5-t Pritsche\/Fahrgestell 906,S-CLASS Coupe C215,S-CLASS Coupe C216,SPRINTER 3-t Bus 906,SPRINTER 5-t Kasten 906,SPRINTER 5-t Pritsche\/Fahrgestell 906,G-CLASS Cabrio W463,SPRINTER 3-t Pritsche\/Fahrgestell 906,SPRINTER 4,6-t Pritsche\/Fahrgestell 906,SLR R199,SLR ROADSTER R199; SMART: FORTWO Coupe 451,FORTWO Cabrio 451; 2E0906051A, 1734, 0041533128, 0041533328, 0051537228, 0061531428, 0061539828, A0041533128, A0041533328, A0051537228, A0061531428, A0061539828, MB16244349, 2E0906051A, 2E0906051A, 0016146V001, 0061531428, 0061539828, Q0016146V001, 2E0906051A; Imusarjan Painetunnistin,Imusarjan Paineanturi,Tunnistin, Ahtopaine<\/p>\n","protected":false},"excerpt":{"rendered":"<p>RIDEX MAP Sensor 161B0013 Imusarjan Painetunnistin,Imusarjan Paineanturi MERCEDES-BENZ,SMART,C-CLASS W203,E-CLASS W211,C-CLASS W204,A-CLASS W168<\/p>\n","protected":false},"featured_media":0,"template":"","meta":{"site-sidebar-layout":"default","site-content-layout":"default","ast-global-header-display":"","ast-main-header-display":"","ast-hfb-above-header-display":"","ast-hfb-below-header-display":"","ast-hfb-mobile-header-display":"","site-post-title":"","ast-breadcrumbs-content":"","ast-featured-img":"","footer-sml-layout":"","theme-transparent-header-meta":"","adv-header-id-meta":"","stick-header-meta":"","header-above-stick-meta":"","header-main-stick-meta":"","header-below-stick-meta":""},"pwb-brand":[157],"product_cat":[197],"product_tag":[],"class_list":{"0":"post-29300","1":"product","2":"type-product","3":"status-publish","5":"pwb-brand-ridex","6":"product_cat-ahtopaine-anturi","7":"desktop-align-left","8":"tablet-align-left","9":"mobile-align-left","11":"first","12":"instock","13":"product-type-external"},"brands":[{"id":157,"name":"RIDEX","slug":"ridex"}],"_links":{"self":[{"href":"https:\/\/www.autonvaraosahaku.fi\/index.php?rest_route=\/wp\/v2\/product\/29300","targetHints":{"allow":["GET"]}}],"collection":[{"href":"https:\/\/www.autonvaraosahaku.fi\/index.php?rest_route=\/wp\/v2\/product"}],"about":[{"href":"https:\/\/www.autonvaraosahaku.fi\/index.php?rest_route=\/wp\/v2\/types\/product"}],"wp:attachment":[{"href":"https:\/\/www.autonvaraosahaku.fi\/index.php?rest_route=%2Fwp%2Fv2%2Fmedia&parent=29300"}],"wp:term":[{"taxonomy":"pwb-brand","embeddable":true,"href":"https:\/\/www.autonvaraosahaku.fi\/index.php?rest_route=%2Fwp%2Fv2%2Fpwb-brand&post=29300"},{"taxonomy":"product_cat","embeddable":true,"href":"https:\/\/www.autonvaraosahaku.fi\/index.php?rest_route=%2Fwp%2Fv2%2Fproduct_cat&post=29300"},{"taxonomy":"product_tag","embeddable":true,"href":"https:\/\/www.autonvaraosahaku.fi\/index.php?rest_route=%2Fwp%2Fv2%2Fproduct_tag&post=29300"}],"curies":[{"name":"wp","href":"https:\/\/api.w.org\/{rel}","templated":true}]}}