{"id":29302,"date":"2021-02-21T16:01:43","date_gmt":"2021-02-21T16:01:43","guid":{"rendered":"https:\/\/www.autonvaraosahaku.fi\/?product=ridex-3946s0022-kampiakselin-asentotunnistin"},"modified":"2021-02-21T16:01:43","modified_gmt":"2021-02-21T16:01:43","slug":"ridex-3946s0022-kampiakselin-asentotunnistin","status":"publish","type":"product","link":"https:\/\/www.autonvaraosahaku.fi\/?product=ridex-3946s0022-kampiakselin-asentotunnistin","title":{"rendered":"RIDEX 3946S0022 Kampiakselin asentotunnistin"},"content":{"rendered":"<p>Pituus (mm): 350; Tarvittava kappalem\u00e4\u00e4r\u00e4: 1; Kaapelinmitta (mm): 350, 270; Tunnistinmalli: aktiivisensori, Hall-anturi; Napojen m\u00e4\u00e4r\u00e4: 3; Liittimi\u00e4: 3; Nimellisj\u00e4nnite (V): 12; Korvaava tuote\/korvaava tiedote 2: nokka-akselille, Kaapelilla; Kopan v\u00e4ri: Musta; Pistokkeen kotelon muoto: D-muoto; Kiinnitysreikien lukum\u00e4\u00e4r\u00e4: 1; Liittimen v\u00e4ri: Harmaa; Moottorinumero: ANY; VW: GOLF IV 1J1,GOLF V 1K1,POLO 9N_,TOURAN 1T1, 1T2,PASSAT Variant 3C5,GOLF PLUS 5M1, 521,LUPO 6X1, 6E1,PASSAT 3C2,GOLF IV Variant 1J5,SHARAN 7M8, 7M9, 7M6,POLO 6N2,TRANSPORTER V Bus 7HB, 7HJ, 7EB, 7EJ, 7EF,FOX 5Z1, 5Z3,GOLF V Variant 1K5,MULTIVAN V 7HM, 7HN, 7HF, 7EF, 7EM, 7EN,BORA 1J2,EOS 1F7, 1F8,TRANSPORTER V Kasten 7HA, 7HH, 7EA, 7EH,NEW BEETLE 9C1, 1C1,BORA Kombi 1J6,CRAFTER 30-50 Kasten 2E_,NEW BEETLE Cabriolet 1Y7,JETTA III 1K2,CRAFTER 30-35 Bus 2E_,TRANSPORTER V Pritsche\/Fahrgestell 7JD, 7JE, 7JL, 7JY, 7JZ,,POLO Stufenheck 9A4,CRAFTER 30-50 Pritsche\/Fahrgestell 2F_; AUDI: A3 8P1,A3 8L1,A3 Sportback 8PA,A2 8Z0,A3 Cabriolet 8P7; FORD: GALAXY WGR; SKODA: OCTAVIA Combi 1Z5,FABIA Combi 6Y5,FABIA 6Y2,OCTAVIA Combi 1U5,ROOMSTER 5J,OCTAVIA 1Z3,OCTAVIA 1U2,FABIA Stufenheck 6Y3,ROOMSTER Praktik 5J,FABIA Praktik; SEAT: IBIZA IV 6L1,LEON 1P1,IBIZA V 6J5, 6P5,LEON 1M1,ALTEA 5P1,AROSA 6H,ALHAMBRA 7V8, 7V9,ALTEA XL 5P5, 5P8,TOLEDO II 1M2,IBIZA V SPORTCOUPE 6J1, 6P1,CORDOBA 6L2,TOLEDO III 5P2; 03G906433, 03G957147, 03G957147B, 045957147D, 076906433, 3G906433, 3G957147, 3G957147B, 45957147D, 76906433, 03G906433, 03G957147, 03G957147B, 045957147D, 076906433, 3G906433, 3G957147, 3G957147B, 45957147D, 76906433, 03G906433, 03G957147, 03G957147B, 045957147D, 076906433, 3G906433, 3G957147, 3G957147B, 45957147D, 76906433, 03G906433, 03G957147, 03G957147B, 076906433, 3G906433, 3G957147, 3G957147B, 76906433; Nokka Akselin Anturi,Nokka Akselin Tunnistin,Tunnistin, Nokka-Akselin Ajoitus<\/p>\n","protected":false},"excerpt":{"rendered":"<p>RIDEX Nokka Akselin Asentotunnistin 3946S0022 Nokka Akselin Anturi,Nokka Akselin Tunnistin VW,AUDI,FORD,GOLF IV 1J1,GOLF V 1K1,POLO 9N_<\/p>\n","protected":false},"featured_media":0,"template":"","meta":{"site-sidebar-layout":"default","site-content-layout":"default","ast-global-header-display":"","ast-main-header-display":"","ast-hfb-above-header-display":"","ast-hfb-below-header-display":"","ast-hfb-mobile-header-display":"","site-post-title":"","ast-breadcrumbs-content":"","ast-featured-img":"","footer-sml-layout":"","theme-transparent-header-meta":"","adv-header-id-meta":"","stick-header-meta":"","header-above-stick-meta":"","header-main-stick-meta":"","header-below-stick-meta":""},"pwb-brand":[157],"product_cat":[184],"product_tag":[],"class_list":{"0":"post-29302","1":"product","2":"type-product","3":"status-publish","5":"pwb-brand-ridex","6":"product_cat-kampiakselin-asentotunnistin","7":"desktop-align-left","8":"tablet-align-left","9":"mobile-align-left","11":"first","12":"instock","13":"product-type-external"},"brands":[{"id":157,"name":"RIDEX","slug":"ridex"}],"_links":{"self":[{"href":"https:\/\/www.autonvaraosahaku.fi\/index.php?rest_route=\/wp\/v2\/product\/29302","targetHints":{"allow":["GET"]}}],"collection":[{"href":"https:\/\/www.autonvaraosahaku.fi\/index.php?rest_route=\/wp\/v2\/product"}],"about":[{"href":"https:\/\/www.autonvaraosahaku.fi\/index.php?rest_route=\/wp\/v2\/types\/product"}],"wp:attachment":[{"href":"https:\/\/www.autonvaraosahaku.fi\/index.php?rest_route=%2Fwp%2Fv2%2Fmedia&parent=29302"}],"wp:term":[{"taxonomy":"pwb-brand","embeddable":true,"href":"https:\/\/www.autonvaraosahaku.fi\/index.php?rest_route=%2Fwp%2Fv2%2Fpwb-brand&post=29302"},{"taxonomy":"product_cat","embeddable":true,"href":"https:\/\/www.autonvaraosahaku.fi\/index.php?rest_route=%2Fwp%2Fv2%2Fproduct_cat&post=29302"},{"taxonomy":"product_tag","embeddable":true,"href":"https:\/\/www.autonvaraosahaku.fi\/index.php?rest_route=%2Fwp%2Fv2%2Fproduct_tag&post=29302"}],"curies":[{"name":"wp","href":"https:\/\/api.w.org\/{rel}","templated":true}]}}