{"id":29317,"date":"2021-02-21T16:01:43","date_gmt":"2021-02-21T16:01:43","guid":{"rendered":"https:\/\/www.autonvaraosahaku.fi\/?product=stabilus-304490-takaluukun-kaasujousi"},"modified":"2021-02-21T16:01:46","modified_gmt":"2021-02-21T16:01:46","slug":"stabilus-304490-takaluukun-kaasujousi","status":"publish","type":"product","link":"https:\/\/www.autonvaraosahaku.fi\/?product=stabilus-304490-takaluukun-kaasujousi","title":{"rendered":"STABILUS 304490 Takaluukun kaasujousi"},"content":{"rendered":"<p>Ty\u00f6nt\u00f6voima [N]: 930; Pituus (mm): 309,5; Isku (mm): 93,5; Lis\u00e4tarvike\/lis\u00e4tieto: Ulkopuolisella jousella; Tuotelinja: \/\/  LIFT-O-MAT\u00ae; Asennuspuoli: beidseitig; CITRO\u00cbN: C5 II Break RE_,C5 I Break DE_; 8731F4, 9640894780; Kaasujousi, Tavaratila<\/p>\n","protected":false},"excerpt":{"rendered":"<p>STABILUS Takaluukun Kaasujousi 304490 Kaasujousi, Tavaratila CITRO\u00cbN,C5 II Break RE_,C5 I Break DE_<\/p>\n","protected":false},"featured_media":0,"template":"","meta":{"site-sidebar-layout":"default","site-content-layout":"default","ast-global-header-display":"","ast-main-header-display":"","ast-hfb-above-header-display":"","ast-hfb-below-header-display":"","ast-hfb-mobile-header-display":"","site-post-title":"","ast-breadcrumbs-content":"","ast-featured-img":"","footer-sml-layout":"","theme-transparent-header-meta":"","adv-header-id-meta":"","stick-header-meta":"","header-above-stick-meta":"","header-main-stick-meta":"","header-below-stick-meta":""},"pwb-brand":[218],"product_cat":[59],"product_tag":[],"class_list":{"0":"post-29317","1":"product","2":"type-product","3":"status-publish","5":"pwb-brand-stabilus","6":"product_cat-takaluukun-kaasujousi","7":"desktop-align-left","8":"tablet-align-left","9":"mobile-align-left","11":"first","12":"instock","13":"product-type-external"},"brands":[{"id":218,"name":"STABILUS","slug":"stabilus"}],"_links":{"self":[{"href":"https:\/\/www.autonvaraosahaku.fi\/index.php?rest_route=\/wp\/v2\/product\/29317","targetHints":{"allow":["GET"]}}],"collection":[{"href":"https:\/\/www.autonvaraosahaku.fi\/index.php?rest_route=\/wp\/v2\/product"}],"about":[{"href":"https:\/\/www.autonvaraosahaku.fi\/index.php?rest_route=\/wp\/v2\/types\/product"}],"wp:attachment":[{"href":"https:\/\/www.autonvaraosahaku.fi\/index.php?rest_route=%2Fwp%2Fv2%2Fmedia&parent=29317"}],"wp:term":[{"taxonomy":"pwb-brand","embeddable":true,"href":"https:\/\/www.autonvaraosahaku.fi\/index.php?rest_route=%2Fwp%2Fv2%2Fpwb-brand&post=29317"},{"taxonomy":"product_cat","embeddable":true,"href":"https:\/\/www.autonvaraosahaku.fi\/index.php?rest_route=%2Fwp%2Fv2%2Fproduct_cat&post=29317"},{"taxonomy":"product_tag","embeddable":true,"href":"https:\/\/www.autonvaraosahaku.fi\/index.php?rest_route=%2Fwp%2Fv2%2Fproduct_tag&post=29317"}],"curies":[{"name":"wp","href":"https:\/\/api.w.org\/{rel}","templated":true}]}}