{"id":29338,"date":"2021-02-21T16:01:48","date_gmt":"2021-02-21T16:01:48","guid":{"rendered":"https:\/\/www.autonvaraosahaku.fi\/?product=corteco-20018246b-kampiakselin-tiiviste"},"modified":"2021-02-21T16:01:51","modified_gmt":"2021-02-21T16:01:51","slug":"corteco-20018246b-kampiakselin-tiiviste","status":"publish","type":"product","link":"https:\/\/www.autonvaraosahaku.fi\/?product=corteco-20018246b-kampiakselin-tiiviste","title":{"rendered":"CORTECO 20018246B Kampiakselin tiiviste"},"content":{"rendered":"<p>Asennuspuoli: Vaihteiston puoli; Sis\u00e4l\u00e4pimitta 1 [mm]: 85; Ulkol\u00e4pimitta 1 [mm]: 105; Korkeus 1 (mm): 6,8; Korkeus 2 (mm): 11; Materiaali: FPM (fluori-kumi); Rihlamalli: Vasen kierre; Suojavaippa: Suojakumilla; Moottorinumero: F4R 874; VW: GOLF III 1H1,GOLF I Cabriolet 155,DERBY 86C, 80,SANTANA 32B; AUDI: A6 Avant 4B5, C5,200 43; MAZDA: MX-3 EC,929 III HC,323 II BD; SKODA: 105,120 744; BMW: 02 Cabriolet E10; SEAT: ALHAMBRA 7V8, 7V9; NISSAN: PRIMERA Kombi WP12,PRIMERA P12,PRIMERA Hatchback P12,PRIMASTAR Bus X83,PRIMASTAR Kasten X83,INTERSTAR Kasten X70,SUNNY III Liftback N14,INTERSTAR Bus X70,PRIMASTAR Pritsche\/Fahrgestell; HYUNDAI: SONATA III Y-3; VOLVO: V40 Kombi VW; DAIHATSU: CHARMANT A; 7703087224, 1227900QAB, 4404963, 9112963, 7703087224, 4404963; Akselitiiviste, Kampiakseli<\/p>\n","protected":false},"excerpt":{"rendered":"<p>CORTECO Kampiakselin Tiiviste 20018246B Akselitiiviste, Kampiakseli VW,AUDI,MAZDA,GOLF III 1H1,GOLF I Cabriolet 155,DERBY 86C, 80,SANTANA 32B<\/p>\n","protected":false},"featured_media":0,"template":"","meta":{"site-sidebar-layout":"default","site-content-layout":"default","ast-global-header-display":"","ast-main-header-display":"","ast-hfb-above-header-display":"","ast-hfb-below-header-display":"","ast-hfb-mobile-header-display":"","site-post-title":"","ast-breadcrumbs-content":"","ast-featured-img":"","footer-sml-layout":"","theme-transparent-header-meta":"","adv-header-id-meta":"","stick-header-meta":"","header-above-stick-meta":"","header-main-stick-meta":"","header-below-stick-meta":""},"pwb-brand":[53],"product_cat":[88],"product_tag":[],"class_list":{"0":"post-29338","1":"product","2":"type-product","3":"status-publish","5":"pwb-brand-corteco","6":"product_cat-kampiakselin-tiiviste","7":"desktop-align-left","8":"tablet-align-left","9":"mobile-align-left","11":"first","12":"instock","13":"product-type-external"},"brands":[{"id":53,"name":"CORTECO","slug":"corteco"}],"_links":{"self":[{"href":"https:\/\/www.autonvaraosahaku.fi\/index.php?rest_route=\/wp\/v2\/product\/29338","targetHints":{"allow":["GET"]}}],"collection":[{"href":"https:\/\/www.autonvaraosahaku.fi\/index.php?rest_route=\/wp\/v2\/product"}],"about":[{"href":"https:\/\/www.autonvaraosahaku.fi\/index.php?rest_route=\/wp\/v2\/types\/product"}],"wp:attachment":[{"href":"https:\/\/www.autonvaraosahaku.fi\/index.php?rest_route=%2Fwp%2Fv2%2Fmedia&parent=29338"}],"wp:term":[{"taxonomy":"pwb-brand","embeddable":true,"href":"https:\/\/www.autonvaraosahaku.fi\/index.php?rest_route=%2Fwp%2Fv2%2Fpwb-brand&post=29338"},{"taxonomy":"product_cat","embeddable":true,"href":"https:\/\/www.autonvaraosahaku.fi\/index.php?rest_route=%2Fwp%2Fv2%2Fproduct_cat&post=29338"},{"taxonomy":"product_tag","embeddable":true,"href":"https:\/\/www.autonvaraosahaku.fi\/index.php?rest_route=%2Fwp%2Fv2%2Fproduct_tag&post=29338"}],"curies":[{"name":"wp","href":"https:\/\/api.w.org\/{rel}","templated":true}]}}