{"id":29356,"date":"2021-02-21T16:01:52","date_gmt":"2021-02-21T16:01:52","guid":{"rendered":"https:\/\/www.autonvaraosahaku.fi\/?product=febi-bilstein-26336-polttoainesuodatin"},"modified":"2021-02-21T16:01:55","modified_gmt":"2021-02-21T16:01:55","slug":"febi-bilstein-26336-polttoainesuodatin","status":"publish","type":"product","link":"https:\/\/www.autonvaraosahaku.fi\/?product=febi-bilstein-26336-polttoainesuodatin","title":{"rendered":"FEBI BILSTEIN 26336 Polttoainesuodatin"},"content":{"rendered":"<p>Suodatintyyppi: Suodatinpanos, Suodatinpanos; Korkeus (mm): 101; Sis\u00e4l\u00e4pimitta [mm]: 11,5; Ulkol\u00e4pimitta [mm]: 68,0; Tiivisteen l\u00e4pimitta [mm]: 85; Paino [kg]: 0,083, 0,083; TECDOC-moottorinumero: 21664; CHEVROLET: CAPTIVA C100, C140,EPICA KL1_; SAAB: 9-3 YS3F,9-5 Kombi YS3E,9-3 Kombi YS3F,9-5 YS3E,9-3 Cabriolet YS3F; SUZUKI: SWIFT III MZ, EZ,SWIFT IV FZ, NZ,SX4 EY, GY,WAGON R+ MM,SPLASH,IGNIS II,SX4 S-Cross,VITARA LY; OPEL: CORSA D,CORSA C F08, F68,ZAFIRA B A05,ASTRA H Caravan L35,MERIVA,ASTRA H L48,VECTRA C Caravan,ASTRA H GTC L08,SIGNUM,VECTRA C,AGILA A H00,VECTRA C GTS,ANTARA,TIGRA TwinTop,ASTRA H TwinTop L67,COMBO Kasten\/Kombi,ZAFIRA B Van,ASTRA GTC J,COMBO Tour,AGILA B H08,CORSA D Van,CORSA C Kasten F08, W5L,ASTRA H Stufenheck L69,ASTRA H Kasten L70; LANCIA: YPSILON 843,MUSA 350; FIAT: GRANDE PUNTO 199,PUNTO 188,PANDA 169,DUCATO Kasten 250,500 312,DUCATO Pritsche\/Fahrgestell 250,DUCATO Pritsche\/Fahrgestell 230,DUCATO Bus 250,DUCATO Bus 230,DUCATO Kasten 244,DOBLO Cargo 223,500 C 312,DOBLO 119,CROMA 194,DUCATO Pritsche\/Fahrgestell 244,DOBLO Kasten\/Kombi 263,PANDA Van 169,DUCATO Kasten 230L,DUCATO Bus 244, Z_,IDEA,SEDICI,STRADA Pick-up 178E,MULTIPLA 186,DOBLO Gro\u00dfraumlimousine 152, 263,PUNTO Van 188AX,DOBLO Pritsche\/Fahrgestell 263,PALIO 178BX,SIENA 178_; CITRO\u00cbN: JUMPER Kasten,JUMPER Kasten 244,JUMPER Bus,JUMPER Pritsche\/Fahrgestell,JUMPER Bus 244, Z_,JUMPER Pritsche\/Fahrgestell 244; PEUGEOT: BOXER Kasten,BOXER Kasten 244,BOXER Bus,BOXER Pritsche\/Fahrgestell,BOXER Bus 244, Z_,BOXER Pritsche\/Fahrgestell 244; VAUXHALL: CORSA Mk III D L_8,ZAFIRA Mk II B M75,ASTRA Mk V H CC,VECTRA Mk II C CC,CORSA Mk II C W5L, F08,ASTRA Mk V H Estate,VECTRA Mk II C Estate,ASTRA Mk V H Convertible,ASTRA Mk VI J CC,VECTRA Mk II C,ANTARA J26, H26,AGILA Mk II B,MERIVA Mk I A,SIGNUM,CORSAVAN Mk II C,CORSAVAN Mk III D,TIGRA Convertible,ASTRAVAN Mk V H,COMBO TOUR Mk II C F25,COMBO Mk II C Kasten\/Kombi F25; 96816473, 1606267680, 190698, 1906C4, E148145, 71746975, 71773193, 77362340, 77363600, 77365864, 77365902, 71746975, 77362340, 77363600, 77365864, 77365902, 00813569, 0813569, 0818012, 0818032, 4708795, 4807214, 813569, 818012, 818032, 1606267680, 190697, 1906C4, E148145, 12762212, 93181377, 96816473, 1541184E60, 1541179J50, 1541179J50000, 1541184E50000, 1541184E60, 1541184E60000, 093181377, 093193621, 095599129, 095599700, 096816473, 93181377, 93193621, 95599129, 95599700, 96816473<\/p>\n","protected":false},"excerpt":{"rendered":"<p>FEBI BILSTEIN Polttoainesuodatin 26336  CHEVROLET,SAAB,SUZUKI,CAPTIVA C100, C140,EPICA KL1_,9-3 YS3F,9-5 Kombi YS3E,9-3 Kombi YS3F,9-5 YS3E<\/p>\n","protected":false},"featured_media":0,"template":"","meta":{"site-sidebar-layout":"default","site-content-layout":"default","ast-global-header-display":"","ast-main-header-display":"","ast-hfb-above-header-display":"","ast-hfb-below-header-display":"","ast-hfb-mobile-header-display":"","site-post-title":"","ast-breadcrumbs-content":"","ast-featured-img":"","footer-sml-layout":"","theme-transparent-header-meta":"","adv-header-id-meta":"","stick-header-meta":"","header-above-stick-meta":"","header-main-stick-meta":"","header-below-stick-meta":""},"pwb-brand":[50],"product_cat":[29],"product_tag":[],"class_list":{"0":"post-29356","1":"product","2":"type-product","3":"status-publish","5":"pwb-brand-febi-bilstein","6":"product_cat-polttoainesuodatin","7":"desktop-align-left","8":"tablet-align-left","9":"mobile-align-left","11":"first","12":"instock","13":"product-type-external"},"brands":[{"id":50,"name":"FEBI BILSTEIN","slug":"febi-bilstein"}],"_links":{"self":[{"href":"https:\/\/www.autonvaraosahaku.fi\/index.php?rest_route=\/wp\/v2\/product\/29356","targetHints":{"allow":["GET"]}}],"collection":[{"href":"https:\/\/www.autonvaraosahaku.fi\/index.php?rest_route=\/wp\/v2\/product"}],"about":[{"href":"https:\/\/www.autonvaraosahaku.fi\/index.php?rest_route=\/wp\/v2\/types\/product"}],"wp:attachment":[{"href":"https:\/\/www.autonvaraosahaku.fi\/index.php?rest_route=%2Fwp%2Fv2%2Fmedia&parent=29356"}],"wp:term":[{"taxonomy":"pwb-brand","embeddable":true,"href":"https:\/\/www.autonvaraosahaku.fi\/index.php?rest_route=%2Fwp%2Fv2%2Fpwb-brand&post=29356"},{"taxonomy":"product_cat","embeddable":true,"href":"https:\/\/www.autonvaraosahaku.fi\/index.php?rest_route=%2Fwp%2Fv2%2Fproduct_cat&post=29356"},{"taxonomy":"product_tag","embeddable":true,"href":"https:\/\/www.autonvaraosahaku.fi\/index.php?rest_route=%2Fwp%2Fv2%2Fproduct_tag&post=29356"}],"curies":[{"name":"wp","href":"https:\/\/api.w.org\/{rel}","templated":true}]}}