{"id":29378,"date":"2021-02-21T16:01:57","date_gmt":"2021-02-21T16:01:57","guid":{"rendered":"https:\/\/www.autonvaraosahaku.fi\/?product=dt-2-65080-pyoranpultit"},"modified":"2021-02-21T16:02:00","modified_gmt":"2021-02-21T16:02:00","slug":"dt-2-65080-pyoranpultit","status":"publish","type":"product","link":"https:\/\/www.autonvaraosahaku.fi\/?product=dt-2-65080-pyoranpultit","title":{"rendered":"DT 2.65080 Py\u00f6r\u00e4npultit"},"content":{"rendered":"<p>Paino [g]: 172,5; Avainv\u00e4li: 33; Kierremitta: M22 x 1,5; VOLVO: 8500,8700,9700,9900,B10,B12,B6,B7,B9,FE,FE II,FH,FH12,FH16,FL,FL II,FL6,FM,FM12,FM7,FM9,FMX,FMX II,NH12,VM; RENAULT TRUCKS: C,D,K,KERAX,MAGNUM,MIDLUM,PREMIUM,PREMIUM 2,T; 7420551045, 7421402076, 7420551045, 7421402076, 20505221, 20546865, 20551045, 20564695, 21303956, 21402076; Py\u00f6r\u00e4n Mutteri<\/p>\n","protected":false},"excerpt":{"rendered":"<p>DT Py\u00f6r\u00e4nmutterit 2.65080 Py\u00f6r\u00e4n Mutteri VOLVO,RENAULT TRUCKS,8500,8700,9700,9900,B10,B12,B6,B7,B9,FE,FE II,FH,FH12,FH16,FL,FL II,FL6,FM,FM12,FM7,FM9<\/p>\n","protected":false},"featured_media":0,"template":"","meta":{"site-sidebar-layout":"default","site-content-layout":"default","ast-global-header-display":"","ast-main-header-display":"","ast-hfb-above-header-display":"","ast-hfb-below-header-display":"","ast-hfb-mobile-header-display":"","site-post-title":"","ast-breadcrumbs-content":"","ast-featured-img":"","footer-sml-layout":"","theme-transparent-header-meta":"","adv-header-id-meta":"","stick-header-meta":"","header-above-stick-meta":"","header-main-stick-meta":"","header-below-stick-meta":""},"pwb-brand":[75],"product_cat":[51],"product_tag":[],"class_list":{"0":"post-29378","1":"product","2":"type-product","3":"status-publish","5":"pwb-brand-dt","6":"product_cat-pyoranpultit","7":"desktop-align-left","8":"tablet-align-left","9":"mobile-align-left","11":"first","12":"instock","13":"product-type-external"},"brands":[{"id":75,"name":"DT","slug":"dt"}],"_links":{"self":[{"href":"https:\/\/www.autonvaraosahaku.fi\/index.php?rest_route=\/wp\/v2\/product\/29378","targetHints":{"allow":["GET"]}}],"collection":[{"href":"https:\/\/www.autonvaraosahaku.fi\/index.php?rest_route=\/wp\/v2\/product"}],"about":[{"href":"https:\/\/www.autonvaraosahaku.fi\/index.php?rest_route=\/wp\/v2\/types\/product"}],"wp:attachment":[{"href":"https:\/\/www.autonvaraosahaku.fi\/index.php?rest_route=%2Fwp%2Fv2%2Fmedia&parent=29378"}],"wp:term":[{"taxonomy":"pwb-brand","embeddable":true,"href":"https:\/\/www.autonvaraosahaku.fi\/index.php?rest_route=%2Fwp%2Fv2%2Fpwb-brand&post=29378"},{"taxonomy":"product_cat","embeddable":true,"href":"https:\/\/www.autonvaraosahaku.fi\/index.php?rest_route=%2Fwp%2Fv2%2Fproduct_cat&post=29378"},{"taxonomy":"product_tag","embeddable":true,"href":"https:\/\/www.autonvaraosahaku.fi\/index.php?rest_route=%2Fwp%2Fv2%2Fproduct_tag&post=29378"}],"curies":[{"name":"wp","href":"https:\/\/api.w.org\/{rel}","templated":true}]}}