{"id":29414,"date":"2021-02-21T16:02:06","date_gmt":"2021-02-21T16:02:06","guid":{"rendered":"https:\/\/www.autonvaraosahaku.fi\/?product=ridex-402b0560-jarrupalat"},"modified":"2021-02-21T16:02:09","modified_gmt":"2021-02-21T16:02:09","slug":"ridex-402b0560-jarrupalat","status":"publish","type":"product","link":"https:\/\/www.autonvaraosahaku.fi\/?product=ridex-402b0560-jarrupalat","title":{"rendered":"RIDEX 402B0560 Jarrupalat"},"content":{"rendered":"<p>Materiaali: Low-Metallic; WVA-numero: 24703; Paksuus [mm]: 17,9; Leveys (mm): 116,4; Korkeus 1 (mm): 65,7; Korkeus 2 (mm): 72,6; M\u00e4\u00e4r\u00e4yksikk\u00f6: Akselisarja; Asennuspuoli: Taka-akseli, Hinterachse; BMW: 5 Touring F11,5 F10, F18,6 Gran Coupe F06,6 Coupe F13,6 Cabriolet F12,5 G30,7 G11, G12,5 Touring G31,X3 G01,6 Gran Turismo G32; 34212284389, 34212284390, 34212284466, 34216775346, 34216857805, 34216867175; Jarrupalasarja,Jarrupala, Levyjarru<\/p>\n","protected":false},"excerpt":{"rendered":"<p>RIDEX Jarrupalat 402B0560 Jarrupalasarja,Jarrupala, Levyjarru BMW,5 Touring F11,5 F10, F18,6 Gran Coupe F06,6 Coupe F13,6 Cabriolet F12,5 G30<\/p>\n","protected":false},"featured_media":0,"template":"","meta":{"site-sidebar-layout":"default","site-content-layout":"default","ast-global-header-display":"","ast-main-header-display":"","ast-hfb-above-header-display":"","ast-hfb-below-header-display":"","ast-hfb-mobile-header-display":"","site-post-title":"","ast-breadcrumbs-content":"","ast-featured-img":"","footer-sml-layout":"","theme-transparent-header-meta":"","adv-header-id-meta":"","stick-header-meta":"","header-above-stick-meta":"","header-main-stick-meta":"","header-below-stick-meta":""},"pwb-brand":[157],"product_cat":[100],"product_tag":[],"class_list":{"0":"post-29414","1":"product","2":"type-product","3":"status-publish","5":"pwb-brand-ridex","6":"product_cat-jarrupalat","7":"desktop-align-left","8":"tablet-align-left","9":"mobile-align-left","11":"first","12":"instock","13":"product-type-external"},"brands":[{"id":157,"name":"RIDEX","slug":"ridex"}],"_links":{"self":[{"href":"https:\/\/www.autonvaraosahaku.fi\/index.php?rest_route=\/wp\/v2\/product\/29414","targetHints":{"allow":["GET"]}}],"collection":[{"href":"https:\/\/www.autonvaraosahaku.fi\/index.php?rest_route=\/wp\/v2\/product"}],"about":[{"href":"https:\/\/www.autonvaraosahaku.fi\/index.php?rest_route=\/wp\/v2\/types\/product"}],"wp:attachment":[{"href":"https:\/\/www.autonvaraosahaku.fi\/index.php?rest_route=%2Fwp%2Fv2%2Fmedia&parent=29414"}],"wp:term":[{"taxonomy":"pwb-brand","embeddable":true,"href":"https:\/\/www.autonvaraosahaku.fi\/index.php?rest_route=%2Fwp%2Fv2%2Fpwb-brand&post=29414"},{"taxonomy":"product_cat","embeddable":true,"href":"https:\/\/www.autonvaraosahaku.fi\/index.php?rest_route=%2Fwp%2Fv2%2Fproduct_cat&post=29414"},{"taxonomy":"product_tag","embeddable":true,"href":"https:\/\/www.autonvaraosahaku.fi\/index.php?rest_route=%2Fwp%2Fv2%2Fproduct_tag&post=29414"}],"curies":[{"name":"wp","href":"https:\/\/api.w.org\/{rel}","templated":true}]}}