{"id":29435,"date":"2021-02-21T16:02:11","date_gmt":"2021-02-21T16:02:11","guid":{"rendered":"https:\/\/www.autonvaraosahaku.fi\/?product=purflux-fcs722-polttoainesuodatin"},"modified":"2021-02-21T16:02:14","modified_gmt":"2021-02-21T16:02:14","slug":"purflux-fcs722-polttoainesuodatin","status":"publish","type":"product","link":"https:\/\/www.autonvaraosahaku.fi\/?product=purflux-fcs722-polttoainesuodatin","title":{"rendered":"PURFLUX FCS722 Polttoainesuodatin"},"content":{"rendered":"<p>Ulkol\u00e4pimitta [mm]: 85; Sis\u00e4l\u00e4pimitta [mm]: 8; Korkeus (mm): 206; Valmistusvuoteen: 06\/2012; OPEL: COMBO Kasten\/Kombi X12,COMBO Tour X12; LANCIA: DELTA III 844,MUSA 350,YPSILON 312, 846; FORD: KA RU8; FIAT: GRANDE PUNTO 199,DUCATO Kasten 250,500 312,STILO 192,BRAVO II 198,DUCATO Pritsche\/Fahrgestell 250,PUNTO EVO 199,DUCATO Bus 250,500 C 312,STILO Multi Wagon 192,DOBLO 119,CROMA 194,DOBLO Kasten\/Kombi 263,PUNTO 199,IDEA,QUBO 225,DOBLO Gro\u00dfraumlimousine 152, 263,FIORINO Kasten\/Kombi 225,LINEA 323,PUNTO Van 199,DOBLO Pritsche\/Fahrgestell 263,GRANDE PUNTO Van 199_,PUNTO EVO Van 199_; CITRO\u00cbN: JUMPER Kasten,NEMO Kasten AA_,JUMPER Bus,JUMPER Pritsche\/Fahrgestell,NEMO Kombi; ALFA ROMEO: 159 Sportwagon 939,GIULIETTA 940,MITO 955,159 939,BRERA,SPIDER 939; PEUGEOT: BOXER Kasten,BOXER Bus,BOXER Pritsche\/Fahrgestell,BIPPER AA_,BIPPER Tepee; VAUXHALL: COMBO Mk III D Kasten\/Kombi; 77363657, 16063849, 6001073285, 60693681, 77363657, 16063849, 1606384980<\/p>\n","protected":false},"excerpt":{"rendered":"<p>PURFLUX Polttoainesuodatin FCS722  OPEL,LANCIA,FORD,COMBO Kasten\/Kombi X12,COMBO Tour X12,DELTA III 844,MUSA 350,YPSILON 312, 846,KA RU8<\/p>\n","protected":false},"featured_media":0,"template":"","meta":{"site-sidebar-layout":"default","site-content-layout":"default","ast-global-header-display":"","ast-main-header-display":"","ast-hfb-above-header-display":"","ast-hfb-below-header-display":"","ast-hfb-mobile-header-display":"","site-post-title":"","ast-breadcrumbs-content":"","ast-featured-img":"","footer-sml-layout":"","theme-transparent-header-meta":"","adv-header-id-meta":"","stick-header-meta":"","header-above-stick-meta":"","header-main-stick-meta":"","header-below-stick-meta":""},"pwb-brand":[303],"product_cat":[29],"product_tag":[],"class_list":{"0":"post-29435","1":"product","2":"type-product","3":"status-publish","5":"pwb-brand-purflux","6":"product_cat-polttoainesuodatin","7":"desktop-align-left","8":"tablet-align-left","9":"mobile-align-left","11":"first","12":"instock","13":"product-type-external"},"brands":[{"id":303,"name":"PURFLUX","slug":"purflux"}],"_links":{"self":[{"href":"https:\/\/www.autonvaraosahaku.fi\/index.php?rest_route=\/wp\/v2\/product\/29435","targetHints":{"allow":["GET"]}}],"collection":[{"href":"https:\/\/www.autonvaraosahaku.fi\/index.php?rest_route=\/wp\/v2\/product"}],"about":[{"href":"https:\/\/www.autonvaraosahaku.fi\/index.php?rest_route=\/wp\/v2\/types\/product"}],"wp:attachment":[{"href":"https:\/\/www.autonvaraosahaku.fi\/index.php?rest_route=%2Fwp%2Fv2%2Fmedia&parent=29435"}],"wp:term":[{"taxonomy":"pwb-brand","embeddable":true,"href":"https:\/\/www.autonvaraosahaku.fi\/index.php?rest_route=%2Fwp%2Fv2%2Fpwb-brand&post=29435"},{"taxonomy":"product_cat","embeddable":true,"href":"https:\/\/www.autonvaraosahaku.fi\/index.php?rest_route=%2Fwp%2Fv2%2Fproduct_cat&post=29435"},{"taxonomy":"product_tag","embeddable":true,"href":"https:\/\/www.autonvaraosahaku.fi\/index.php?rest_route=%2Fwp%2Fv2%2Fproduct_tag&post=29435"}],"curies":[{"name":"wp","href":"https:\/\/api.w.org\/{rel}","templated":true}]}}