{"id":29444,"date":"2021-02-21T16:02:16","date_gmt":"2021-02-21T16:02:16","guid":{"rendered":"https:\/\/www.autonvaraosahaku.fi\/?product=autofren-seinsa-d8298-vetonivelen-suojakumi"},"modified":"2021-02-21T16:02:17","modified_gmt":"2021-02-21T16:02:17","slug":"autofren-seinsa-d8298-vetonivelen-suojakumi","status":"publish","type":"product","link":"https:\/\/www.autonvaraosahaku.fi\/?product=autofren-seinsa-d8298-vetonivelen-suojakumi","title":{"rendered":"AUTOFREN SEINSA D8298 Vetonivelen suojakumi"},"content":{"rendered":"<p>Asennuspuoli: Vaihteiston puoli; Sis\u00e4l\u00e4pimitta 1 [mm]: 25; Sis\u00e4l\u00e4pimitta 2 [mm]: 81; Korkeus (mm): 89; TOYOTA: PREVIA TCR2_, TCR1_,CELICA Liftback ST16_, AT16_,CAMRY _V2_,CELICA Coupe ST16_, AT16_,CELICA Cabriolet ST16_, AT16_,CAMRY Station Wagon _V2_,CELICA AT16_, ST16_,CAMRY Stufenheck _V1_; HYUNDAI: SANTA F\u00c9 I SM,TRAJET FO,GALLOPER II JK-01,SONATA IV EF; MAZDA: 323 III Hatchback BF,626 III Station Wagon GV,626 II GC,626 II Hatchback GC,323 III BF,323 III Station Wagon BW; MITSUBISHI: L 200 K7_T, K6_T,PAJERO II V3_W, V2_W, V4_W,L 300 Bus P0_W, P1_W, P2_W,PAJERO I L04_G, L14_G,GALLOPER JK-01,L 300 Pritsche\/Fahrgestell L03_P,L 300 Kasten L03_P,PAJERO II V3_W,PAJERO III Gel\u00e4ndewagen offen V6_W, V7_W,L 300 Bus LO3_P\/G, L0_2P,PAJERO I Canvas Top L04_G,L 200 K3_T, K2_T, K1_T, K0_T,STARION A18_A,PAJERO II Canvas Top V2_W, V4_W; 4950638G00, 495063AC00, 4960626C50, 496063AC50, G00222540, MB160658, MB526276, MB886676, MR528709, MR528712, S2261103A, S2261103B, S2261103C, S2261103D, S2261103E, 443820010, 443832040, 443832050<\/p>\n","protected":false},"excerpt":{"rendered":"<p>AUTOFREN SEINSA Paljekumisarja, Vetoakseli D8298  TOYOTA,HYUNDAI,MAZDA,PREVIA TCR2_, TCR1_,CELICA Liftback ST16_, AT16_,CAMRY _V2_<\/p>\n","protected":false},"featured_media":0,"template":"","meta":{"site-sidebar-layout":"default","site-content-layout":"default","ast-global-header-display":"","ast-main-header-display":"","ast-hfb-above-header-display":"","ast-hfb-below-header-display":"","ast-hfb-mobile-header-display":"","site-post-title":"","ast-breadcrumbs-content":"","ast-featured-img":"","footer-sml-layout":"","theme-transparent-header-meta":"","adv-header-id-meta":"","stick-header-meta":"","header-above-stick-meta":"","header-main-stick-meta":"","header-below-stick-meta":""},"pwb-brand":[243],"product_cat":[42],"product_tag":[],"class_list":{"0":"post-29444","1":"product","2":"type-product","3":"status-publish","5":"pwb-brand-autofren-seinsa","6":"product_cat-vetonivelen-suojakumi","7":"desktop-align-left","8":"tablet-align-left","9":"mobile-align-left","11":"first","12":"instock","13":"product-type-external"},"brands":[{"id":243,"name":"AUTOFREN SEINSA","slug":"autofren-seinsa"}],"_links":{"self":[{"href":"https:\/\/www.autonvaraosahaku.fi\/index.php?rest_route=\/wp\/v2\/product\/29444","targetHints":{"allow":["GET"]}}],"collection":[{"href":"https:\/\/www.autonvaraosahaku.fi\/index.php?rest_route=\/wp\/v2\/product"}],"about":[{"href":"https:\/\/www.autonvaraosahaku.fi\/index.php?rest_route=\/wp\/v2\/types\/product"}],"wp:attachment":[{"href":"https:\/\/www.autonvaraosahaku.fi\/index.php?rest_route=%2Fwp%2Fv2%2Fmedia&parent=29444"}],"wp:term":[{"taxonomy":"pwb-brand","embeddable":true,"href":"https:\/\/www.autonvaraosahaku.fi\/index.php?rest_route=%2Fwp%2Fv2%2Fpwb-brand&post=29444"},{"taxonomy":"product_cat","embeddable":true,"href":"https:\/\/www.autonvaraosahaku.fi\/index.php?rest_route=%2Fwp%2Fv2%2Fproduct_cat&post=29444"},{"taxonomy":"product_tag","embeddable":true,"href":"https:\/\/www.autonvaraosahaku.fi\/index.php?rest_route=%2Fwp%2Fv2%2Fproduct_tag&post=29444"}],"curies":[{"name":"wp","href":"https:\/\/api.w.org\/{rel}","templated":true}]}}