{"id":29462,"date":"2021-02-21T16:02:21","date_gmt":"2021-02-21T16:02:21","guid":{"rendered":"https:\/\/www.autonvaraosahaku.fi\/?product=elring-441-021-muut-luokat"},"modified":"2021-02-21T16:02:21","modified_gmt":"2021-02-21T16:02:21","slug":"elring-441-021-muut-luokat","status":"publish","type":"product","link":"https:\/\/www.autonvaraosahaku.fi\/?product=elring-441-021-muut-luokat","title":{"rendered":"ELRING 441.021 Muut luokat"},"content":{"rendered":"<p>Kierremitta: M 11&#215;1,5&#215;62; Kierrenousu (mm): 1,5; Pituus (mm): 62; Tarvittava kappalem\u00e4\u00e4r\u00e4: 8; DAEWOO: MUSSO FJ,KORANDO KJ,REXTON GAB_,KORANDO Cabrio KJ; SSANGYONG: REXTON GAB_,KYRON,MUSSO FJ,ACTYON SPORTS I QJ,ACTYON I,KORANDO KJ,ACTYON SPORTS II,KORANDO Cabrio KJ,CHAIRMAN HT_,ACTYON II; MERCEDES-BENZ: C-CLASS W203,C-CLASS T-Model S203,C-CLASS W202,190 W201,SLK R170,E-CLASS W210,VIANO W639,C-CLASS Coupe CL203,M-CLASS W163,Stufenheck W124,E-CLASS Kombi S210,VITO Bus W639,CLK C208,SL R129,CLK C209,SL R107,C-CLASS Kombi S202,VITO \/ MIXTO Kasten W639,SPRINTER 3,5-t Kasten 906,S-CLASS W126,KOMBI Kombi S124,E-CLASS W124,G-CLASS W463,VITO Bus 638,CLK Cabriolet A208,COUPE C124,G-CLASS W460,S-CLASS W140,E-CLASS Kombi S124,SPRINTER 3-t Kasten 903,SPRINTER 3,5-t Bus 906,SPRINTER 2-t Bus 901, 902,SPRINTER 3-t Kasten 906,V-CLASS 638\/2,G-CLASS W461,SPRINTER 2-t Kasten 901, 902,SPRINTER 3-t Bus 903,SPRINTER 3,5-t Pritsche\/Fahrgestell 906,SPRINTER 3-t Pritsche\/Fahrgestell 903,T1 Bus 601,VITO Kasten 638,E-CLASS Cabriolet A124,E-CLASS Coupe C124,T1 Pritsche\/Fahrgestell 602,T2\/L Kasten\/Kombi,T1 Kasten 602,SPRINTER 3-t Bus 906,SPRINTER 4-t Pritsche\/Fahrgestell 904,T1 Pritsche\/Fahrgestell 601,T2\/LN1 Kasten\/Kombi,VARIO Kasten\/Kombi,SPRINTER 2-t Pritsche\/Fahrgestell 901, 902,T1 ,ACCELO,O 100,O 405,UNIMOG; MULTICAR: Tremo,UX100; 6010110371, A6010110371<\/p>\n","protected":false},"excerpt":{"rendered":"<p>ELRING Ruuvi, Kampiakselin Laakeripes\u00e4 441.021  DAEWOO,SSANGYONG,MERCEDES-BENZ,MUSSO FJ,KORANDO KJ,REXTON GAB_,KORANDO Cabrio KJ,REXTON GAB_,KYRON<\/p>\n","protected":false},"featured_media":0,"template":"","meta":{"site-sidebar-layout":"default","site-content-layout":"default","ast-global-header-display":"","ast-main-header-display":"","ast-hfb-above-header-display":"","ast-hfb-below-header-display":"","ast-hfb-mobile-header-display":"","site-post-title":"","ast-breadcrumbs-content":"","ast-featured-img":"","footer-sml-layout":"","theme-transparent-header-meta":"","adv-header-id-meta":"","stick-header-meta":"","header-above-stick-meta":"","header-main-stick-meta":"","header-below-stick-meta":""},"pwb-brand":[26],"product_cat":[37],"product_tag":[],"class_list":{"0":"post-29462","1":"product","2":"type-product","3":"status-publish","5":"pwb-brand-elring","6":"product_cat-muut-luokat","7":"desktop-align-left","8":"tablet-align-left","9":"mobile-align-left","11":"first","12":"instock","13":"product-type-external"},"brands":[{"id":26,"name":"ELRING","slug":"elring"}],"_links":{"self":[{"href":"https:\/\/www.autonvaraosahaku.fi\/index.php?rest_route=\/wp\/v2\/product\/29462","targetHints":{"allow":["GET"]}}],"collection":[{"href":"https:\/\/www.autonvaraosahaku.fi\/index.php?rest_route=\/wp\/v2\/product"}],"about":[{"href":"https:\/\/www.autonvaraosahaku.fi\/index.php?rest_route=\/wp\/v2\/types\/product"}],"wp:attachment":[{"href":"https:\/\/www.autonvaraosahaku.fi\/index.php?rest_route=%2Fwp%2Fv2%2Fmedia&parent=29462"}],"wp:term":[{"taxonomy":"pwb-brand","embeddable":true,"href":"https:\/\/www.autonvaraosahaku.fi\/index.php?rest_route=%2Fwp%2Fv2%2Fpwb-brand&post=29462"},{"taxonomy":"product_cat","embeddable":true,"href":"https:\/\/www.autonvaraosahaku.fi\/index.php?rest_route=%2Fwp%2Fv2%2Fproduct_cat&post=29462"},{"taxonomy":"product_tag","embeddable":true,"href":"https:\/\/www.autonvaraosahaku.fi\/index.php?rest_route=%2Fwp%2Fv2%2Fproduct_tag&post=29462"}],"curies":[{"name":"wp","href":"https:\/\/api.w.org\/{rel}","templated":true}]}}