{"id":29467,"date":"2021-02-21T16:02:21","date_gmt":"2021-02-21T16:02:21","guid":{"rendered":"https:\/\/www.autonvaraosahaku.fi\/?product=corteco-12012697b-tiivisteet"},"modified":"2021-02-21T16:02:22","modified_gmt":"2021-02-21T16:02:22","slug":"corteco-12012697b-tiivisteet","status":"publish","type":"product","link":"https:\/\/www.autonvaraosahaku.fi\/?product=corteco-12012697b-tiivisteet","title":{"rendered":"CORTECO 12012697B Tiivisteet"},"content":{"rendered":"<p>Sis\u00e4l\u00e4pimitta 1 [mm]: 32; Ulkol\u00e4pimitta 1 [mm]: 52; Korkeus 1 (mm): 10; Korkeus 2 (mm): 13,5; Materiaali: ACM (polyakryyli-kautsu); Rihlamalli: Vasen kierre; Suojavaippa: Suojakumilla; Asennuspuoli: Ausgang; LANCIA: THESIS 841AX,LYBRA SW 839BX,DELTA I 831AB0,KAPPA 838A,LYBRA 839AX,THEMA 834,DELTA II 836,KAPPA SW 838B,KAPPA Coupe 838,DEDRA 835,DEDRA SW 835,THEMA SW 834,PRISMA 831AB0; FIAT: STILO 192,BRAVO II 198,STILO Multi Wagon 192,COUPE FA\/175,MAREA Weekend 185,CROMA 154,MAREA 185,TEMPRA S.W. 159,132; CITRO\u00cbN: JUMPER Kasten; ALFA ROMEO: 147 937,156 Sportwagon 932,GIULIETTA 940,MITO 955,156 932,GT 937,SPIDER 916S_,166 936,GTV 916C_,164 164,145 930,155 167,146 930; PEUGEOT: BOXER Kasten; 164001721901, 40004220, 40004430, 60805338, 304014, 40004220, 40004430, 60805338, 95720154, 40004220, 40004430, 60805338, 95720154, 304014<\/p>\n","protected":false},"excerpt":{"rendered":"<p>CORTECO Akselitiiviste, Tasauspy\u00f6r\u00e4st\u00f6 12012697B  LANCIA,FIAT,CITRO\u00cbN,THESIS 841AX,LYBRA SW 839BX,DELTA I 831AB0,KAPPA 838A,LYBRA 839AX,THEMA 834<\/p>\n","protected":false},"featured_media":0,"template":"","meta":{"site-sidebar-layout":"default","site-content-layout":"default","ast-global-header-display":"","ast-main-header-display":"","ast-hfb-above-header-display":"","ast-hfb-below-header-display":"","ast-hfb-mobile-header-display":"","site-post-title":"","ast-breadcrumbs-content":"","ast-featured-img":"","footer-sml-layout":"","theme-transparent-header-meta":"","adv-header-id-meta":"","stick-header-meta":"","header-above-stick-meta":"","header-main-stick-meta":"","header-below-stick-meta":""},"pwb-brand":[53],"product_cat":[27],"product_tag":[],"class_list":{"0":"post-29467","1":"product","2":"type-product","3":"status-publish","5":"pwb-brand-corteco","6":"product_cat-tiivisteet","7":"desktop-align-left","8":"tablet-align-left","9":"mobile-align-left","11":"first","12":"instock","13":"product-type-external"},"brands":[{"id":53,"name":"CORTECO","slug":"corteco"}],"_links":{"self":[{"href":"https:\/\/www.autonvaraosahaku.fi\/index.php?rest_route=\/wp\/v2\/product\/29467","targetHints":{"allow":["GET"]}}],"collection":[{"href":"https:\/\/www.autonvaraosahaku.fi\/index.php?rest_route=\/wp\/v2\/product"}],"about":[{"href":"https:\/\/www.autonvaraosahaku.fi\/index.php?rest_route=\/wp\/v2\/types\/product"}],"wp:attachment":[{"href":"https:\/\/www.autonvaraosahaku.fi\/index.php?rest_route=%2Fwp%2Fv2%2Fmedia&parent=29467"}],"wp:term":[{"taxonomy":"pwb-brand","embeddable":true,"href":"https:\/\/www.autonvaraosahaku.fi\/index.php?rest_route=%2Fwp%2Fv2%2Fpwb-brand&post=29467"},{"taxonomy":"product_cat","embeddable":true,"href":"https:\/\/www.autonvaraosahaku.fi\/index.php?rest_route=%2Fwp%2Fv2%2Fproduct_cat&post=29467"},{"taxonomy":"product_tag","embeddable":true,"href":"https:\/\/www.autonvaraosahaku.fi\/index.php?rest_route=%2Fwp%2Fv2%2Fproduct_tag&post=29467"}],"curies":[{"name":"wp","href":"https:\/\/api.w.org\/{rel}","templated":true}]}}