{"id":29503,"date":"2021-02-21T16:02:29","date_gmt":"2021-02-21T16:02:29","guid":{"rendered":"https:\/\/www.autonvaraosahaku.fi\/?product=ridex-407w0058-jarrupalojen-kulumisen-ilmaisin"},"modified":"2021-02-21T16:02:30","modified_gmt":"2021-02-21T16:02:30","slug":"ridex-407w0058-jarrupalojen-kulumisen-ilmaisin","status":"publish","type":"product","link":"https:\/\/www.autonvaraosahaku.fi\/?product=ridex-407w0058-jarrupalojen-kulumisen-ilmaisin","title":{"rendered":"RIDEX 407W0058 Jarrupalojen kulumisen ilmaisin"},"content":{"rendered":"<p>Jarrutyyppi: Levyjarru; Tarvittava kappalem\u00e4\u00e4r\u00e4: 2; Varoittimen pituus [mm]: 117; Asennuspuoli: etuakseli molemminpuoleinen, Taka-akseli, Vorderachse; MERCEDES-BENZ: E-CLASS W211,C-CLASS W204,C-CLASS T-Model S204,E-CLASS T-Model S211,E-CLASS W212,E-CLASS T-Model S212,SLK R171,CLK C209,S-CLASS W221,CLS C219,SL R230,M-CLASS W166,G-CLASS W463,CLK Cabriolet A209,C-CLASS Coupe C204,CLS C218,S-CLASS Coupe C216,CLS Shooting Brake X218,S-CLASS W222, V222, X222,GL-CLASS X166,SL R231,SLS AMG C197,C-CLASS T-Model S205,C-CLASS W205,SLS AMG Cabriolet A197,E-CLASS W213,GLC X253,E-CLASS T-Model S213,GLE W166,C-CLASS Coupe C205,GLC Coupe C253,GLE Coupe C292,AMG GT \/ GT S C190,GLS X166,C-CLASS Cabriolet A205,S-CLASS Coupe C217,AMG GT Roadster R190,S-CLASS Cabriolet A217; 1715400617, A1715400617; Kulumisenilmaisin, Jarrupala<\/p>\n","protected":false},"excerpt":{"rendered":"<p>RIDEX Jarrupalojen Kulumisen Ilmaisin 407W0058 Kulumisenilmaisin, Jarrupala MERCEDES-BENZ,E-CLASS W211,C-CLASS W204,C-CLASS T-Model S204<\/p>\n","protected":false},"featured_media":0,"template":"","meta":{"site-sidebar-layout":"default","site-content-layout":"default","ast-global-header-display":"","ast-main-header-display":"","ast-hfb-above-header-display":"","ast-hfb-below-header-display":"","ast-hfb-mobile-header-display":"","site-post-title":"","ast-breadcrumbs-content":"","ast-featured-img":"","footer-sml-layout":"","theme-transparent-header-meta":"","adv-header-id-meta":"","stick-header-meta":"","header-above-stick-meta":"","header-main-stick-meta":"","header-below-stick-meta":""},"pwb-brand":[157],"product_cat":[111],"product_tag":[],"class_list":{"0":"post-29503","1":"product","2":"type-product","3":"status-publish","5":"pwb-brand-ridex","6":"product_cat-jarrupalojen-kulumisen-ilmaisin","7":"desktop-align-left","8":"tablet-align-left","9":"mobile-align-left","11":"first","12":"instock","13":"product-type-external"},"brands":[{"id":157,"name":"RIDEX","slug":"ridex"}],"_links":{"self":[{"href":"https:\/\/www.autonvaraosahaku.fi\/index.php?rest_route=\/wp\/v2\/product\/29503","targetHints":{"allow":["GET"]}}],"collection":[{"href":"https:\/\/www.autonvaraosahaku.fi\/index.php?rest_route=\/wp\/v2\/product"}],"about":[{"href":"https:\/\/www.autonvaraosahaku.fi\/index.php?rest_route=\/wp\/v2\/types\/product"}],"wp:attachment":[{"href":"https:\/\/www.autonvaraosahaku.fi\/index.php?rest_route=%2Fwp%2Fv2%2Fmedia&parent=29503"}],"wp:term":[{"taxonomy":"pwb-brand","embeddable":true,"href":"https:\/\/www.autonvaraosahaku.fi\/index.php?rest_route=%2Fwp%2Fv2%2Fpwb-brand&post=29503"},{"taxonomy":"product_cat","embeddable":true,"href":"https:\/\/www.autonvaraosahaku.fi\/index.php?rest_route=%2Fwp%2Fv2%2Fproduct_cat&post=29503"},{"taxonomy":"product_tag","embeddable":true,"href":"https:\/\/www.autonvaraosahaku.fi\/index.php?rest_route=%2Fwp%2Fv2%2Fproduct_tag&post=29503"}],"curies":[{"name":"wp","href":"https:\/\/api.w.org\/{rel}","templated":true}]}}