{"id":29511,"date":"2021-02-21T16:02:29","date_gmt":"2021-02-21T16:02:29","guid":{"rendered":"https:\/\/www.autonvaraosahaku.fi\/?product=ridex-78b0193-jarrusatula"},"modified":"2021-02-21T16:02:31","modified_gmt":"2021-02-21T16:02:31","slug":"ridex-78b0193-jarrusatula","status":"publish","type":"product","link":"https:\/\/www.autonvaraosahaku.fi\/?product=ridex-78b0193-jarrusatula","title":{"rendered":"RIDEX 78B0193 Jarrusatula"},"content":{"rendered":"<p>Vaihto-osa: ; Sylinterim\u00e4nn\u00e4n halkaisija [mm]: 38; Leveys, sis\u00e4 (mm): 60; Materiaali: Alumiini; Jarrusatulatyyppi: Jarrusatula, sis. rak. jarrusatulalla; Valmistusvuoteen: 12\/2015; PEUGEOT: 407 SW 6E_,407 6D_,407 Coupe 6C_; CITRO\u00cbN: C5 III Break TD_,C5 II Break RE_,C5 III RD_; 4401G4, 4401G4<\/p>\n","protected":false},"excerpt":{"rendered":"<p>RIDEX Jarrusatula 78B0193  PEUGEOT,CITRO\u00cbN,407 SW 6E_,407 6D_,407 Coupe 6C_,C5 III Break TD_,C5 II Break RE_,C5 III RD_<\/p>\n","protected":false},"featured_media":0,"template":"","meta":{"site-sidebar-layout":"default","site-content-layout":"default","ast-global-header-display":"","ast-main-header-display":"","ast-hfb-above-header-display":"","ast-hfb-below-header-display":"","ast-hfb-mobile-header-display":"","site-post-title":"","ast-breadcrumbs-content":"","ast-featured-img":"","footer-sml-layout":"","theme-transparent-header-meta":"","adv-header-id-meta":"","stick-header-meta":"","header-above-stick-meta":"","header-main-stick-meta":"","header-below-stick-meta":""},"pwb-brand":[157],"product_cat":[177],"product_tag":[],"class_list":{"0":"post-29511","1":"product","2":"type-product","3":"status-publish","5":"pwb-brand-ridex","6":"product_cat-jarrusatula","7":"desktop-align-left","8":"tablet-align-left","9":"mobile-align-left","11":"first","12":"instock","13":"product-type-external"},"brands":[{"id":157,"name":"RIDEX","slug":"ridex"}],"_links":{"self":[{"href":"https:\/\/www.autonvaraosahaku.fi\/index.php?rest_route=\/wp\/v2\/product\/29511","targetHints":{"allow":["GET"]}}],"collection":[{"href":"https:\/\/www.autonvaraosahaku.fi\/index.php?rest_route=\/wp\/v2\/product"}],"about":[{"href":"https:\/\/www.autonvaraosahaku.fi\/index.php?rest_route=\/wp\/v2\/types\/product"}],"wp:attachment":[{"href":"https:\/\/www.autonvaraosahaku.fi\/index.php?rest_route=%2Fwp%2Fv2%2Fmedia&parent=29511"}],"wp:term":[{"taxonomy":"pwb-brand","embeddable":true,"href":"https:\/\/www.autonvaraosahaku.fi\/index.php?rest_route=%2Fwp%2Fv2%2Fpwb-brand&post=29511"},{"taxonomy":"product_cat","embeddable":true,"href":"https:\/\/www.autonvaraosahaku.fi\/index.php?rest_route=%2Fwp%2Fv2%2Fproduct_cat&post=29511"},{"taxonomy":"product_tag","embeddable":true,"href":"https:\/\/www.autonvaraosahaku.fi\/index.php?rest_route=%2Fwp%2Fv2%2Fproduct_tag&post=29511"}],"curies":[{"name":"wp","href":"https:\/\/api.w.org\/{rel}","templated":true}]}}