{"id":29512,"date":"2021-02-21T16:02:29","date_gmt":"2021-02-21T16:02:29","guid":{"rendered":"https:\/\/www.autonvaraosahaku.fi\/?product=ridex-70b0010-jarrukengat"},"modified":"2021-02-21T16:02:32","modified_gmt":"2021-02-21T16:02:32","slug":"ridex-70b0010-jarrukengat","status":"publish","type":"product","link":"https:\/\/www.autonvaraosahaku.fi\/?product=ridex-70b0010-jarrukengat","title":{"rendered":"RIDEX 70B0010 Jarrukeng\u00e4t"},"content":{"rendered":"<p>L\u00e4pimitta [mm]: 230; Leveys (mm): 32; Jarruj\u00e4rjestelm\u00e4: Teves; Korvaava tuote\/korvaava tiedote 2: Seisontajarrukahvalla; Paino [kg]: 1,72; Asennuspuoli: Taka-akseli, Hinterachse; VW: POLO 6R, 6C,CADDY II Kasten 9K9A,JETTA IV 162, 163,POLO Stufenheck,CADDY II Kombi 9K9B,POLO VIVO Stufenheck,VAN Mini Passenger Van US,VENTO 1B; SKODA: OCTAVIA Combi 1U5,ROOMSTER 5J,OCTAVIA 1U2,ROOMSTER Praktik 5J; SEAT: INCA 6K9; 1J0609525, 1J0698525, 1J0698525A, 1J0698525B, 5C0698545, 1234567, 1J0609525, 1J0698525, 1J0698525A, 1J0698525B, 5C0698545, 1J0609525, 1J0698525, 1J0698525A, 1J0698525B, 5C0698545, 1J0609525, 1J0698525, 1J0698525A, 1J0698525B, 5C0698545; Jarrukenk\u00e4sarja<\/p>\n","protected":false},"excerpt":{"rendered":"<p>RIDEX Jarrukeng\u00e4t 70B0010 Jarrukenk\u00e4sarja VW,SKODA,SEAT,POLO 6R, 6C,CADDY II Kasten 9K9A,JETTA IV 162, 163,POLO Stufenheck,CADDY II Kombi 9K9B<\/p>\n","protected":false},"featured_media":0,"template":"","meta":{"site-sidebar-layout":"default","site-content-layout":"default","ast-global-header-display":"","ast-main-header-display":"","ast-hfb-above-header-display":"","ast-hfb-below-header-display":"","ast-hfb-mobile-header-display":"","site-post-title":"","ast-breadcrumbs-content":"","ast-featured-img":"","footer-sml-layout":"","theme-transparent-header-meta":"","adv-header-id-meta":"","stick-header-meta":"","header-above-stick-meta":"","header-main-stick-meta":"","header-below-stick-meta":""},"pwb-brand":[157],"product_cat":[176],"product_tag":[],"class_list":{"0":"post-29512","1":"product","2":"type-product","3":"status-publish","5":"pwb-brand-ridex","6":"product_cat-jarrukengat","7":"desktop-align-left","8":"tablet-align-left","9":"mobile-align-left","11":"first","12":"instock","13":"product-type-external"},"brands":[{"id":157,"name":"RIDEX","slug":"ridex"}],"_links":{"self":[{"href":"https:\/\/www.autonvaraosahaku.fi\/index.php?rest_route=\/wp\/v2\/product\/29512","targetHints":{"allow":["GET"]}}],"collection":[{"href":"https:\/\/www.autonvaraosahaku.fi\/index.php?rest_route=\/wp\/v2\/product"}],"about":[{"href":"https:\/\/www.autonvaraosahaku.fi\/index.php?rest_route=\/wp\/v2\/types\/product"}],"wp:attachment":[{"href":"https:\/\/www.autonvaraosahaku.fi\/index.php?rest_route=%2Fwp%2Fv2%2Fmedia&parent=29512"}],"wp:term":[{"taxonomy":"pwb-brand","embeddable":true,"href":"https:\/\/www.autonvaraosahaku.fi\/index.php?rest_route=%2Fwp%2Fv2%2Fpwb-brand&post=29512"},{"taxonomy":"product_cat","embeddable":true,"href":"https:\/\/www.autonvaraosahaku.fi\/index.php?rest_route=%2Fwp%2Fv2%2Fproduct_cat&post=29512"},{"taxonomy":"product_tag","embeddable":true,"href":"https:\/\/www.autonvaraosahaku.fi\/index.php?rest_route=%2Fwp%2Fv2%2Fproduct_tag&post=29512"}],"curies":[{"name":"wp","href":"https:\/\/api.w.org\/{rel}","templated":true}]}}