{"id":29546,"date":"2021-02-21T16:02:38","date_gmt":"2021-02-21T16:02:38","guid":{"rendered":"https:\/\/www.autonvaraosahaku.fi\/?product=trw-df4486-jarrulevyt"},"modified":"2021-02-21T16:02:40","modified_gmt":"2021-02-21T16:02:40","slug":"trw-df4486-jarrulevyt","status":"publish","type":"product","link":"https:\/\/www.autonvaraosahaku.fi\/?product=trw-df4486-jarrulevyt","title":{"rendered":"TRW DF4486 Jarrulevyt"},"content":{"rendered":"<p>Korkeus (mm): 47; keskitt\u00e4misl\u00e4pimitta [mm]: 64; Jarrulevyn paksuus (mm): 23; Ulkol\u00e4pimitta [mm]: 282; Reik\u00e4ympyr\u00e4-\u00d8 [mm]: 114,3; Reikien m\u00e4\u00e4r\u00e4: 5; Kierremitta: 12,5; Jarrulevytyyppi: Tuuletettu; V\u00e4himm\u00e4ispaksuus (mm): 21; V\u00e4ri: Musta; Pinta: Lakattu; Tarkistuskilpi: E190R 0202C0176\/0089; Asennuspuoli: Vorderachse; HONDA: CIVIC VIII Hatchback FN, FK,CIVIC VII Hatchback EU, EP, EV,CR-V II RD_,FR-V BE,STREAM RN,CIVIC VIII Stufenheck FD, FA,CIVIC IX Stufenheck FB, FG,STREAM; 3502011XJZ08A, 45251S7AB10, 45251S7AE10, 45251S7AE11, 45251S7AN10, 45251SCAE00, 45251SJHE10, 45251SMCN10, 45251SMCN11, 45251SMGE30, 45251SMGE31, 45251SMGG10, 45251SMGG11, 45251SNLT60; Jarrulevy<\/p>\n","protected":false},"excerpt":{"rendered":"<p>TRW Jarrulevyt DF4486 Jarrulevy HONDA,CIVIC VIII Hatchback FN, FK,CIVIC VII Hatchback EU, EP, EV,CR-V II RD_,FR-V BE,STREAM RN<\/p>\n","protected":false},"featured_media":0,"template":"","meta":{"site-sidebar-layout":"default","site-content-layout":"default","ast-global-header-display":"","ast-main-header-display":"","ast-hfb-above-header-display":"","ast-hfb-below-header-display":"","ast-hfb-mobile-header-display":"","site-post-title":"","ast-breadcrumbs-content":"","ast-featured-img":"","footer-sml-layout":"","theme-transparent-header-meta":"","adv-header-id-meta":"","stick-header-meta":"","header-above-stick-meta":"","header-main-stick-meta":"","header-below-stick-meta":""},"pwb-brand":[332],"product_cat":[66],"product_tag":[],"class_list":{"0":"post-29546","1":"product","2":"type-product","3":"status-publish","5":"pwb-brand-trw","6":"product_cat-jarrulevyt","7":"desktop-align-left","8":"tablet-align-left","9":"mobile-align-left","11":"first","12":"instock","13":"product-type-external"},"brands":[{"id":332,"name":"TRW","slug":"trw"}],"_links":{"self":[{"href":"https:\/\/www.autonvaraosahaku.fi\/index.php?rest_route=\/wp\/v2\/product\/29546","targetHints":{"allow":["GET"]}}],"collection":[{"href":"https:\/\/www.autonvaraosahaku.fi\/index.php?rest_route=\/wp\/v2\/product"}],"about":[{"href":"https:\/\/www.autonvaraosahaku.fi\/index.php?rest_route=\/wp\/v2\/types\/product"}],"wp:attachment":[{"href":"https:\/\/www.autonvaraosahaku.fi\/index.php?rest_route=%2Fwp%2Fv2%2Fmedia&parent=29546"}],"wp:term":[{"taxonomy":"pwb-brand","embeddable":true,"href":"https:\/\/www.autonvaraosahaku.fi\/index.php?rest_route=%2Fwp%2Fv2%2Fpwb-brand&post=29546"},{"taxonomy":"product_cat","embeddable":true,"href":"https:\/\/www.autonvaraosahaku.fi\/index.php?rest_route=%2Fwp%2Fv2%2Fproduct_cat&post=29546"},{"taxonomy":"product_tag","embeddable":true,"href":"https:\/\/www.autonvaraosahaku.fi\/index.php?rest_route=%2Fwp%2Fv2%2Fproduct_tag&post=29546"}],"curies":[{"name":"wp","href":"https:\/\/api.w.org\/{rel}","templated":true}]}}