{"id":29586,"date":"2021-02-21T16:02:48","date_gmt":"2021-02-21T16:02:48","guid":{"rendered":"https:\/\/www.autonvaraosahaku.fi\/?product=mahle-original-oc-215-oljynsuodatin"},"modified":"2021-02-21T16:02:49","modified_gmt":"2021-02-21T16:02:49","slug":"mahle-original-oc-215-oljynsuodatin","status":"publish","type":"product","link":"https:\/\/www.autonvaraosahaku.fi\/?product=mahle-original-oc-215-oljynsuodatin","title":{"rendered":"MAHLE ORIGINAL OC 215 \u00d6ljynsuodatin"},"content":{"rendered":"<p>Suodatintyyppi: Ruuvattava suodatin; L\u00e4pimitta [mm]: 65,5; Korkeus (mm): 66,5; Ulkol\u00e4pimitta 2 [mm]: 62,9; Sis\u00e4l\u00e4pimitta 2 [mm]: 54,5; Liitinkierre: 3\/4-16UNF-2B; Kiristysmomentti: 16; Suositellun erikoisty\u00f6kalun tuotenumero: OCS 4, OCS 4; Valmistusvuoteen: 12\/1984; NISSAN: PIXO UA0; DAEWOO: MATIZ KLYA; SUZUKI: SWIFT IV FZ, NZ,WAGON R+ MM,SPLASH,SWIFT II Schr\u00e4gheck EA, MA,VITARA ET, TA,ALTO HA25, HA35,ALTO HA24,SX4 S-Cross,WAGON R+ EM,LJ 80,BALENO Kombi EG,BALENO EG,BALENO Schr\u00e4gheck EG,SJ 410 Cabrio,ALTO HA12, HA23,SJ 410,ALTO HA11,X-90 EL,SWIFT I AA,SWIFT Cabriolet SF413,SWIFT II Stufenheck AH, AJ,CARRY Kasten FD,SUPER CARRY Bus ED,CAPPUCINO EA,ALTO,ALTO SS80,VITARA LY,CARRY Kasten ST90V,SWIFT V AZ,CARRY Pick-up FD,BALENO FW, EW,ALTO CM11, CL11, CP11, CN11, CP21, CN21, CM21, CL21, CS22,,CARRY Kasten; CHEVROLET: MATIZ M200, M250,SPARK M200 M250,SPARK M150; SUBARU: JUSTY II JMA, MS; DAIHATSU: CUORE VII L251,CUORE VI L7_,CUORE VIII,TERIOS J2_,TREVIS,SIRION M1,YRV M2,TERIOS J1,HIJET Kasten S85,CUORE IV L501,COPEN L880_, L881_,FEROZA Soft Top F300,MOVE L6, L9,SPORTRAK F300,GRAN MOVE G3,MOVE L6_,CHARADE IV G200, G202,CHARADE III G100, G101, G102,CUORE III L201,CUORE II L80, L81,APPLAUSE II A101,APPLAUSE I A101, A111,CHARADE II G11, G30,CUORE I L55, L60,HIJET Bus S85,CHARADE IV Stufenheck G203,HIJET Pick-up,CHARADE I G10,HIJET Bus,HIJET Kasten,CHARADE III Stufenheck G102,SPARCAR Bus S7_,SPARCAR Kasten S7_; PIAGGIO: PORTER Kipper,PORTER Pritsche\/Fahrgestell,PORTER Kasten,PORTER Bus; INNOCENTI: MINI; 3721012010, 1560181402, 1560182703, 1560182706, 1560187103, 1560187106, 1560187106000, 1560187107, 1560187107000, 1560187107LOC, 1560187201000, 1560187203, 1560187203000, 1560187204, 1560187204000, 1560187702203, 1560187703, 1560187703000, 1560187704, 1560187705, 1560187706, 1560187710, 1560197201, 1560197201000, 1560197202, 1560197202000, 1561082703, 156187204000, 1651081420, 1651082704, 5012577, 5019426, 870X6714AKA, A840X6714JA, EFL288, 96565412, 551821103, 16510M68K00, 152084A00A, 438038, B010014, 1651060B10, 1651060B11, 1651061AR0, 1651061AV1, 1651073000, 1651073001, 1651073002, 1651073010, 1651073012, 1651073050, 1651081400, 1651081403, 1651081420, 1651081802, 1651082701, 1651082702, 1651082703, 1651082703000, 1651087701, 16510M65L00, 16510M65L10, 16510M68K00, 16510M68K10, 16510M73010, 16510M73040, 16510M73080, 16510M82703, 16510M82713, 16511M73010, 99000990YJ005, 1560197202, 15601B2030<\/p>\n","protected":false},"excerpt":{"rendered":"<p>MAHLE ORIGINAL \u00d6ljynsuodatin OC 215  NISSAN,DAEWOO,SUZUKI,PIXO UA0,MATIZ KLYA,SWIFT IV FZ, NZ,WAGON R+ MM,SPLASH,SWIFT II Schr\u00e4gheck EA, MA<\/p>\n","protected":false},"featured_media":0,"template":"","meta":{"site-sidebar-layout":"default","site-content-layout":"default","ast-global-header-display":"","ast-main-header-display":"","ast-hfb-above-header-display":"","ast-hfb-below-header-display":"","ast-hfb-mobile-header-display":"","site-post-title":"","ast-breadcrumbs-content":"","ast-featured-img":"","footer-sml-layout":"","theme-transparent-header-meta":"","adv-header-id-meta":"","stick-header-meta":"","header-above-stick-meta":"","header-main-stick-meta":"","header-below-stick-meta":""},"pwb-brand":[153],"product_cat":[30],"product_tag":[],"class_list":{"0":"post-29586","1":"product","2":"type-product","3":"status-publish","5":"pwb-brand-mahle-original","6":"product_cat-oljynsuodatin","7":"desktop-align-left","8":"tablet-align-left","9":"mobile-align-left","11":"first","12":"instock","13":"product-type-external"},"brands":[{"id":153,"name":"MAHLE ORIGINAL","slug":"mahle-original"}],"_links":{"self":[{"href":"https:\/\/www.autonvaraosahaku.fi\/index.php?rest_route=\/wp\/v2\/product\/29586","targetHints":{"allow":["GET"]}}],"collection":[{"href":"https:\/\/www.autonvaraosahaku.fi\/index.php?rest_route=\/wp\/v2\/product"}],"about":[{"href":"https:\/\/www.autonvaraosahaku.fi\/index.php?rest_route=\/wp\/v2\/types\/product"}],"wp:attachment":[{"href":"https:\/\/www.autonvaraosahaku.fi\/index.php?rest_route=%2Fwp%2Fv2%2Fmedia&parent=29586"}],"wp:term":[{"taxonomy":"pwb-brand","embeddable":true,"href":"https:\/\/www.autonvaraosahaku.fi\/index.php?rest_route=%2Fwp%2Fv2%2Fpwb-brand&post=29586"},{"taxonomy":"product_cat","embeddable":true,"href":"https:\/\/www.autonvaraosahaku.fi\/index.php?rest_route=%2Fwp%2Fv2%2Fproduct_cat&post=29586"},{"taxonomy":"product_tag","embeddable":true,"href":"https:\/\/www.autonvaraosahaku.fi\/index.php?rest_route=%2Fwp%2Fv2%2Fproduct_tag&post=29586"}],"curies":[{"name":"wp","href":"https:\/\/api.w.org\/{rel}","templated":true}]}}