{"id":29596,"date":"2021-02-21T16:02:48","date_gmt":"2021-02-21T16:02:48","guid":{"rendered":"https:\/\/www.autonvaraosahaku.fi\/?product=mahle-original-ox-175d-oljynsuodatin"},"modified":"2021-02-21T16:02:51","modified_gmt":"2021-02-21T16:02:51","slug":"mahle-original-ox-175d-oljynsuodatin","status":"publish","type":"product","link":"https:\/\/www.autonvaraosahaku.fi\/?product=mahle-original-ox-175d-oljynsuodatin","title":{"rendered":"MAHLE ORIGINAL OX 175D \u00d6ljynsuodatin"},"content":{"rendered":"<p>Suodatintyyppi: Suodatinpanos; Korkeus (mm): 82,5; Korkeus 1 (mm): 79,5; L\u00e4pimitta [mm]: 72,0; Sis\u00e4l\u00e4pimitta 1 [mm]: 24,5, 15,0; L\u00e4pimitta 3 [mm]: 14,7; L\u00e4pimitta 4 [mm]: 14,7, 14,7; Tiivisteen l\u00e4pimitta [mm]: 24,5; Sis\u00e4l\u00e4pimitta [mm]: 14,7; Paino [g]: 0,13; Korkeus (tuumaa): 3,35; Leveys (tuumaa): 2,95; Pituus (tuumaa): 2,95; JEEP: RENEGADE Gel\u00e4ndewagen geschlossen BU; MINI: MINI R50, R53,MINI Cabriolet R52,MINI Cabriolet R57; CHRYSLER: PT CRUISER PT_,NEON II; FIAT: LINEA 323,500X,TIPO Schr\u00e4gheck 356_,TIPO Kombi 356_,TIPO Stufenheck 356_; 0026787, 11420026787, 11427509208, 11427512446, 7512446, 0000007087808, 00K68140009AA, 04693101AA, 04693140AA, 04693140AB, 04693353AA, 05015901AA, 4693140AA, 4693353AA, 5015901AA, 5139034AA, 68140009AA, 7087808, K04693140AA, K04693353AA, K05015901AA, 0000007087808, 46544820, 51857956, 55213927, 55231651, 7087808, 7087808, 11420026787, 11427509208, 11427512446<\/p>\n","protected":false},"excerpt":{"rendered":"<p>MAHLE ORIGINAL \u00d6ljynsuodatin OX 175D  JEEP,MINI,CHRYSLER,RENEGADE Gel\u00e4ndewagen geschlossen BU,MINI R50, R53,MINI Cabriolet R52,MINI Cabriolet R57<\/p>\n","protected":false},"featured_media":0,"template":"","meta":{"site-sidebar-layout":"default","site-content-layout":"default","ast-global-header-display":"","ast-main-header-display":"","ast-hfb-above-header-display":"","ast-hfb-below-header-display":"","ast-hfb-mobile-header-display":"","site-post-title":"","ast-breadcrumbs-content":"","ast-featured-img":"","footer-sml-layout":"","theme-transparent-header-meta":"","adv-header-id-meta":"","stick-header-meta":"","header-above-stick-meta":"","header-main-stick-meta":"","header-below-stick-meta":""},"pwb-brand":[153],"product_cat":[30],"product_tag":[],"class_list":{"0":"post-29596","1":"product","2":"type-product","3":"status-publish","5":"pwb-brand-mahle-original","6":"product_cat-oljynsuodatin","7":"desktop-align-left","8":"tablet-align-left","9":"mobile-align-left","11":"first","12":"instock","13":"product-type-external"},"brands":[{"id":153,"name":"MAHLE ORIGINAL","slug":"mahle-original"}],"_links":{"self":[{"href":"https:\/\/www.autonvaraosahaku.fi\/index.php?rest_route=\/wp\/v2\/product\/29596","targetHints":{"allow":["GET"]}}],"collection":[{"href":"https:\/\/www.autonvaraosahaku.fi\/index.php?rest_route=\/wp\/v2\/product"}],"about":[{"href":"https:\/\/www.autonvaraosahaku.fi\/index.php?rest_route=\/wp\/v2\/types\/product"}],"wp:attachment":[{"href":"https:\/\/www.autonvaraosahaku.fi\/index.php?rest_route=%2Fwp%2Fv2%2Fmedia&parent=29596"}],"wp:term":[{"taxonomy":"pwb-brand","embeddable":true,"href":"https:\/\/www.autonvaraosahaku.fi\/index.php?rest_route=%2Fwp%2Fv2%2Fpwb-brand&post=29596"},{"taxonomy":"product_cat","embeddable":true,"href":"https:\/\/www.autonvaraosahaku.fi\/index.php?rest_route=%2Fwp%2Fv2%2Fproduct_cat&post=29596"},{"taxonomy":"product_tag","embeddable":true,"href":"https:\/\/www.autonvaraosahaku.fi\/index.php?rest_route=%2Fwp%2Fv2%2Fproduct_tag&post=29596"}],"curies":[{"name":"wp","href":"https:\/\/api.w.org\/{rel}","templated":true}]}}