{"id":29605,"date":"2021-02-21T16:02:52","date_gmt":"2021-02-21T16:02:52","guid":{"rendered":"https:\/\/www.autonvaraosahaku.fi\/?product=ridex-479c0068-kytkinpaketti"},"modified":"2021-02-21T16:02:54","modified_gmt":"2021-02-21T16:02:54","slug":"ridex-479c0068-kytkinpaketti","status":"publish","type":"product","link":"https:\/\/www.autonvaraosahaku.fi\/?product=ridex-479c0068-kytkinpaketti","title":{"rendered":"RIDEX 479C0068 Kytkinpaketti"},"content":{"rendered":"<p>L\u00e4pimitta [mm]: 230; Moottorimalli: Moottoreihin, joissa kaksoismassa vauhtipy\u00f6r\u00e4; Korvaava tuote\/korvaava tiedote 2: Tarkasta 2-massavauhtipy\u00f6r\u00e4 ja uusi tarvitaessa.; PEUGEOT: 206 Schr\u00e4gheck 2A\/C,206 CC 2D,207 WA_, WC_,307 SW 3H,207 CC WD_,407 SW 6E_,307 3A\/C,207 SW WK_,308 SW,206 SW 2E\/K,208,308 4A_, 4C_,307 Break 3E,508 SW,407 6D_,PARTNER Tepee,1007 KM_,2008,508,PARTNER Kasten,308 II,308 SW II,207 Van,PARTNER Pritsche\/Fahrgestell; CITRO\u00cbN: BERLINGO MF,XSARA PICASSO N68,C2 JM_,C3 I FC_,BERLINGO B9,C5 III Break TD_,C4 Picasso I UD_,C4 Grand Picasso I UA_,C4 I LC_,DS3,BERLINGO Kasten M_,C5 II Break RE_,C3 Picasso,C5 III RD_,C3 II,C4 Coupe LA_,C4 II B7,C5 II RC_,BERLINGO Kasten B9,C4 Stufenheck L,DS3 Cabriolet,BERLINGO Pritsche\/Fahrgestell B9,C4 CACTUS; 1611266780, 2004CA, 2004EE, 204163, 204194, 2041A7, 2052F3, 2055HP, 9633922480, 9653295780, 9683518880, 9688226180, 1611266780, 9633922480, 9683498080, 9683518880, 9688226180, 1611266780, 2004CS, 2004EE, 204163, 204194, 2041A7, 2051R8, 2052F2, 2052F3, 2055FX, 2055GT, 2055GZ, 2055HP, 96258128, 9625812880, 9653295680, 9658419980, 9683498080, 9688226180; Kytkinsarja<\/p>\n","protected":false},"excerpt":{"rendered":"<p>RIDEX Kytkinpaketti 479C0068 Kytkinsarja PEUGEOT,CITRO\u00cbN,206 Schr\u00e4gheck 2A\/C,206 CC 2D,207 WA_, WC_,307 SW 3H,207 CC WD_,407 SW 6E_,307 3A\/C<\/p>\n","protected":false},"featured_media":0,"template":"","meta":{"site-sidebar-layout":"default","site-content-layout":"default","ast-global-header-display":"","ast-main-header-display":"","ast-hfb-above-header-display":"","ast-hfb-below-header-display":"","ast-hfb-mobile-header-display":"","site-post-title":"","ast-breadcrumbs-content":"","ast-featured-img":"","footer-sml-layout":"","theme-transparent-header-meta":"","adv-header-id-meta":"","stick-header-meta":"","header-above-stick-meta":"","header-main-stick-meta":"","header-below-stick-meta":""},"pwb-brand":[157],"product_cat":[21],"product_tag":[],"class_list":{"0":"post-29605","1":"product","2":"type-product","3":"status-publish","5":"pwb-brand-ridex","6":"product_cat-kytkinpaketti","7":"desktop-align-left","8":"tablet-align-left","9":"mobile-align-left","11":"first","12":"instock","13":"product-type-external"},"brands":[{"id":157,"name":"RIDEX","slug":"ridex"}],"_links":{"self":[{"href":"https:\/\/www.autonvaraosahaku.fi\/index.php?rest_route=\/wp\/v2\/product\/29605","targetHints":{"allow":["GET"]}}],"collection":[{"href":"https:\/\/www.autonvaraosahaku.fi\/index.php?rest_route=\/wp\/v2\/product"}],"about":[{"href":"https:\/\/www.autonvaraosahaku.fi\/index.php?rest_route=\/wp\/v2\/types\/product"}],"wp:attachment":[{"href":"https:\/\/www.autonvaraosahaku.fi\/index.php?rest_route=%2Fwp%2Fv2%2Fmedia&parent=29605"}],"wp:term":[{"taxonomy":"pwb-brand","embeddable":true,"href":"https:\/\/www.autonvaraosahaku.fi\/index.php?rest_route=%2Fwp%2Fv2%2Fpwb-brand&post=29605"},{"taxonomy":"product_cat","embeddable":true,"href":"https:\/\/www.autonvaraosahaku.fi\/index.php?rest_route=%2Fwp%2Fv2%2Fproduct_cat&post=29605"},{"taxonomy":"product_tag","embeddable":true,"href":"https:\/\/www.autonvaraosahaku.fi\/index.php?rest_route=%2Fwp%2Fv2%2Fproduct_tag&post=29605"}],"curies":[{"name":"wp","href":"https:\/\/api.w.org\/{rel}","templated":true}]}}