{"id":29645,"date":"2021-02-21T16:03:01","date_gmt":"2021-02-21T16:03:01","guid":{"rendered":"https:\/\/www.autonvaraosahaku.fi\/?product=beru-evl087-virranjakajan-pyorija"},"modified":"2021-02-21T16:03:03","modified_gmt":"2021-02-21T16:03:03","slug":"beru-evl087-virranjakajan-pyorija","status":"publish","type":"product","link":"https:\/\/www.autonvaraosahaku.fi\/?product=beru-evl087-virranjakajan-pyorija","title":{"rendered":"BERU EVL087 Virranjakajan py\u00f6rij\u00e4"},"content":{"rendered":"<p>Valmistaja rajaus: System BOSCH; Materiaali: Polyesteri; Virranjakaja: H\u00e4iri\u00f6npoisto, 1 k-ohm; Katalysaattorimalli: f\u00fcr Fahrzeuge mit Katalysator; VW: LT 28-35 I Kasten 281-363,LT 28-35 I Bus 281-363,ILTIS 183; BMW: 3 E30,3 Cabriolet E30,5 E28,3 E21,7 E23; MERCEDES-BENZ: SL R107,Stufenheck W123,S-CLASS W126,G-CLASS W460,COUPE C123,S-CLASS W116,KOMBI Kombi S123,SL Coupe C107; OPEL: OMEGA A 16_, 17_, 19_,MONZA A 22_,SENATOR B 29_,SENATOR A 29_,OMEGA A Caravan 66_, 67_,DIPLOMAT B,ADMIRAL B,COMMODORE B Coupe,COMMODORE C 14_, 19_,COMMODORE B,COMMODORE C Caravan 61; JAGUAR: XJ XJ 40, 81; FORD: SIERRA Schr\u00e4gheck GBC, GBG,CAPRI III GECP,SIERRA Schr\u00e4gheck GBC,ESCORT III GAA,GRANADA GU,ESCORT III Cabriolet ALD,CAPRI II GECP,SIERRA Kombi BNC,GRANADA Kombi GNU,GRANADA GGTL, GGFL,GRANADA Coupe GGCL,ESCORT III Kombi AWA,ORION I AFD,GRANADA Kombi GGNL; ALFA ROMEO: 75 162B,90 162,SZ; PORSCHE: 911,911 964,911 993,911 Targa,911 Cabriolet,911 Cabriolet 993,911 Targa 993; VAUXHALL: CARLTON Mk III; 1166905011, 11669050110002, 12111707263, 60732287, 6075742, 81SF12200FA, JLM839, 51263100005, 0001583531, 1212214, 1212215, 1212220, 93060290201, 93060290202<\/p>\n","protected":false},"excerpt":{"rendered":"<p>BERU Virranjakajan Py\u00f6rij\u00e4 EVL087  VW,BMW,MERCEDES-BENZ,LT 28-35 I Kasten 281-363,LT 28-35 I Bus 281-363,ILTIS 183,3 E30,3 Cabriolet E30,5 E28,3 E21<\/p>\n","protected":false},"featured_media":0,"template":"","meta":{"site-sidebar-layout":"default","site-content-layout":"default","ast-global-header-display":"","ast-main-header-display":"","ast-hfb-above-header-display":"","ast-hfb-below-header-display":"","ast-hfb-mobile-header-display":"","site-post-title":"","ast-breadcrumbs-content":"","ast-featured-img":"","footer-sml-layout":"","theme-transparent-header-meta":"","adv-header-id-meta":"","stick-header-meta":"","header-above-stick-meta":"","header-main-stick-meta":"","header-below-stick-meta":""},"pwb-brand":[327],"product_cat":[94],"product_tag":[],"class_list":{"0":"post-29645","1":"product","2":"type-product","3":"status-publish","5":"pwb-brand-beru","6":"product_cat-virranjakajan-pyorija","7":"desktop-align-left","8":"tablet-align-left","9":"mobile-align-left","11":"first","12":"instock","13":"product-type-external"},"brands":[{"id":327,"name":"BERU","slug":"beru"}],"_links":{"self":[{"href":"https:\/\/www.autonvaraosahaku.fi\/index.php?rest_route=\/wp\/v2\/product\/29645","targetHints":{"allow":["GET"]}}],"collection":[{"href":"https:\/\/www.autonvaraosahaku.fi\/index.php?rest_route=\/wp\/v2\/product"}],"about":[{"href":"https:\/\/www.autonvaraosahaku.fi\/index.php?rest_route=\/wp\/v2\/types\/product"}],"wp:attachment":[{"href":"https:\/\/www.autonvaraosahaku.fi\/index.php?rest_route=%2Fwp%2Fv2%2Fmedia&parent=29645"}],"wp:term":[{"taxonomy":"pwb-brand","embeddable":true,"href":"https:\/\/www.autonvaraosahaku.fi\/index.php?rest_route=%2Fwp%2Fv2%2Fpwb-brand&post=29645"},{"taxonomy":"product_cat","embeddable":true,"href":"https:\/\/www.autonvaraosahaku.fi\/index.php?rest_route=%2Fwp%2Fv2%2Fproduct_cat&post=29645"},{"taxonomy":"product_tag","embeddable":true,"href":"https:\/\/www.autonvaraosahaku.fi\/index.php?rest_route=%2Fwp%2Fv2%2Fproduct_tag&post=29645"}],"curies":[{"name":"wp","href":"https:\/\/api.w.org\/{rel}","templated":true}]}}