{"id":29646,"date":"2021-02-21T16:03:01","date_gmt":"2021-02-21T16:03:01","guid":{"rendered":"https:\/\/www.autonvaraosahaku.fi\/?product=beru-z15-sytytystulpat"},"modified":"2021-02-21T16:03:03","modified_gmt":"2021-02-21T16:03:03","slug":"beru-z15-sytytystulpat","status":"publish","type":"product","link":"https:\/\/www.autonvaraosahaku.fi\/?product=beru-z15-sytytystulpat","title":{"rendered":"BERU Z15 Sytytystulpat"},"content":{"rendered":"<p>K\u00e4rkiv\u00e4li (mm): 0,8; Liittimet: SAE; Kierremitta: M14x1,25; Avainv\u00e4li: 16 mm; Sytytystulppa: 1-maaelektroodi, suoralla istukalla; Kierteen pituus (mm): 19; Teknisten tietojen numero: 14 FR-7 DU; Kiristysmomentti > [Nm]: 20; Kiristysmomentti enint\u00e4\u00e4n [Nm]: 30; Tuotelinja: ULTRA; Tarvittava kappalem\u00e4\u00e4r\u00e4: 8; VW: CADDY III Kombi 2KB, 2KJ, 2CB, 2CJ; AUDI: 80 8C, B4; MAZDA: 323 III Hatchback BF,626 III GD,626 III Hatchback GD,626 III Coupe GD,626 III Station Wagon GV; SKODA: FELICIA I 6U1,FELICIA I Kombi 6U5,FAVORIT 781,FAVORIT Forman 785,FAVORIT Pick-up 787; SEAT: MALAGA 023A; CHEVROLET: NUBIRA Stufenheck; JEEP: CHEROKEE XJ; NISSAN: ALMERA I Hatchback N15,ALMERA I N15,PRIMERA P10,SUNNY III N14,PULSAR V Schr\u00e4gheck N14,SUNNY III Liftback N14,PRIMERA Hatchback P10,PRIMERA Traveller W10,BLUEBIRD T72 , T12,SUNNY III Traveller Y10,BLUEBIRD Hatchback T72, T12,BLUEBIRD Station Wagon WU11,BLUEBIRD U11; KIA: CARENS II FJ,SPORTAGE K00,RIO Stufenheck DC_,SHUMA II FB,CARENS I FC,SHUMA FB,CLARUS K9A,CLARUS Kombi GC,SEPHIA Stufenheck FA,SEPHIA FA; HONDA: CIVIC II Shuttle EE,CIVIC I Shuttle AN, AR; 71711638, 71711806, 7546519, 7760383, 96040824, 6001544293, 46480362, 46480363, 71711638, 7546519, 7760383, 5099721, EBL11480, EBL2230, 71711638, 7546519, 7760383, 2240120J05, 1214144, 1214804, 5962H9, 5962K0, 5962K4, 224017726R, 224018651R, 6001544293, 7433517980, 7700101401, 7700273490, 7700274004, 7700500180, 7701042816, 7701414040, 7701414111, 7701414112, 7701414139, 8933003862, BBC057012, 2716363; Tulpat,Sytytystulppa<\/p>\n","protected":false},"excerpt":{"rendered":"<p>BERU Sytytystulpat Z15 Tulpat,Sytytystulppa VW,AUDI,MAZDA,CADDY III Kombi 2KB, 2KJ, 2CB, 2CJ,80 8C, B4,323 III Hatchback BF,626 III GD<\/p>\n","protected":false},"featured_media":0,"template":"","meta":{"site-sidebar-layout":"default","site-content-layout":"default","ast-global-header-display":"","ast-main-header-display":"","ast-hfb-above-header-display":"","ast-hfb-below-header-display":"","ast-hfb-mobile-header-display":"","site-post-title":"","ast-breadcrumbs-content":"","ast-featured-img":"","footer-sml-layout":"","theme-transparent-header-meta":"","adv-header-id-meta":"","stick-header-meta":"","header-above-stick-meta":"","header-main-stick-meta":"","header-below-stick-meta":""},"pwb-brand":[327],"product_cat":[165],"product_tag":[],"class_list":{"0":"post-29646","1":"product","2":"type-product","3":"status-publish","5":"pwb-brand-beru","6":"product_cat-sytytystulpat","7":"desktop-align-left","8":"tablet-align-left","9":"mobile-align-left","11":"first","12":"instock","13":"product-type-external"},"brands":[{"id":327,"name":"BERU","slug":"beru"}],"_links":{"self":[{"href":"https:\/\/www.autonvaraosahaku.fi\/index.php?rest_route=\/wp\/v2\/product\/29646","targetHints":{"allow":["GET"]}}],"collection":[{"href":"https:\/\/www.autonvaraosahaku.fi\/index.php?rest_route=\/wp\/v2\/product"}],"about":[{"href":"https:\/\/www.autonvaraosahaku.fi\/index.php?rest_route=\/wp\/v2\/types\/product"}],"wp:attachment":[{"href":"https:\/\/www.autonvaraosahaku.fi\/index.php?rest_route=%2Fwp%2Fv2%2Fmedia&parent=29646"}],"wp:term":[{"taxonomy":"pwb-brand","embeddable":true,"href":"https:\/\/www.autonvaraosahaku.fi\/index.php?rest_route=%2Fwp%2Fv2%2Fpwb-brand&post=29646"},{"taxonomy":"product_cat","embeddable":true,"href":"https:\/\/www.autonvaraosahaku.fi\/index.php?rest_route=%2Fwp%2Fv2%2Fproduct_cat&post=29646"},{"taxonomy":"product_tag","embeddable":true,"href":"https:\/\/www.autonvaraosahaku.fi\/index.php?rest_route=%2Fwp%2Fv2%2Fproduct_tag&post=29646"}],"curies":[{"name":"wp","href":"https:\/\/api.w.org\/{rel}","templated":true}]}}