{"id":29692,"date":"2021-02-21T16:03:11","date_gmt":"2021-02-21T16:03:11","guid":{"rendered":"https:\/\/www.autonvaraosahaku.fi\/?product=ngk-48013-sytytyspuola"},"modified":"2021-02-21T16:03:14","modified_gmt":"2021-02-21T16:03:14","slug":"ngk-48013-sytytyspuola","status":"publish","type":"product","link":"https:\/\/www.autonvaraosahaku.fi\/?product=ngk-48013-sytytyspuola","title":{"rendered":"NGK 48013 Sytytyspuola"},"content":{"rendered":"<p>Sis\u00e4\u00e4n\/ulosmeno aukkojen lukum\u00e4\u00e4r\u00e4: 2; Napojen m\u00e4\u00e4r\u00e4: 2; Sytytyspuola: Liit\u00e4nt\u00e4 DIN; TECDOC-moottorinumero: 88; LANCIA: YPSILON 843,Y 840A,DELTA I 831AB0,THEMA 834,DELTA II 836,DEDRA 835,DEDRA SW 835,THEMA SW 834; FIAT: PUNTO 188,PANDA 169,SEICENTO 187,DOBLO Cargo 223,PUNTO 176,DOBLO 119,PANDA Van 169,CINQUECENTO 170,PANDA 141A_,COUPE FA\/175,STRADA Pick-up 178E,PUNTO Van 188AX,PUNTO Cabriolet 176C,UNO 146A\/E,PALIO Weekend 178DX,SEICENTO Van 187,TIPO 160,PANDA Van 141_,TEMPRA 159,PUNTO Van 176L,TEMPRA S.W. 159,PALIO 178BX,UNO 146 A\/E,SIENA 178_,ELBA 146_; ALFA ROMEO: 145 930,155 167,146 930,33 907A,33 905,33 Sportwagon 907B,33 Sportwagon 905A; LAMBORGHINI: DIABLO; 46543562, 46548037, 46790073, 60805420, 60809492, 7626232, 76262320, 7672018, 46543562, 46548037, 46790073, 60805420, 60809492, 7626232, 76262320, 7672018, 16004528, 16004528, 46543562, 46548037, 46790073, 60805420, 60809492, 7626232, 76262320, 7672018, 46543562, 46548037, 46790073, 60805420, 60809492, 7626232, 76262320, 7672018, 16004528, 46543562, 46548037, 46790073, 60805420, 60809492, 7626232, 76262320, 7672018, 46543562, 46548037, 46790073, 60805420, 60809492, 7626232, 76262320, 7672018, 16004528, 16004528, 16004528<\/p>\n","protected":false},"excerpt":{"rendered":"<p>NGK Sytytyspuola 48013  LANCIA,FIAT,ALFA ROMEO,YPSILON 843,Y 840A,DELTA I 831AB0,THEMA 834,DELTA II 836,DEDRA 835,DEDRA SW 835,THEMA SW 834,PUNTO 188<\/p>\n","protected":false},"featured_media":0,"template":"","meta":{"site-sidebar-layout":"default","site-content-layout":"default","ast-global-header-display":"","ast-main-header-display":"","ast-hfb-above-header-display":"","ast-hfb-below-header-display":"","ast-hfb-mobile-header-display":"","site-post-title":"","ast-breadcrumbs-content":"","ast-featured-img":"","footer-sml-layout":"","theme-transparent-header-meta":"","adv-header-id-meta":"","stick-header-meta":"","header-above-stick-meta":"","header-main-stick-meta":"","header-below-stick-meta":""},"pwb-brand":[189],"product_cat":[25],"product_tag":[],"class_list":{"0":"post-29692","1":"product","2":"type-product","3":"status-publish","5":"pwb-brand-ngk","6":"product_cat-sytytyspuola","7":"desktop-align-left","8":"tablet-align-left","9":"mobile-align-left","11":"first","12":"instock","13":"product-type-external"},"brands":[{"id":189,"name":"NGK","slug":"ngk"}],"_links":{"self":[{"href":"https:\/\/www.autonvaraosahaku.fi\/index.php?rest_route=\/wp\/v2\/product\/29692","targetHints":{"allow":["GET"]}}],"collection":[{"href":"https:\/\/www.autonvaraosahaku.fi\/index.php?rest_route=\/wp\/v2\/product"}],"about":[{"href":"https:\/\/www.autonvaraosahaku.fi\/index.php?rest_route=\/wp\/v2\/types\/product"}],"wp:attachment":[{"href":"https:\/\/www.autonvaraosahaku.fi\/index.php?rest_route=%2Fwp%2Fv2%2Fmedia&parent=29692"}],"wp:term":[{"taxonomy":"pwb-brand","embeddable":true,"href":"https:\/\/www.autonvaraosahaku.fi\/index.php?rest_route=%2Fwp%2Fv2%2Fpwb-brand&post=29692"},{"taxonomy":"product_cat","embeddable":true,"href":"https:\/\/www.autonvaraosahaku.fi\/index.php?rest_route=%2Fwp%2Fv2%2Fproduct_cat&post=29692"},{"taxonomy":"product_tag","embeddable":true,"href":"https:\/\/www.autonvaraosahaku.fi\/index.php?rest_route=%2Fwp%2Fv2%2Fproduct_tag&post=29692"}],"curies":[{"name":"wp","href":"https:\/\/api.w.org\/{rel}","templated":true}]}}