{"id":29695,"date":"2021-02-21T16:03:11","date_gmt":"2021-02-21T16:03:11","guid":{"rendered":"https:\/\/www.autonvaraosahaku.fi\/?product=topran-409-092-automaattivaihteiston-suodatin"},"modified":"2021-02-21T16:03:14","modified_gmt":"2021-02-21T16:03:14","slug":"topran-409-092-automaattivaihteiston-suodatin","status":"publish","type":"product","link":"https:\/\/www.autonvaraosahaku.fi\/?product=topran-409-092-automaattivaihteiston-suodatin","title":{"rendered":"TOPRAN 409 092 Automaattivaihteiston suodatin"},"content":{"rendered":"<p>Yksitt\u00e4isosat luettelossa: ; Suodatintyyppi: Siivil\u00e4suodatin; Korvaava tuote\/korvaava tiedote 2: Suodattimella; Lis\u00e4tarvike\/lis\u00e4tieto: Tiivisteill\u00e4; Huomioi j\u00e4rjestelm\u00e4-t\u00e4ytt\u00f6m\u00e4\u00e4r\u00e4: ; Vaihteistomalli: Automatikgetriebe; MERCEDES-BENZ: C-CLASS W203,E-CLASS W211,C-CLASS W204,C-CLASS T-Model S204,C-CLASS T-Model S203,C-CLASS W202,E-CLASS T-Model S211,SLK R170,E-CLASS W210,E-CLASS W212,VIANO W639,C-CLASS Coupe CL203,M-CLASS W163,E-CLASS T-Model S212,E-CLASS Kombi S210,VITO Bus W639,SLK R171,CLK C208,SL R129,CLK C209,C-CLASS Kombi S202,S-CLASS W220,VITO \/ MIXTO Kasten W639,SPRINTER 3,5-t Kasten 906,SL R230,CLK Cabriolet A208,CLK Cabriolet A209,S-CLASS W140,SPRINTER 3-t Kasten 903,SPRINTER 3,5-t Bus 906,SPRINTER 3-t Kasten 906,SPRINTER 3-t Bus 903,SPRINTER 3,5-t Pritsche\/Fahrgestell 906,SPRINTER 3-t Pritsche\/Fahrgestell 903,SPRINTER 3-t Bus 906,SPRINTER 4-t Pritsche\/Fahrgestell 904,SPRINTER 5-t Kasten 906,S-CLASS Coupe C140,SPRINTER 5-t Pritsche\/Fahrgestell 906,SPRINTER 4-t Kasten 904,SPRINTER 3-t Pritsche\/Fahrgestell 906,SPRINTER 4,6-t Pritsche\/Fahrgestell 906,SPRINTER 4,6-t Kasten 906; 140277KIT01, A140277KIT01; Hydrauliikkasuodatinsarja, Automaattivaihteisto<\/p>\n","protected":false},"excerpt":{"rendered":"<p>TOPRAN Automaattivaihteiston Suodatin 409 092 Hydrauliikkasuodatinsarja, Automaattivaihteisto MERCEDES-BENZ,C-CLASS W203,E-CLASS W211,C-CLASS W204<\/p>\n","protected":false},"featured_media":0,"template":"","meta":{"site-sidebar-layout":"default","site-content-layout":"default","ast-global-header-display":"","ast-main-header-display":"","ast-hfb-above-header-display":"","ast-hfb-below-header-display":"","ast-hfb-mobile-header-display":"","site-post-title":"","ast-breadcrumbs-content":"","ast-featured-img":"","footer-sml-layout":"","theme-transparent-header-meta":"","adv-header-id-meta":"","stick-header-meta":"","header-above-stick-meta":"","header-main-stick-meta":"","header-below-stick-meta":""},"pwb-brand":[18],"product_cat":[141],"product_tag":[],"class_list":{"0":"post-29695","1":"product","2":"type-product","3":"status-publish","5":"pwb-brand-topran","6":"product_cat-automaattivaihteiston-suodatin","7":"desktop-align-left","8":"tablet-align-left","9":"mobile-align-left","11":"first","12":"instock","13":"product-type-external"},"brands":[{"id":18,"name":"TOPRAN","slug":"topran"}],"_links":{"self":[{"href":"https:\/\/www.autonvaraosahaku.fi\/index.php?rest_route=\/wp\/v2\/product\/29695","targetHints":{"allow":["GET"]}}],"collection":[{"href":"https:\/\/www.autonvaraosahaku.fi\/index.php?rest_route=\/wp\/v2\/product"}],"about":[{"href":"https:\/\/www.autonvaraosahaku.fi\/index.php?rest_route=\/wp\/v2\/types\/product"}],"wp:attachment":[{"href":"https:\/\/www.autonvaraosahaku.fi\/index.php?rest_route=%2Fwp%2Fv2%2Fmedia&parent=29695"}],"wp:term":[{"taxonomy":"pwb-brand","embeddable":true,"href":"https:\/\/www.autonvaraosahaku.fi\/index.php?rest_route=%2Fwp%2Fv2%2Fpwb-brand&post=29695"},{"taxonomy":"product_cat","embeddable":true,"href":"https:\/\/www.autonvaraosahaku.fi\/index.php?rest_route=%2Fwp%2Fv2%2Fproduct_cat&post=29695"},{"taxonomy":"product_tag","embeddable":true,"href":"https:\/\/www.autonvaraosahaku.fi\/index.php?rest_route=%2Fwp%2Fv2%2Fproduct_tag&post=29695"}],"curies":[{"name":"wp","href":"https:\/\/api.w.org\/{rel}","templated":true}]}}