{"id":29719,"date":"2021-02-21T16:03:21","date_gmt":"2021-02-21T16:03:21","guid":{"rendered":"https:\/\/www.autonvaraosahaku.fi\/?product=ridex-70b0076-jarrukengat"},"modified":"2021-02-21T16:03:21","modified_gmt":"2021-02-21T16:03:21","slug":"ridex-70b0076-jarrukengat","status":"publish","type":"product","link":"https:\/\/www.autonvaraosahaku.fi\/?product=ridex-70b0076-jarrukengat","title":{"rendered":"RIDEX 70B0076 Jarrukeng\u00e4t"},"content":{"rendered":"<p>Asennuspuoli: Taka-akseli; L\u00e4pimitta [mm]: 200; Leveys (mm): 37; Jarruj\u00e4rjestelm\u00e4: Sumitomo; TOYOTA: COROLLA Liftback _E11_,COROLLA Compact _E11_,COROLLA Compact _E10_,CARINA E _T19_,CELICA ST20_, AT20_,COROLLA _E11_,CARINA E Stufenheck _T19_,CELICA Coupe AT18_, ST18_,COROLLA Wagon __E11_,CARINA E Sportswagon _T19_,COROLLA Liftback _E10_,COROLLA _E10_,CARINA II _T17_,CARINA II Stufenheck _T17_,CELICA Liftback ST16_, AT16_,COROLLA Wagon _E10_,CAMRY _V2_,COROLLA Station Wagon _E9_,CELICA Cabriolet AT18_, ST18_,CARINA II Station Wagon _T17_,CARINA II _T15_,CAMRY Station Wagon _V2_,CARINA II Stufenheck _T15_,CELICA AT16_, ST16_,CAMRY Liftback _V1_,CORONA RT1_,CAMRY Stufenheck _V1_; 8DB355000241, 8DB355000681, 8DB355003321, 8DB355003371, 562599, 1653401, 83032500, 83032501, 91032500, 91043200, 0449512250, 0449520090, 0449520102, 0449532011, GS8181, 4762020230, 0449512220, 0449520090, 0449520091, 0449520092, 0449520100, 0449520101, 0449520102, 0449520120, 0449520150, 0449532010, 0449532011, 0449532030, 0449532031, 0449512020, 0449512021, 0449512220, 0449512250, 0449520090, 0449520091, 0449520092, 0449520100, 0449520101, 0449520102, 0449520120, 0449520121, 0449520130, 0449520150, 0449532010, 0449532011, 0449532030, 0449532031, 0449712120, 0449720070, 0449720071, 0449720072, 0449720080, 0449720081, 0449720090, 0449720091, 0449720100, 0449732010, 0449732011, 449512170, 449512220, 449520100, 449520101, 449520150, 449532010, 449532011, 449532030, 449532031, 449712120, 449720070, 449720071, 449720072, 449720080, 449720081, 449720090, 449720091, 4743020160B, 4762020020A, 4762020200B, 4762020230, 4763020190; Jarrukenk\u00e4sarja<\/p>\n","protected":false},"excerpt":{"rendered":"<p>RIDEX Jarrukeng\u00e4t 70B0076 Jarrukenk\u00e4sarja TOYOTA,COROLLA Liftback _E11_,COROLLA Compact _E11_,COROLLA Compact _E10_,CARINA E _T19_,CELICA ST20_, AT20_<\/p>\n","protected":false},"featured_media":0,"template":"","meta":{"site-sidebar-layout":"default","site-content-layout":"default","ast-global-header-display":"","ast-main-header-display":"","ast-hfb-above-header-display":"","ast-hfb-below-header-display":"","ast-hfb-mobile-header-display":"","site-post-title":"","ast-breadcrumbs-content":"","ast-featured-img":"","footer-sml-layout":"","theme-transparent-header-meta":"","adv-header-id-meta":"","stick-header-meta":"","header-above-stick-meta":"","header-main-stick-meta":"","header-below-stick-meta":""},"pwb-brand":[157],"product_cat":[176],"product_tag":[],"class_list":{"0":"post-29719","1":"product","2":"type-product","3":"status-publish","5":"pwb-brand-ridex","6":"product_cat-jarrukengat","7":"desktop-align-left","8":"tablet-align-left","9":"mobile-align-left","11":"first","12":"instock","13":"product-type-external"},"brands":[{"id":157,"name":"RIDEX","slug":"ridex"}],"_links":{"self":[{"href":"https:\/\/www.autonvaraosahaku.fi\/index.php?rest_route=\/wp\/v2\/product\/29719","targetHints":{"allow":["GET"]}}],"collection":[{"href":"https:\/\/www.autonvaraosahaku.fi\/index.php?rest_route=\/wp\/v2\/product"}],"about":[{"href":"https:\/\/www.autonvaraosahaku.fi\/index.php?rest_route=\/wp\/v2\/types\/product"}],"wp:attachment":[{"href":"https:\/\/www.autonvaraosahaku.fi\/index.php?rest_route=%2Fwp%2Fv2%2Fmedia&parent=29719"}],"wp:term":[{"taxonomy":"pwb-brand","embeddable":true,"href":"https:\/\/www.autonvaraosahaku.fi\/index.php?rest_route=%2Fwp%2Fv2%2Fpwb-brand&post=29719"},{"taxonomy":"product_cat","embeddable":true,"href":"https:\/\/www.autonvaraosahaku.fi\/index.php?rest_route=%2Fwp%2Fv2%2Fproduct_cat&post=29719"},{"taxonomy":"product_tag","embeddable":true,"href":"https:\/\/www.autonvaraosahaku.fi\/index.php?rest_route=%2Fwp%2Fv2%2Fproduct_tag&post=29719"}],"curies":[{"name":"wp","href":"https:\/\/api.w.org\/{rel}","templated":true}]}}