{"id":29724,"date":"2021-02-21T16:03:21","date_gmt":"2021-02-21T16:03:21","guid":{"rendered":"https:\/\/www.autonvaraosahaku.fi\/?product=ridex-188c0296-jouset"},"modified":"2021-02-21T16:03:22","modified_gmt":"2021-02-21T16:03:22","slug":"ridex-188c0296-jouset","status":"publish","type":"product","link":"https:\/\/www.autonvaraosahaku.fi\/?product=ridex-188c0296-jouset","title":{"rendered":"RIDEX 188C0296 Jouset"},"content":{"rendered":"<p>Paksuus [mm]: 312; Ulkol\u00e4pimitta [mm]: 147; Sis\u00e4l\u00e4pimitta [mm]: 13; Asennuspuoli: Etuakseli; Paino [kg]: 2,1; Tarvittava kappalem\u00e4\u00e4r\u00e4: 2; PR-numerolle: L27; VW: PASSAT Variant 3C5,GOLF PLUS 5M1, 521,PASSAT 3C2,PASSAT Variant 365,GOLF V Variant 1K5,PASSAT 362,JETTA IV 162, 163,PASSAT ALLTRACK 365; AUDI: A3 8P1,A3 Sportback 8PA; SKODA: OCTAVIA Combi 1Z5,OCTAVIA 1Z3; SEAT: LEON 1P1,ALTEA 5P1,TOLEDO III 5P2; 1K0411105BA, 1K0411105BA, 1K0411105BA, 1K0411105BA; Kierrejousi<\/p>\n","protected":false},"excerpt":{"rendered":"<p>RIDEX Jousi 188C0296 Kierrejousi VW,AUDI,SKODA,PASSAT Variant 3C5,GOLF PLUS 5M1, 521,PASSAT 3C2,PASSAT Variant 365,GOLF V Variant 1K5,PASSAT 362<\/p>\n","protected":false},"featured_media":0,"template":"","meta":{"site-sidebar-layout":"default","site-content-layout":"default","ast-global-header-display":"","ast-main-header-display":"","ast-hfb-above-header-display":"","ast-hfb-below-header-display":"","ast-hfb-mobile-header-display":"","site-post-title":"","ast-breadcrumbs-content":"","ast-featured-img":"","footer-sml-layout":"","theme-transparent-header-meta":"","adv-header-id-meta":"","stick-header-meta":"","header-above-stick-meta":"","header-main-stick-meta":"","header-below-stick-meta":""},"pwb-brand":[157],"product_cat":[171],"product_tag":[],"class_list":{"0":"post-29724","1":"product","2":"type-product","3":"status-publish","5":"pwb-brand-ridex","6":"product_cat-jouset","7":"desktop-align-left","8":"tablet-align-left","9":"mobile-align-left","11":"first","12":"instock","13":"product-type-external"},"brands":[{"id":157,"name":"RIDEX","slug":"ridex"}],"_links":{"self":[{"href":"https:\/\/www.autonvaraosahaku.fi\/index.php?rest_route=\/wp\/v2\/product\/29724","targetHints":{"allow":["GET"]}}],"collection":[{"href":"https:\/\/www.autonvaraosahaku.fi\/index.php?rest_route=\/wp\/v2\/product"}],"about":[{"href":"https:\/\/www.autonvaraosahaku.fi\/index.php?rest_route=\/wp\/v2\/types\/product"}],"wp:attachment":[{"href":"https:\/\/www.autonvaraosahaku.fi\/index.php?rest_route=%2Fwp%2Fv2%2Fmedia&parent=29724"}],"wp:term":[{"taxonomy":"pwb-brand","embeddable":true,"href":"https:\/\/www.autonvaraosahaku.fi\/index.php?rest_route=%2Fwp%2Fv2%2Fpwb-brand&post=29724"},{"taxonomy":"product_cat","embeddable":true,"href":"https:\/\/www.autonvaraosahaku.fi\/index.php?rest_route=%2Fwp%2Fv2%2Fproduct_cat&post=29724"},{"taxonomy":"product_tag","embeddable":true,"href":"https:\/\/www.autonvaraosahaku.fi\/index.php?rest_route=%2Fwp%2Fv2%2Fproduct_tag&post=29724"}],"curies":[{"name":"wp","href":"https:\/\/api.w.org\/{rel}","templated":true}]}}