{"id":29738,"date":"2021-02-21T16:03:21","date_gmt":"2021-02-21T16:03:21","guid":{"rendered":"https:\/\/www.autonvaraosahaku.fi\/?product=meyle-300-335-5102-koiranluu"},"modified":"2021-02-21T16:03:24","modified_gmt":"2021-02-21T16:03:24","slug":"meyle-300-335-5102-koiranluu","status":"publish","type":"product","link":"https:\/\/www.autonvaraosahaku.fi\/?product=meyle-300-335-5102-koiranluu","title":{"rendered":"MEYLE 300 335 5102 Koiranluu"},"content":{"rendered":"<p>Asennuspuoli: Taka-akseli, oikea, Taka-akseli, vasen; Tanko \/ tuki: Yhdystanko; Pituus (mm): 130; Sis\u00e4l\u00e4pimitta 1 [mm]: 8; Sis\u00e4l\u00e4pimitta 2 [mm]: 8; lis\u00e4tieto: ORIGINAL Quality; Valmistusvuosi alkaen: 05\/1982; BMW: 3 E36,3 E30,3 Coupe E36,3 Cabriolet E30,3 Cabriolet E36,3 Touring E36,5 E28,6 E24,3 Touring E30,7 E23,Z1; 33551124375, 33551126932; Kallistuksenvakaajan Yhdystanko,Tanko, Kallistuksenvaimennin<\/p>\n","protected":false},"excerpt":{"rendered":"<p>MEYLE Koiranluu 300 335 5102 Kallistuksenvakaajan Yhdystanko,Tanko, Kallistuksenvaimennin BMW,3 E36,3 E30,3 Coupe E36,3 Cabriolet E30,3 Cabriolet E36<\/p>\n","protected":false},"featured_media":0,"template":"","meta":{"site-sidebar-layout":"default","site-content-layout":"default","ast-global-header-display":"","ast-main-header-display":"","ast-hfb-above-header-display":"","ast-hfb-below-header-display":"","ast-hfb-mobile-header-display":"","site-post-title":"","ast-breadcrumbs-content":"","ast-featured-img":"","footer-sml-layout":"","theme-transparent-header-meta":"","adv-header-id-meta":"","stick-header-meta":"","header-above-stick-meta":"","header-main-stick-meta":"","header-below-stick-meta":""},"pwb-brand":[84],"product_cat":[38],"product_tag":[],"class_list":{"0":"post-29738","1":"product","2":"type-product","3":"status-publish","5":"pwb-brand-meyle","6":"product_cat-koiranluu","7":"desktop-align-left","8":"tablet-align-left","9":"mobile-align-left","11":"first","12":"instock","13":"product-type-external"},"brands":[{"id":84,"name":"MEYLE","slug":"meyle"}],"_links":{"self":[{"href":"https:\/\/www.autonvaraosahaku.fi\/index.php?rest_route=\/wp\/v2\/product\/29738","targetHints":{"allow":["GET"]}}],"collection":[{"href":"https:\/\/www.autonvaraosahaku.fi\/index.php?rest_route=\/wp\/v2\/product"}],"about":[{"href":"https:\/\/www.autonvaraosahaku.fi\/index.php?rest_route=\/wp\/v2\/types\/product"}],"wp:attachment":[{"href":"https:\/\/www.autonvaraosahaku.fi\/index.php?rest_route=%2Fwp%2Fv2%2Fmedia&parent=29738"}],"wp:term":[{"taxonomy":"pwb-brand","embeddable":true,"href":"https:\/\/www.autonvaraosahaku.fi\/index.php?rest_route=%2Fwp%2Fv2%2Fpwb-brand&post=29738"},{"taxonomy":"product_cat","embeddable":true,"href":"https:\/\/www.autonvaraosahaku.fi\/index.php?rest_route=%2Fwp%2Fv2%2Fproduct_cat&post=29738"},{"taxonomy":"product_tag","embeddable":true,"href":"https:\/\/www.autonvaraosahaku.fi\/index.php?rest_route=%2Fwp%2Fv2%2Fproduct_tag&post=29738"}],"curies":[{"name":"wp","href":"https:\/\/api.w.org\/{rel}","templated":true}]}}