{"id":29742,"date":"2021-02-21T16:03:25","date_gmt":"2021-02-21T16:03:25","guid":{"rendered":"https:\/\/www.autonvaraosahaku.fi\/?product=corteco-12015512-venttiilinvarren-kumit"},"modified":"2021-02-21T16:03:26","modified_gmt":"2021-02-21T16:03:26","slug":"corteco-12015512-venttiilinvarren-kumit","status":"publish","type":"product","link":"https:\/\/www.autonvaraosahaku.fi\/?product=corteco-12015512-venttiilinvarren-kumit","title":{"rendered":"CORTECO 12015512 Venttiilinvarren kumit"},"content":{"rendered":"<p>Sis\u00e4l\u00e4pimitta 1 [mm]: 8; Ulkol\u00e4pimitta 1 [mm]: 12; Ulkol\u00e4pimitta 2 [mm]: 15,2; Korkeus 1 (mm): 9,5; Materiaali: FPM (fluori-kumi); Moottorinumero: RFA, RFB, RFL; MERCEDES-BENZ: VARIO Kasten\/Kombi,VARIO Pritsche\/Fahrgestell,VARIO Kipper,VARIO Bus,VARIO Triebkopf,ACCELO,ATEGO,ATEGO 2,AXOR,AXOR 2,CITARO (O 530),ECONIC,LK\/LN2,OF,OH,TOURO (O 500),UNIMOG,ZETROS; BMW: 5 Touring E39; OPEL: MOVANO Kasten F9,FRONTERA A Sport 5_SUD2,FRONTERA A 5_MWL4,MOVANO Combi J9,MOVANO Pritsche\/Fahrgestell U9, E9,MOVANO Kipper H9,ARENA Kasten TB, TF; FORD: FOCUS II Kombi DA_,MONDEO IV Turnier BA7,FOCUS Kombi DNW,FOCUS II DA_,FOCUS DAW, DBW,S-MAX WA6,FOCUS C-MAX,FIESTA IV JA_, JB_,GALAXY WA6,C-MAX DM2,MONDEO IV BA7,FOCUS Stufenheck DFW,MONDEO II Kombi BNP,FIESTA III GFJ,TRANSIT CONNECT P65_, P70_, P80_,FOCUS II Stufenheck DA_,MONDEO II BAP,TOURNEO CONNECT,MONDEO IV Stufenheck BA7,ESCORT VII GAL, AAL, ABL,MONDEO II Stufenheck BFP,MONDEO I Kombi BNP,SIERRA GBG, GB4,MONDEO I GBP,ESCORT VII Kombi GAL, ANL,ESCORT VII Cabriolet ALL,ESCORT VI GAL,SCORPIO II GFR, GGR,SIERRA Schr\u00e4gheck GBC, GBG,SCORPIO I GAE, GGE,MONDEO I Stufenheck GBP,TRANSIT Bus MK-4 E_ _,ESCORT &#8217;95 Express AVL,FIESTA Kasten J5_, J3_,SCORPIO II Kombi GNR, GGR,SCORPIO I Stufenheck GGE,ESCORT V GAL,ESCORT VII Stufenheck GAL, AFL,FIESTA Kasten JV_,SIERRA Kombi BNG,ESCORT VI Kombi GAL,ESCORT CLASSIC AAL, ABL,ESCORT CLASSIC Turnier ANL,ESCORT VI Stufenheck GAL,FIESTA Kasten F3L, F5L,SCORPIO I Kombi GGE,FIESTA Kasten FVD,ESCORT V Kombi GAL, AVL,ESCORT &#8217;91 E; RENAULT: MASTER II Kasten FD,MASTER II Pritsche\/Fahrgestell ED\/HD\/UD,MASTER II Bus JD,TRAFIC Kasten TXX,TRAFIC Bus TXW,SAFRANE I B54_,MASTER I Kasten T__,MASTER I Bus T__,TRAFIC Pritsche\/Fahrgestell P6,MASTER I Pritsche\/Fahrgestell P__,TRAFIC Pritsche\/Fahrgestell PXX; FIAT: DUCATO Pritsche\/Fahrgestell 230,DUCATO Bus 230,DUCATO Kasten 244,DUCATO Pritsche\/Fahrgestell 244,DUCATO Kasten 290,DUCATO Pritsche\/Fahrgestell 290,DUCATO Kasten 230L,DUCATO Kasten 280,DUCATO Pritsche\/Fahrgestell 280,DUCATO Bus 244, Z_,DUCATO Panorama 280,DUCATO Panorama 290,CROMA 154,131,132,ARGENTA 132A,131 Familiare\/Panorama; PEUGEOT: BOXER Kasten 230L,BOXER Kasten 244,BOXER Bus 230P,BOXER Bus 244, Z_,BOXER Pritsche\/Fahrgestell ZCT_,BOXER Pritsche\/Fahrgestell 244; CITRO\u00cbN: JUMPER Kasten 244,JUMPER Kasten 230L,JUMPER Bus 244, Z_,JUMPER Bus 230P,JUMPER Pritsche\/Fahrgestell 244,JUMPER Pritsche\/Fahrgestell 230; MAZDA: 121 III JASM, JBSM; VOLVO: 940 II Kombi 945,940 Kombi 945,240 Kombi P245,740 Kombi 745,740 744,240 P242, P244,940 944,760 704, 764,P 121,340-360 343, 345,164,140 142, 144,760 Kombi 704, 765,940 II 944,P 122 S AMAZON,140 Kombi 145,340-360 Stufenheck 344,7700,8500,8700,9700,9900,A,B12,B6,B9,FH12,FL12,FL6,FL7,FM,FM12,FM9,FS7,NH12; 095644, 40101570, 40101573, 4749394, 4830224, 7301732, 40101570, 40101573, 401015730, 4749394, 4830224, 5801365272, 7301732, 40101570, 40101573, 4830224, 7301732, 1E0710155, 9060530258, 9060530358, 9060530458, 4403139, 9111139, 095644, 5001001582, 7701035186, 7701040023, 5000809085, 5000809095, 5001001582, 7420459855, 7701040023, 4403139, 20459855, 859171<\/p>\n","protected":false},"excerpt":{"rendered":"<p>CORTECO Tiiviste, Venttiilivarsi 12015512  MERCEDES-BENZ,BMW,OPEL,VARIO Kasten\/Kombi,VARIO Pritsche\/Fahrgestell,VARIO Kipper,VARIO Bus,VARIO Triebkopf<\/p>\n","protected":false},"featured_media":0,"template":"","meta":{"site-sidebar-layout":"default","site-content-layout":"default","ast-global-header-display":"","ast-main-header-display":"","ast-hfb-above-header-display":"","ast-hfb-below-header-display":"","ast-hfb-mobile-header-display":"","site-post-title":"","ast-breadcrumbs-content":"","ast-featured-img":"","footer-sml-layout":"","theme-transparent-header-meta":"","adv-header-id-meta":"","stick-header-meta":"","header-above-stick-meta":"","header-main-stick-meta":"","header-below-stick-meta":""},"pwb-brand":[53],"product_cat":[170],"product_tag":[],"class_list":{"0":"post-29742","1":"product","2":"type-product","3":"status-publish","5":"pwb-brand-corteco","6":"product_cat-venttiilinvarren-kumit","7":"desktop-align-left","8":"tablet-align-left","9":"mobile-align-left","11":"first","12":"instock","13":"product-type-external"},"brands":[{"id":53,"name":"CORTECO","slug":"corteco"}],"_links":{"self":[{"href":"https:\/\/www.autonvaraosahaku.fi\/index.php?rest_route=\/wp\/v2\/product\/29742","targetHints":{"allow":["GET"]}}],"collection":[{"href":"https:\/\/www.autonvaraosahaku.fi\/index.php?rest_route=\/wp\/v2\/product"}],"about":[{"href":"https:\/\/www.autonvaraosahaku.fi\/index.php?rest_route=\/wp\/v2\/types\/product"}],"wp:attachment":[{"href":"https:\/\/www.autonvaraosahaku.fi\/index.php?rest_route=%2Fwp%2Fv2%2Fmedia&parent=29742"}],"wp:term":[{"taxonomy":"pwb-brand","embeddable":true,"href":"https:\/\/www.autonvaraosahaku.fi\/index.php?rest_route=%2Fwp%2Fv2%2Fpwb-brand&post=29742"},{"taxonomy":"product_cat","embeddable":true,"href":"https:\/\/www.autonvaraosahaku.fi\/index.php?rest_route=%2Fwp%2Fv2%2Fproduct_cat&post=29742"},{"taxonomy":"product_tag","embeddable":true,"href":"https:\/\/www.autonvaraosahaku.fi\/index.php?rest_route=%2Fwp%2Fv2%2Fproduct_tag&post=29742"}],"curies":[{"name":"wp","href":"https:\/\/api.w.org\/{rel}","templated":true}]}}