{"id":29746,"date":"2021-02-21T16:03:25","date_gmt":"2021-02-21T16:03:25","guid":{"rendered":"https:\/\/www.autonvaraosahaku.fi\/?product=trw-df1608-jarrulevyt"},"modified":"2021-02-21T16:03:27","modified_gmt":"2021-02-21T16:03:27","slug":"trw-df1608-jarrulevyt","status":"publish","type":"product","link":"https:\/\/www.autonvaraosahaku.fi\/?product=trw-df1608-jarrulevyt","title":{"rendered":"TRW DF1608 Jarrulevyt"},"content":{"rendered":"<p>Jarrulevytyyppi: Vakiomalli; Ulkol\u00e4pimitta [mm]: 236; Jarrulevyn paksuus (mm): 12,6; V\u00e4himm\u00e4ispaksuus (mm): 9,7; keskitt\u00e4misl\u00e4pimitta [mm]: 60; Korkeus (mm): 41; Reikien m\u00e4\u00e4r\u00e4: 6; Kierremitta: 14,6; Reik\u00e4ympyr\u00e4-\u00d8 [mm]: 100; Korvaava tuote\/korvaava tiedote 2: Ruuveilla; V\u00e4ri: Musta; Pinta: Lakattu; Tarkistuskilpi: E1 90R 02 C0190\/0541; Asennuspuoli: Vorderachse; DAEWOO: NEXIA KLETN; OPEL: CORSA B 73_, 78_, 79_,ASTRA F CC 53_, 54_, 58_, 59_,ASTRA F Caravan 51_, 52_,VECTRA A 86_, 87_,CORSA CLASSIC Stufenheck,ASTRA F 56_, 57_,KADETT E CC 33_, 34_, 43_, 44_,CORSA A CC 93_, 94_, 98_, 99_,KADETT C Coupe,VECTRA A CC 88_, 89_,KADETT C,OPEL,COMBO 71_,KADETT E Cabriolet 43B_,ASCONA C 81_, 86_, 87_, 88_,ASTRA F CLASSIC CC,CORSA A TR 91_, 92_, 96_, 97_,KADETT D 31_-34_, 41_-44_,ASTRA F CLASSIC Stufenheck,ASTRA F CLASSIC Caravan,KADETT E 39_, 49_,CORSA B Kasten 73_,ASCONA C CC 84_, 89_,KADETT E Caravan 35_, 36_, 45_, 46_,KADETT C City,ASTRA F Van 55_,KADETT D 32_,37_,39, _42,KADETT C Caravan,KADETT D Caravan 35_, 36_, 45_, 46_,CORSA A Kasten,KADETT E Kasten 37_, 47_,KADETT E Combo 38_, 48_; VAUXHALL: ASTRA Mk IV G CC,ASTRA Mk III F CC,CORSA Mk I B,ASTRA Mk IV G Sedan,ASTRA Mk II CC,CAVALIER Mk III 87,ASTRA Mk III F Estate,CAVALIER Mk III CC,ASTRAVAN Mk III F,NOVA,ASTRA Mk IV G Estate,CAVALIER Mk II CC,NOVA CC; 569030, 90008005, 569030, 90008005, 90111242, 569030, 90008005, 90111242, 569030, 90008005, 90111242; Jarrulevy<\/p>\n","protected":false},"excerpt":{"rendered":"<p>TRW Jarrulevyt DF1608 Jarrulevy DAEWOO,OPEL,VAUXHALL,NEXIA KLETN,CORSA B 73_, 78_, 79_,ASTRA F CC 53_, 54_, 58_, 59_,ASTRA F Caravan 51_, 52_<\/p>\n","protected":false},"featured_media":0,"template":"","meta":{"site-sidebar-layout":"default","site-content-layout":"default","ast-global-header-display":"","ast-main-header-display":"","ast-hfb-above-header-display":"","ast-hfb-below-header-display":"","ast-hfb-mobile-header-display":"","site-post-title":"","ast-breadcrumbs-content":"","ast-featured-img":"","footer-sml-layout":"","theme-transparent-header-meta":"","adv-header-id-meta":"","stick-header-meta":"","header-above-stick-meta":"","header-main-stick-meta":"","header-below-stick-meta":""},"pwb-brand":[332],"product_cat":[66],"product_tag":[],"class_list":{"0":"post-29746","1":"product","2":"type-product","3":"status-publish","5":"pwb-brand-trw","6":"product_cat-jarrulevyt","7":"desktop-align-left","8":"tablet-align-left","9":"mobile-align-left","11":"first","12":"instock","13":"product-type-external"},"brands":[{"id":332,"name":"TRW","slug":"trw"}],"_links":{"self":[{"href":"https:\/\/www.autonvaraosahaku.fi\/index.php?rest_route=\/wp\/v2\/product\/29746","targetHints":{"allow":["GET"]}}],"collection":[{"href":"https:\/\/www.autonvaraosahaku.fi\/index.php?rest_route=\/wp\/v2\/product"}],"about":[{"href":"https:\/\/www.autonvaraosahaku.fi\/index.php?rest_route=\/wp\/v2\/types\/product"}],"wp:attachment":[{"href":"https:\/\/www.autonvaraosahaku.fi\/index.php?rest_route=%2Fwp%2Fv2%2Fmedia&parent=29746"}],"wp:term":[{"taxonomy":"pwb-brand","embeddable":true,"href":"https:\/\/www.autonvaraosahaku.fi\/index.php?rest_route=%2Fwp%2Fv2%2Fpwb-brand&post=29746"},{"taxonomy":"product_cat","embeddable":true,"href":"https:\/\/www.autonvaraosahaku.fi\/index.php?rest_route=%2Fwp%2Fv2%2Fproduct_cat&post=29746"},{"taxonomy":"product_tag","embeddable":true,"href":"https:\/\/www.autonvaraosahaku.fi\/index.php?rest_route=%2Fwp%2Fv2%2Fproduct_tag&post=29746"}],"curies":[{"name":"wp","href":"https:\/\/api.w.org\/{rel}","templated":true}]}}