{"id":29750,"date":"2021-02-21T16:03:25","date_gmt":"2021-02-21T16:03:25","guid":{"rendered":"https:\/\/www.autonvaraosahaku.fi\/?product=pierburg-7-03003-01-0-turboahdin"},"modified":"2021-02-21T16:03:27","modified_gmt":"2021-02-21T16:03:27","slug":"pierburg-7-03003-01-0-turboahdin","status":"publish","type":"product","link":"https:\/\/www.autonvaraosahaku.fi\/?product=pierburg-7-03003-01-0-turboahdin","title":{"rendered":"PIERBURG 7.03003.01.0 Turboahdin"},"content":{"rendered":"<p>Venttiilimalli: Magneettiventtiili; K\u00e4ytt\u00f6: S\u00e4hk\u00f6-pneumaattinen; J\u00e4nnite (V): 12; TECDOC-moottorinumero: 24568; LANCIA: YPSILON 843,DELTA III 844,MUSA 350,YPSILON 312, 846; FIAT: GRANDE PUNTO 199,PANDA 169,DUCATO Kasten 250,500 312,BRAVO II 198,DUCATO Pritsche\/Fahrgestell 250,FREEMONT JF_,PUNTO EVO 199,DUCATO Bus 250,500 C 312,DOBLO Kasten\/Kombi 263,PUNTO 199,PANDA 312,QUBO 225,500L,DOBLO Gro\u00dfraumlimousine 152, 263,FIORINO Kasten\/Kombi 225,LINEA 323,DOBLO Pritsche\/Fahrgestell 263,STRADA Pick-up 578_,500X,TIPO Schr\u00e4gheck 356_,PANDA VAN 312,TIPO Kombi 356_,TIPO Stufenheck 356_; CITRO\u00cbN: NEMO Kasten AA_,NEMO Kombi; ALFA ROMEO: 159 Sportwagon 939,GIULIETTA 940,MITO 955,159 939,BRERA,SPIDER 939,GIULIA 952_,STELVIO 949_; PEUGEOT: BIPPER AA_,BIPPER Tepee; DODGE: JOURNEY; 51884840, 55228986, 55256638, 00K04627212AB, 04627212AB, 51884840, 51884840, 55228986, 55256638, K04627212AB, 51884840, 55228986, 55256638; Paineenmuuntaja, Turboahdin<\/p>\n","protected":false},"excerpt":{"rendered":"<p>PIERBURG Painemuunnin 7.03003.01.0 Paineenmuuntaja, Turboahdin LANCIA,FIAT,CITRO\u00cbN,YPSILON 843,DELTA III 844,MUSA 350,YPSILON 312, 846<\/p>\n","protected":false},"featured_media":0,"template":"","meta":{"site-sidebar-layout":"default","site-content-layout":"default","ast-global-header-display":"","ast-main-header-display":"","ast-hfb-above-header-display":"","ast-hfb-below-header-display":"","ast-hfb-mobile-header-display":"","site-post-title":"","ast-breadcrumbs-content":"","ast-featured-img":"","footer-sml-layout":"","theme-transparent-header-meta":"","adv-header-id-meta":"","stick-header-meta":"","header-above-stick-meta":"","header-main-stick-meta":"","header-below-stick-meta":""},"pwb-brand":[380],"product_cat":[250],"product_tag":[],"class_list":{"0":"post-29750","1":"product","2":"type-product","3":"status-publish","5":"pwb-brand-pierburg","6":"product_cat-turboahdin","7":"desktop-align-left","8":"tablet-align-left","9":"mobile-align-left","11":"first","12":"instock","13":"product-type-external"},"brands":[{"id":380,"name":"PIERBURG","slug":"pierburg"}],"_links":{"self":[{"href":"https:\/\/www.autonvaraosahaku.fi\/index.php?rest_route=\/wp\/v2\/product\/29750","targetHints":{"allow":["GET"]}}],"collection":[{"href":"https:\/\/www.autonvaraosahaku.fi\/index.php?rest_route=\/wp\/v2\/product"}],"about":[{"href":"https:\/\/www.autonvaraosahaku.fi\/index.php?rest_route=\/wp\/v2\/types\/product"}],"wp:attachment":[{"href":"https:\/\/www.autonvaraosahaku.fi\/index.php?rest_route=%2Fwp%2Fv2%2Fmedia&parent=29750"}],"wp:term":[{"taxonomy":"pwb-brand","embeddable":true,"href":"https:\/\/www.autonvaraosahaku.fi\/index.php?rest_route=%2Fwp%2Fv2%2Fpwb-brand&post=29750"},{"taxonomy":"product_cat","embeddable":true,"href":"https:\/\/www.autonvaraosahaku.fi\/index.php?rest_route=%2Fwp%2Fv2%2Fproduct_cat&post=29750"},{"taxonomy":"product_tag","embeddable":true,"href":"https:\/\/www.autonvaraosahaku.fi\/index.php?rest_route=%2Fwp%2Fv2%2Fproduct_tag&post=29750"}],"curies":[{"name":"wp","href":"https:\/\/api.w.org\/{rel}","templated":true}]}}