{"id":29765,"date":"2021-02-21T16:03:30","date_gmt":"2021-02-21T16:03:30","guid":{"rendered":"https:\/\/www.autonvaraosahaku.fi\/?product=trw-df6128bs-jarrulevyt"},"modified":"2021-02-21T16:03:31","modified_gmt":"2021-02-21T16:03:31","slug":"trw-df6128bs-jarrulevyt","status":"publish","type":"product","link":"https:\/\/www.autonvaraosahaku.fi\/?product=trw-df6128bs-jarrulevyt","title":{"rendered":"TRW DF6128BS Jarrulevyt"},"content":{"rendered":"<p>Jarrulevytyyppi: Vakiomalli; Ulkol\u00e4pimitta [mm]: 268; Reikien m\u00e4\u00e4r\u00e4: 4; Korkeus (mm): 74; keskitt\u00e4misl\u00e4pimitta [mm]: 65; Jarrulevyn paksuus (mm): 12; V\u00e4himm\u00e4ispaksuus (mm): 10; Reik\u00e4ympyr\u00e4-\u00d8 [mm]: 108; Kierremitta: M12 x 1,25; Akselitapin l\u00e4pimitta [mm]: 30; Korvaava tuote\/korvaava tiedote 2: ABS-sensorirenkaalla, Py\u00f6r\u00e4nlaakerilla; Asennuspuoli: Hinterachse; CITRO\u00cbN: BERLINGO B9,C4 Picasso I UD_,C4 Grand Picasso I UA_,C4 II B7,BERLINGO Kasten B9,DS4,DS5,BERLINGO Pritsche\/Fahrgestell B9; PEUGEOT: 308 SW,308 4A_, 4C_,5008,3008,PARTNER Tepee,PARTNER Kasten,PARTNER Pritsche\/Fahrgestell; DS: DS5,DS 4 \/ DS 4 CROSSBACK; 424945, 424946, 424945, 424946, 424945, 424946; Jarrulevy<\/p>\n","protected":false},"excerpt":{"rendered":"<p>TRW Jarrulevyt DF6128BS Jarrulevy CITRO\u00cbN,PEUGEOT,DS,BERLINGO B9,C4 Picasso I UD_,C4 Grand Picasso I UA_,C4 II B7,BERLINGO Kasten B9,DS4,DS5<\/p>\n","protected":false},"featured_media":0,"template":"","meta":{"site-sidebar-layout":"default","site-content-layout":"default","ast-global-header-display":"","ast-main-header-display":"","ast-hfb-above-header-display":"","ast-hfb-below-header-display":"","ast-hfb-mobile-header-display":"","site-post-title":"","ast-breadcrumbs-content":"","ast-featured-img":"","footer-sml-layout":"","theme-transparent-header-meta":"","adv-header-id-meta":"","stick-header-meta":"","header-above-stick-meta":"","header-main-stick-meta":"","header-below-stick-meta":""},"pwb-brand":[332],"product_cat":[66],"product_tag":[],"class_list":{"0":"post-29765","1":"product","2":"type-product","3":"status-publish","5":"pwb-brand-trw","6":"product_cat-jarrulevyt","7":"desktop-align-left","8":"tablet-align-left","9":"mobile-align-left","11":"first","12":"instock","13":"product-type-external"},"brands":[{"id":332,"name":"TRW","slug":"trw"}],"_links":{"self":[{"href":"https:\/\/www.autonvaraosahaku.fi\/index.php?rest_route=\/wp\/v2\/product\/29765","targetHints":{"allow":["GET"]}}],"collection":[{"href":"https:\/\/www.autonvaraosahaku.fi\/index.php?rest_route=\/wp\/v2\/product"}],"about":[{"href":"https:\/\/www.autonvaraosahaku.fi\/index.php?rest_route=\/wp\/v2\/types\/product"}],"wp:attachment":[{"href":"https:\/\/www.autonvaraosahaku.fi\/index.php?rest_route=%2Fwp%2Fv2%2Fmedia&parent=29765"}],"wp:term":[{"taxonomy":"pwb-brand","embeddable":true,"href":"https:\/\/www.autonvaraosahaku.fi\/index.php?rest_route=%2Fwp%2Fv2%2Fpwb-brand&post=29765"},{"taxonomy":"product_cat","embeddable":true,"href":"https:\/\/www.autonvaraosahaku.fi\/index.php?rest_route=%2Fwp%2Fv2%2Fproduct_cat&post=29765"},{"taxonomy":"product_tag","embeddable":true,"href":"https:\/\/www.autonvaraosahaku.fi\/index.php?rest_route=%2Fwp%2Fv2%2Fproduct_tag&post=29765"}],"curies":[{"name":"wp","href":"https:\/\/api.w.org\/{rel}","templated":true}]}}